{"id":105,"date":"2022-10-26T09:20:11","date_gmt":"2022-10-26T07:20:11","guid":{"rendered":"https:\/\/www.familea.ch\/?page_id=105"},"modified":"2024-05-28T12:07:15","modified_gmt":"2024-05-28T10:07:15","slug":"imprint","status":"publish","type":"page","link":"https:\/\/www.familea.ch\/en\/impressum\/","title":{"rendered":"Imprint"},"content":{"rendered":"<nav  aria-label=\"breadcrumb\"><ol class=\"breadcrumb\"><li class=\"breadcrumb-item active\" aria-current=\"page\"><span><i class=\"fa-regular fa-house\"><\/i><\/span><\/li><\/ol><\/nav>\n\t\t\t<h2>familea<\/h2>\t\t\t\n\t\t\t\t<p>familea<br \/>Freie Strasse 35\u00a0<br \/>CH-4001 Basel <a href=\"http:\/\/www.crome.ch\"><br \/><\/a><\/p>\n\t\t\t<h2>Realization<\/h2>\t\t\t\n\t\t\t\tflink think GmbH, Web Design &amp; Online Marketing<br \/>\nThis website was created by <a href=\"https:\/\/www.flinkthink.ch\/\" target=\"_blank\" rel=\"noopener\">flinkthink.ch<\/a> realized. The agency for WordPress projects and online marketing. <a href=\"https:\/\/www.flinkthink.ch\/webdesign-basel\/\" target=\"_blank\" rel=\"noopener\">Web design &amp; online marketing<\/a> with <a href=\"https:\/\/www.flinkthink.ch\/webdesign-basel\/\" target=\"_blank\" rel=\"noopener\">WordPress from Basel<\/a>.\n\t\t\t<h2>Copyright<\/h2>\t\t\t\n\t\t\t\t<p>The copyright for all contents of this website is owned by familea.<\/p>\n\t\t\t<h2>Disclaimer<\/h2>\t\t\t\n\t\t\t\t<p>All texts and links have been carefully checked and are continuously updated. We endeavor to provide accurate and complete information on this website, but make no representations, warranties or guarantees that the information provided through this website, including any database entries, is accurate, complete or current. We reserve the right to change the information on this website at any time without notice and make no commitment to update the information contained herein. All links to external providers were checked for accuracy at the time of their inclusion. Nevertheless, we are not liable for the content and availability of websites that can be reached via hyperlinks. For illegal, incorrect or incomplete content and in particular for damages resulting from the unchecked use of content of linked sites, the provider of the linked site is solely liable. It is irrelevant whether the damage is of a direct, indirect or financial nature or any other damage that could result from loss of data, loss of use or other reasons of any kind.<\/p>","protected":false},"excerpt":{"rendered":"<p>familea famileaFreie Strasse 35\u00a0CH-4001 Basel Realisation flink think GmbH, Webdesign &amp; Online Marketing Diese Website wurde durch flinkthink.ch realisiert. Die Agentur f\u00fcr WordPress-Projekte und Online Marketing. Webdesign &amp; Online Marketing mit WordPress aus Basel. Copyright Das Copyright f\u00fcr s\u00e4mtliche Inhalte dieser Website liegt bei familea. Disclaimer Alle Texte und Links wurden sorgf\u00e4ltig gepr\u00fcft und werden [&hellip;]<\/p>\n","protected":false},"author":1,"featured_media":0,"parent":0,"menu_order":0,"comment_status":"closed","ping_status":"closed","template":"","meta":{"_acf_changed":false,"_seopress_robots_primary_cat":"","_seopress_titles_title":"","_seopress_titles_desc":"","_seopress_robots_index":"","site-sidebar-layout":"default","site-content-layout":"","ast-site-content-layout":"default","site-content-style":"default","site-sidebar-style":"default","ast-global-header-display":"","ast-banner-title-visibility":"","ast-main-header-display":"","ast-hfb-above-header-display":"","ast-hfb-below-header-display":"","ast-hfb-mobile-header-display":"","site-post-title":"","ast-breadcrumbs-content":"","ast-featured-img":"","footer-sml-layout":"","ast-disable-related-posts":"","theme-transparent-header-meta":"","adv-header-id-meta":"","stick-header-meta":"","header-above-stick-meta":"","header-main-stick-meta":"","header-below-stick-meta":"","astra-migrate-meta-layouts":"default","ast-page-background-enabled":"default","ast-page-background-meta":{"desktop":{"background-color":"var(--ast-global-color-4)","background-image":"","background-repeat":"repeat","background-position":"center center","background-size":"auto","background-attachment":"scroll","background-type":"","background-media":"","overlay-type":"","overlay-color":"","overlay-opacity":"","overlay-gradient":""},"tablet":{"background-color":"","background-image":"","background-repeat":"repeat","background-position":"center center","background-size":"auto","background-attachment":"scroll","background-type":"","background-media":"","overlay-type":"","overlay-color":"","overlay-opacity":"","overlay-gradient":""},"mobile":{"background-color":"","background-image":"","background-repeat":"repeat","background-position":"center center","background-size":"auto","background-attachment":"scroll","background-type":"","background-media":"","overlay-type":"","overlay-color":"","overlay-opacity":"","overlay-gradient":""}},"ast-content-background-meta":{"desktop":{"background-color":"var(--ast-global-color-5)","background-image":"","background-repeat":"repeat","background-position":"center center","background-size":"auto","background-attachment":"scroll","background-type":"","background-media":"","overlay-type":"","overlay-color":"","overlay-opacity":"","overlay-gradient":""},"tablet":{"background-color":"var(--ast-global-color-5)","background-image":"","background-repeat":"repeat","background-position":"center center","background-size":"auto","background-attachment":"scroll","background-type":"","background-media":"","overlay-type":"","overlay-color":"","overlay-opacity":"","overlay-gradient":""},"mobile":{"background-color":"var(--ast-global-color-5)","background-image":"","background-repeat":"repeat","background-position":"center center","background-size":"auto","background-attachment":"scroll","background-type":"","background-media":"","overlay-type":"","overlay-color":"","overlay-opacity":"","overlay-gradient":""}},"iawp_total_views":1550,"footnotes":""},"class_list":["post-105","page","type-page","status-publish"],"acf":[],"_links":{"self":[{"href":"https:\/\/www.familea.ch\/en\/wp-json\/wp\/v2\/pages\/105","targetHints":{"allow":["GET"]}}],"collection":[{"href":"https:\/\/www.familea.ch\/en\/wp-json\/wp\/v2\/pages"}],"about":[{"href":"https:\/\/www.familea.ch\/en\/wp-json\/wp\/v2\/types\/page"}],"author":[{"embeddable":true,"href":"https:\/\/www.familea.ch\/en\/wp-json\/wp\/v2\/users\/1"}],"replies":[{"embeddable":true,"href":"https:\/\/www.familea.ch\/en\/wp-json\/wp\/v2\/comments?post=105"}],"version-history":[{"count":4,"href":"https:\/\/www.familea.ch\/en\/wp-json\/wp\/v2\/pages\/105\/revisions"}],"predecessor-version":[{"id":5790,"href":"https:\/\/www.familea.ch\/en\/wp-json\/wp\/v2\/pages\/105\/revisions\/5790"}],"wp:attachment":[{"href":"https:\/\/www.familea.ch\/en\/wp-json\/wp\/v2\/media?parent=105"}],"curies":[{"name":"wp","href":"https:\/\/api.w.org\/{rel}","templated":true}]}}