{"id":2066,"date":"2022-12-08T17:21:14","date_gmt":"2022-12-08T16:21:14","guid":{"rendered":"https:\/\/www.familea.ch\/?page_id=2066"},"modified":"2025-01-17T12:45:50","modified_gmt":"2025-01-17T11:45:50","slug":"foster-children","status":"publish","type":"page","link":"https:\/\/www.familea.ch\/en\/pflegefamilien\/pflegekinder\/","title":{"rendered":"For foster children"},"content":{"rendered":"<h1>\n\t\tWe take your concerns seriously!\n\t<\/h1>\n\t<p>You live in a foster family and cannot grow up in your family for a short or longer period of time. This can be mostly good for you as a foster child, but also difficult at times.<\/p>\n\t\t\t<a href=\"#kontakt\" title=\"Click Here\" target=\"_self\"   role=\"button\" aria-label=\"Contact\">\n\t\t\t\t\t\t\tContact\n\t\t<\/a>\n\t\t\t<a href=\"#links\" title=\"Click Here\" target=\"_self\"   role=\"button\" aria-label=\"Useful links\">\n\t\t\t\t\t\t\tUseful links\n\t\t<\/a>\n\t\t\t<a href=\"#aktuelles\" title=\"Click Here\" target=\"_self\"   role=\"button\" aria-label=\"News\">\n\t\t\t\t\t\t\tNews\n\t\t<\/a>\n\t<nav  aria-label=\"breadcrumb\"><ol class=\"breadcrumb\"><li class=\"breadcrumb-item active\" aria-current=\"page\"><span><i class=\"fa-regular fa-house\"><\/i><\/span><\/li><\/ol><\/nav>\n<h2>\n\t\tGet in touch with us!\n\t<\/h2>\n<h2>\n\t\tCo-Management ZPK\n\t<\/h2>\n\t<p>It is very important to us at the Center for Foster Children that you are doing well in your foster family. In every family there can sometimes be differences of opinion or arguments.<\/p>\n<p>This is not a bad thing and also happens in families without foster children. However, if you have the impression that your concerns are not being taken seriously, you don't feel comfortable in the foster family or you find situations \"strange\", then get in touch with us.<\/p>\n<p>We are available by telephone from Monday to Friday from 08:30 to 12:30 and from 13:30 to 17:00.<\/p>\n<p>You can also contact us by e-mail at any time. Of course we will treat your request confidentially!<\/p>\n\n\t\t\t\t<img decoding=\"async\" src=\"https:\/\/www.familea.ch\/wp-content\/uploads\/2023\/05\/tania-l-scaled.jpg\" alt=\"tania l\" title=\"Tania L\" itemprop=\"image\"\/>\n\t\t<h4>Tania Lopez\u00a0<\/h4>\t\t\t\n\t\t\t\t<p>Central <a href=\"tel:0041612608380\">+41 61 260 83 80<\/a><br \/><a href=\"mailto:zpk@familea.ch\">zpk@familea.ch<\/a><\/p>\n\t<h5>Contact:<\/h5>\n<h5>Phone +41 61 260 83 80<\/h5>\n<h5><a href=\"mailto:zentrumpflegekinder@familea.ch\">zpk@familea.ch<\/a><\/h5>\n\t\t\t\t<img decoding=\"async\" src=\"https:\/\/www.familea.ch\/wp-content\/uploads\/2023\/05\/tatjana-l-scaled-e1685430132235.jpg\" alt=\"tatjana l\" title=\"Tatjana L\" itemprop=\"image\"\/>\n\t\t<h4>Tatjana L\u00fcbcke\u00a0<\/h4>\t\t\t\n\t\t\t\t<p>Central <a href=\"tel:0041612608380\">+41 61 260 83 80<\/a><br \/><a title=\"\" href=\"mailto:zpk@familea.ch\">zpk@familea.ch<\/a><\/p>\n<h2>\n\t\tUseful links\n\t<\/h2>\n\t\t\t<a href=\"https:\/\/www.unicef.de\/informieren\/ueber-uns\/fuer-kinderrechte\/un-kinderrechtskonvention#pdf\" title=\"Click Here\" target=\"_blank\" rel=\"noopener\"  role=\"button\" aria-label=\"UN children&#039;s rights chart in easy to understand language\">\n\t\t\t\t\t\t\tUN children's rights chart in easy to understand language\n\t\t<\/a>\n\t\t\t<a href=\"https:\/\/www.quality4children.net\/\" title=\"Click Here\" target=\"_blank\" rel=\"noopener\"  role=\"button\" aria-label=\"Your rights\">\n\t\t\t\t\t\t\tYour rights\n\t\t<\/a>\n\t\t\t<h3>News<\/h3>\t\t\t\n\t\t\t\t<p>From the area of foster families<\/p>\n\t\t\t\t\t\t\t\t\t\t\t\t\t\t<a href=\"https:\/\/www.familea.ch\/en\/familea-supports-16-days-against-violence-against-women\/\" target=\"_self\" title=\"familea supports &quot;16 days against violence against women\"\">\n\t\t\t\t<img decoding=\"async\" src=\"https:\/\/www.familea.ch\/wp-content\/uploads\/2024\/11\/thumb-fuer-famnet-und-news-xl-1024x576.jpg\" alt=\"thumb for famnet and news xl\" \/>\n\t\t\t\t<\/a>\n\t\t\t\t\t\t<h4>\n\t\t\t\t<a href=\"https:\/\/www.familea.ch\/en\/familea-supports-16-days-against-violence-against-women\/\" title=\"familea supports &quot;16 days against violence against women\"\" tabindex=\"0\">familea supports \"16 days against violence against women\"<\/a>\t\t\t<\/h4>\n\t\t\t\t\t\t\t\tFrom November 25 to December 10, familea is supporting the annual \"16 days against violence against women\" campaign. We are using a special e-mail signature to draw attention to the important issue of raising awareness of gender-based violence. \n\t\t\t<a href=\"https:\/\/www.familea.ch\/en\/familea-supports-16-days-against-violence-against-women\/\" title=\"Click Here\" target=\"_self\"   role=\"button\" aria-label=\"Read more\">\n\t\t\t\t\t\t\tRead more\n\t\t<\/a>\n\t\t\t\t\t\t\t\t\t\t\t\t\t\t<a href=\"https:\/\/www.familea.ch\/en\/familea-takes-over-former-familycare-daycare-centers-from-november-1-2024-and-strengthens-commitment-to-family-friendliness-in-basel\/\" target=\"_self\" title=\"New daycare centers and expanded family services from November 1, 2024\">\n\t\t\t\t<img decoding=\"async\" src=\"https:\/\/www.familea.ch\/wp-content\/uploads\/2024\/11\/people-2569234_1280-1024x699.jpg\" alt=\"familea welcome\" \/>\n\t\t\t\t<\/a>\n\t\t\t\t\t\t<h4>\n\t\t\t\t<a href=\"https:\/\/www.familea.ch\/en\/familea-takes-over-former-familycare-daycare-centers-from-november-1-2024-and-strengthens-commitment-to-family-friendliness-in-basel\/\" title=\"New daycare centers and expanded family services from November 1, 2024\" tabindex=\"0\">New daycare centers and expanded family services from November 1, 2024<\/a>\t\t\t<\/h4>\nFrom November 1, 2024, we warmly welcome the former Familycare daycare centers to familea. Together, we are strengthening childcare and supporting families in Basel.\n\t\t\t<a href=\"https:\/\/www.familea.ch\/en\/familea-takes-over-former-familycare-daycare-centers-from-november-1-2024-and-strengthens-commitment-to-family-friendliness-in-basel\/\" title=\"Click Here\" target=\"_self\"   role=\"button\" aria-label=\"Read more\">\n\t\t\t\t\t\t\tRead more\n\t\t<\/a>\n\t\t\t\t\t\t\t\t\t\t\t\t\t\t<a href=\"https:\/\/www.familea.ch\/en\/familea-promotes-dialog-in-the-foster-care-system-specialist-evening-with-prof-dr-klaus-wolf\/\" target=\"_self\" title=\"familea promotes dialog in the foster care system: Specialist evening with Prof. Dr. Klaus Wolf\">\n\t\t\t\t<img decoding=\"async\" src=\"https:\/\/www.familea.ch\/wp-content\/uploads\/2024\/10\/fachveranstaltung-zentrumpflegekinder-familea-24-10-2024-3-e1732179103386-1024x577.jpg\" alt=\"specialist event center care children familea 24 10 2024 (3)\" \/>\n\t\t\t\t<\/a>\n\t\t\t\t\t\t<h4>\n\t\t\t\t<a href=\"https:\/\/www.familea.ch\/en\/familea-promotes-dialog-in-the-foster-care-system-specialist-evening-with-prof-dr-klaus-wolf\/\" title=\"familea promotes dialog in the foster care system: Specialist evening with Prof. Dr. Klaus Wolf\" tabindex=\"0\">familea promotes dialog in the foster care system: Specialist evening with Prof. Dr. Klaus Wolf<\/a>\t\t\t<\/h4>\n\t\t\t\t\t\t\t\tOn October 24, 2024, the familea Center for Foster Children hosted an evening of exchange and dialogue on all aspects of foster care. With an inspiring contribution from Prof. Dr. Klaus Wolf and a lively panel discussion, the focus was on the needs of foster children and the balance between families of origin and foster families.\n\t\t\t<a href=\"https:\/\/www.familea.ch\/en\/familea-promotes-dialog-in-the-foster-care-system-specialist-evening-with-prof-dr-klaus-wolf\/\" title=\"Click Here\" target=\"_self\"   role=\"button\" aria-label=\"Read more\">\n\t\t\t\t\t\t\tRead more\n\t\t<\/a>","protected":false},"excerpt":{"rendered":"<p>Wir nehmen dein Anliegen ernst! Du wohnst in einer Pflegefamilie und kannst f\u00fcr eine kurze oder l\u00e4ngere Zeit nicht in Deiner Familie aufwachsen. Das kann f\u00fcr Dich als Pflegekind mehrheitlich gut, zeitweise aber auch schwierig sein. Kontakt N\u00fctzliche Links Aktuelles Melde dich bei uns! Co-Leitung ZPK Uns vom Zentrum Pflegekinder ist es ganz wichtig, dass [&hellip;]<\/p>\n","protected":false},"author":6,"featured_media":0,"parent":91,"menu_order":0,"comment_status":"closed","ping_status":"closed","template":"","meta":{"_acf_changed":false,"_seopress_robots_primary_cat":"","_seopress_titles_title":"","_seopress_titles_desc":"","_seopress_robots_index":"","site-sidebar-layout":"default","site-content-layout":"","ast-site-content-layout":"default","site-content-style":"default","site-sidebar-style":"default","ast-global-header-display":"","ast-banner-title-visibility":"","ast-main-header-display":"","ast-hfb-above-header-display":"","ast-hfb-below-header-display":"","ast-hfb-mobile-header-display":"","site-post-title":"","ast-breadcrumbs-content":"","ast-featured-img":"","footer-sml-layout":"","ast-disable-related-posts":"","theme-transparent-header-meta":"","adv-header-id-meta":"","stick-header-meta":"","header-above-stick-meta":"","header-main-stick-meta":"","header-below-stick-meta":"","astra-migrate-meta-layouts":"set","ast-page-background-enabled":"default","ast-page-background-meta":{"desktop":{"background-color":"var(--ast-global-color-4)","background-image":"","background-repeat":"repeat","background-position":"center center","background-size":"auto","background-attachment":"scroll","background-type":"","background-media":"","overlay-type":"","overlay-color":"","overlay-opacity":"","overlay-gradient":""},"tablet":{"background-color":"","background-image":"","background-repeat":"repeat","background-position":"center center","background-size":"auto","background-attachment":"scroll","background-type":"","background-media":"","overlay-type":"","overlay-color":"","overlay-opacity":"","overlay-gradient":""},"mobile":{"background-color":"","background-image":"","background-repeat":"repeat","background-position":"center center","background-size":"auto","background-attachment":"scroll","background-type":"","background-media":"","overlay-type":"","overlay-color":"","overlay-opacity":"","overlay-gradient":""}},"ast-content-background-meta":{"desktop":{"background-color":"var(--ast-global-color-5)","background-image":"","background-repeat":"repeat","background-position":"center center","background-size":"auto","background-attachment":"scroll","background-type":"","background-media":"","overlay-type":"","overlay-color":"","overlay-opacity":"","overlay-gradient":""},"tablet":{"background-color":"var(--ast-global-color-5)","background-image":"","background-repeat":"repeat","background-position":"center center","background-size":"auto","background-attachment":"scroll","background-type":"","background-media":"","overlay-type":"","overlay-color":"","overlay-opacity":"","overlay-gradient":""},"mobile":{"background-color":"var(--ast-global-color-5)","background-image":"","background-repeat":"repeat","background-position":"center center","background-size":"auto","background-attachment":"scroll","background-type":"","background-media":"","overlay-type":"","overlay-color":"","overlay-opacity":"","overlay-gradient":""}},"iawp_total_views":955,"footnotes":""},"class_list":["post-2066","page","type-page","status-publish"],"acf":[],"_links":{"self":[{"href":"https:\/\/www.familea.ch\/en\/wp-json\/wp\/v2\/pages\/2066","targetHints":{"allow":["GET"]}}],"collection":[{"href":"https:\/\/www.familea.ch\/en\/wp-json\/wp\/v2\/pages"}],"about":[{"href":"https:\/\/www.familea.ch\/en\/wp-json\/wp\/v2\/types\/page"}],"author":[{"embeddable":true,"href":"https:\/\/www.familea.ch\/en\/wp-json\/wp\/v2\/users\/6"}],"replies":[{"embeddable":true,"href":"https:\/\/www.familea.ch\/en\/wp-json\/wp\/v2\/comments?post=2066"}],"version-history":[{"count":43,"href":"https:\/\/www.familea.ch\/en\/wp-json\/wp\/v2\/pages\/2066\/revisions"}],"predecessor-version":[{"id":7114,"href":"https:\/\/www.familea.ch\/en\/wp-json\/wp\/v2\/pages\/2066\/revisions\/7114"}],"up":[{"embeddable":true,"href":"https:\/\/www.familea.ch\/en\/wp-json\/wp\/v2\/pages\/91"}],"wp:attachment":[{"href":"https:\/\/www.familea.ch\/en\/wp-json\/wp\/v2\/media?parent=2066"}],"curies":[{"name":"wp","href":"https:\/\/api.w.org\/{rel}","templated":true}]}}