{"id":223,"date":"2022-10-31T09:12:12","date_gmt":"2022-10-31T08:12:12","guid":{"rendered":"https:\/\/www.familea.ch\/?page_id=223"},"modified":"2026-04-13T13:11:41","modified_gmt":"2026-04-13T11:11:41","slug":"familea","status":"publish","type":"page","link":"https:\/\/www.familea.ch\/en\/","title":{"rendered":"familea"},"content":{"rendered":"<h1>\n\t\t<a href=\"https:\/\/www.jubilaeum-familea.ch\/\" title=\"125 years of familea - a pioneer by tradition\"  target=\"_blank\"  rel=\"noopener\">\n\t\t\t125 years of familea - a pioneer by tradition\t\t<\/a>\n\t<\/h1>\n\t<p>familea has been supporting children, women and families in Basel for 125 years - with heart, commitment and a pioneering spirit.<\/p>\n<p><br data-start=\"111\" data-end=\"114\" \/>Celebrate with us on June 6, 2026 on M\u00fcnsterplatz and discover our <a href=\"https:\/\/www.jubilaeum-familea.ch\/\">Anniversary year<\/a> full of encounters and stories.<\/p>\n\t<nav  aria-label=\"breadcrumb\"><ol class=\"breadcrumb\"><li class=\"breadcrumb-item active\" aria-current=\"page\"><span><i class=\"fa-regular fa-house\"><\/i><\/span><\/li><\/ol><\/nav>\n\t\t\t\t<img decoding=\"async\" src=\"https:\/\/www.familea.ch\/wp-content\/uploads\/2022\/11\/115a9148_familea_stimmungsbilder-690x350.jpg\" alt=\"115a9148 familea mood pictures\" title=\"115A9148_familea_atmosphere_images\" itemprop=\"image\"\/>\n\t\t<h3>Day care centers<\/h3>\t\t\t\n\t\t\t\t<p>With over 40 daycare centers with around 1700 childcare places in the Basel-Stadt, Basel-Landschaft and Aargau regions, we offer a high-quality childcare service where your child feels comfortable, builds lasting relationships and is encouraged in his or her interests and strengths.<\/p>\n\t\t\t<a href=\"https:\/\/www.familea.ch\/en\/kita\/\" title=\"Read more\" target=\"_self\"   role=\"button\" aria-label=\"Read more\">\n\t\t\t\t\t\t\tRead more\n\t\t<\/a>\n\t\t\t\t<img decoding=\"async\" src=\"https:\/\/www.familea.ch\/wp-content\/uploads\/2022\/12\/ing_19029_16164-690x350.jpg\" alt=\"family foster children\" title=\"\" itemprop=\"image\"\/>\n\t\t<h3>Children and youth homes<\/h3>\t\t\t\n\t\t\t\t<p>In the children's home Lindenberg and the decentralized residential groups, familea offers children and adolescents protection, security and support with socio-pedagogical care. In the transit home Im Vogelsang, we offer immediate and round-the-clock support to children in difficult acute situations through crisis intervention and clarification.\u00a0<\/p>\n\t\t\t<a href=\"https:\/\/www.familea.ch\/en\/children-youth-homes\/\" title=\"Read more\" target=\"_self\"   role=\"button\" aria-label=\"Read more\">\n\t\t\t\t\t\t\tRead more\n\t\t<\/a>\n\t\t\t\t<img decoding=\"async\" src=\"https:\/\/www.familea.ch\/wp-content\/uploads\/2022\/12\/pexels-flavio-santos-4626742-690x350.jpg\" alt=\"foster children zpk\" title=\"foster children zpk\" itemprop=\"image\"\/>\n\t\t<h3>Foster families<\/h3>\t\t\t\n\t\t\t\t<p>Thanks to the more than 200 foster families from its own placement pool, familea's Center for Foster Children (ZPK) offers children and adolescents protection, security and a perspective through reliable family relationships when care in the family of origin is not possible for various reasons.<\/p>\n\t\t\t<a href=\"https:\/\/www.familea.ch\/en\/foster-families\/\" title=\"Read more\" target=\"_self\"   role=\"button\" aria-label=\"Read more\">\n\t\t\t\t\t\t\tRead more\n\t\t<\/a>\n\t\t\t\t<img decoding=\"async\" src=\"https:\/\/www.familea.ch\/wp-content\/uploads\/2022\/12\/fb_bild_istock-638953864-690x350.jpg\" alt=\"familea women&#039;s counseling\" title=\"familea women&#039;s counseling\" itemprop=\"image\"\/>\n\t\t<h3>Women's Counseling<\/h3>\t\t\t\n\t\t\t\t<p>The familea Frauenberatung offers social and legal counseling for women in difficult life situations. The counselors pursue a holistic counseling concept, which is aimed at women residing in the canton of Basel-Stadt and support women seeking advice in developing new perspectives.<\/p>\n\t\t\t<a href=\"https:\/\/www.familea.ch\/en\/womens-counseling\/\" title=\"Read more\" target=\"_self\"   role=\"button\" aria-label=\"Read more\">\n\t\t\t\t\t\t\tRead more\n\t\t<\/a>\n\t\t\t<h3>News<\/h3>\t\t\t\n\t\t\t\t\t\t\t\t\t\t\t\t\t\t<a href=\"https:\/\/www.familea.ch\/en\/media-coffee-insights-into-history-development-and-anniversary-program\/\" target=\"_self\" title=\"media coffee insights into history development and anniversary program\">\n\t\t\t\t<img decoding=\"async\" src=\"https:\/\/www.familea.ch\/wp-content\/uploads\/2026\/03\/pressekonferenz-2026-jubilaeum-125-12-2-1024x577.jpg\" alt=\"press conference 2026 anniversary 125 (12) 2\" \/>\n\t\t\t\t<\/a>\n\t\t\t\t\t\t<h4>\n\t\t\t\t<a href=\"https:\/\/www.familea.ch\/en\/media-coffee-insights-into-history-development-and-anniversary-program\/\" title=\"media coffee insights into history development and anniversary program\">media coffee insights into history development and anniversary program<\/a>\t\t\t<\/h4>\n\t\t\t\t\t\t\t\tAt the media coffee break at the familea office, media representatives were given an insight into the history, development and anniversary program for familea's 125th birthday.\n\t\t\t<a href=\"https:\/\/www.familea.ch\/en\/media-coffee-insights-into-history-development-and-anniversary-program\/\" title=\"Read more\" target=\"_self\"   role=\"button\" aria-label=\"Read more\">\n\t\t\t\t\t\t\tRead more\n\t\t<\/a>\n\t\t\t\t\t\t\t\t\t\t\t\t\t\t<a href=\"https:\/\/www.familea.ch\/en\/familea-is-a-new-member-of-alliance-enfance\/\" target=\"_self\" title=\"familea is a new member of Alliance Enfance\">\n\t\t\t\t<img decoding=\"async\" src=\"https:\/\/www.familea.ch\/wp-content\/uploads\/2026\/03\/thum-alliance-enfence-1024x640.jpg\" alt=\"thum alliance enfence\" \/>\n\t\t\t\t<\/a>\n\t\t\t\t\t\t<h4>\n\t\t\t\t<a href=\"https:\/\/www.familea.ch\/en\/familea-is-a-new-member-of-alliance-enfance\/\" title=\"familea is a new member of Alliance Enfance\">familea is a new member of Alliance Enfance<\/a>\t\t\t<\/h4>\n\t\t\t\t\t\t\t\tfamilea is a new member of Alliance Enfance, an association of organizations that work for good conditions for children and families throughout Switzerland.\n\t\t\t<a href=\"https:\/\/www.familea.ch\/en\/familea-is-a-new-member-of-alliance-enfance\/\" title=\"Read more\" target=\"_self\"   role=\"button\" aria-label=\"Read more\">\n\t\t\t\t\t\t\tRead more\n\t\t<\/a>\n\t\t\t\t\t\t\t\t\t\t\t\t\t\t<a href=\"https:\/\/www.familea.ch\/en\/me-time-for-world-womens-day\/\" target=\"_self\" title=\"Me-Time for International Women&#039;s Day\">\n\t\t\t\t<img decoding=\"async\" src=\"https:\/\/www.familea.ch\/wp-content\/uploads\/2026\/02\/yoga-und-brunch-1920-x-1080-px-1024x576.png\" alt=\"yoga and brunch (1920 x 1080 px)\" \/>\n\t\t\t\t<\/a>\n\t\t\t\t\t\t<h4>\n\t\t\t\t<a href=\"https:\/\/www.familea.ch\/en\/me-time-for-world-womens-day\/\" title=\"Me-Time for International Women&#039;s Day\">Me-Time for International Women's Day<\/a>\t\t\t<\/h4>\n\t\t\t\t\t\t\t\tEveryday life is often characterized by responsibility, deadlines and expectations. This makes it all the more important to consciously take some time out - time just for yourself.\n\t\t\t<a href=\"https:\/\/www.familea.ch\/en\/me-time-for-world-womens-day\/\" title=\"Read more\" target=\"_self\"   role=\"button\" aria-label=\"Read more\">\n\t\t\t\t\t\t\tRead more\n\t\t<\/a>\n\t\t\t<a href=\"https:\/\/www.familea.ch\/en\/current\/\" title=\"All contributions\" target=\"_self\"   role=\"button\" aria-label=\"All contributions\">\n\t\t\t\t\t\t\tAll contributions\n\t\t<\/a>","protected":false},"excerpt":{"rendered":"<p>125 Jahre familea &#8211; Pionierin aus Tradition Seit 125 Jahren begleitet familea Kinder, Frauen und Familien in Basel &#8211; mit Herz, Engagement und Pioniergeist. Feiere mit uns am 6. Juni 2026 auf dem M\u00fcnsterplatz und entdecke unser Jubil\u00e4umsjahr voller Begegnungen und Geschichten. Kindertagesst\u00e4tten Mit \u00fcber 40 Kitas mit rund 1700 Betreuungspl\u00e4tzen im Raum Basel-Stadt, Basel-Landschaft [&hellip;]<\/p>\n","protected":false},"author":1,"featured_media":0,"parent":0,"menu_order":0,"comment_status":"closed","ping_status":"closed","template":"","meta":{"_acf_changed":false,"_seopress_robots_primary_cat":"","_seopress_titles_title":"familea %%sep%% F\u00fcr Frauen, Kinder und Familien. Seit 1901.","_seopress_titles_desc":"familea ist der ehemaliger Basler Frauenverein, Mit \u00fcber 40 Kitas, ein Kinderheim mit drei dezentralen Wohngruppen, ein Heim f\u00fcr Krisenintervention und Abkl\u00e4rung, Frauenberatung und Zentrum Pflegekinder Nordwestschweiz leistet familea seit 1901 einen wichtigen Beitrag in der Gesellschaft. Tel.: 061 260 82 00.","_seopress_robots_index":"","site-sidebar-layout":"default","site-content-layout":"","ast-site-content-layout":"default","site-content-style":"default","site-sidebar-style":"default","ast-global-header-display":"","ast-banner-title-visibility":"","ast-main-header-display":"","ast-hfb-above-header-display":"","ast-hfb-below-header-display":"","ast-hfb-mobile-header-display":"","site-post-title":"","ast-breadcrumbs-content":"","ast-featured-img":"","footer-sml-layout":"","ast-disable-related-posts":"","theme-transparent-header-meta":"","adv-header-id-meta":"","stick-header-meta":"","header-above-stick-meta":"","header-main-stick-meta":"","header-below-stick-meta":"","astra-migrate-meta-layouts":"set","ast-page-background-enabled":"default","ast-page-background-meta":{"desktop":{"background-color":"var(--ast-global-color-4)","background-image":"","background-repeat":"repeat","background-position":"center center","background-size":"auto","background-attachment":"scroll","background-type":"","background-media":"","overlay-type":"","overlay-color":"","overlay-opacity":"","overlay-gradient":""},"tablet":{"background-color":"","background-image":"","background-repeat":"repeat","background-position":"center center","background-size":"auto","background-attachment":"scroll","background-type":"","background-media":"","overlay-type":"","overlay-color":"","overlay-opacity":"","overlay-gradient":""},"mobile":{"background-color":"","background-image":"","background-repeat":"repeat","background-position":"center center","background-size":"auto","background-attachment":"scroll","background-type":"","background-media":"","overlay-type":"","overlay-color":"","overlay-opacity":"","overlay-gradient":""}},"ast-content-background-meta":{"desktop":{"background-color":"var(--ast-global-color-5)","background-image":"","background-repeat":"repeat","background-position":"center center","background-size":"auto","background-attachment":"scroll","background-type":"","background-media":"","overlay-type":"","overlay-color":"","overlay-opacity":"","overlay-gradient":""},"tablet":{"background-color":"var(--ast-global-color-5)","background-image":"","background-repeat":"repeat","background-position":"center center","background-size":"auto","background-attachment":"scroll","background-type":"","background-media":"","overlay-type":"","overlay-color":"","overlay-opacity":"","overlay-gradient":""},"mobile":{"background-color":"var(--ast-global-color-5)","background-image":"","background-repeat":"repeat","background-position":"center center","background-size":"auto","background-attachment":"scroll","background-type":"","background-media":"","overlay-type":"","overlay-color":"","overlay-opacity":"","overlay-gradient":""}},"iawp_total_views":121080,"footnotes":""},"class_list":["post-223","page","type-page","status-publish"],"acf":[],"_links":{"self":[{"href":"https:\/\/www.familea.ch\/en\/wp-json\/wp\/v2\/pages\/223","targetHints":{"allow":["GET"]}}],"collection":[{"href":"https:\/\/www.familea.ch\/en\/wp-json\/wp\/v2\/pages"}],"about":[{"href":"https:\/\/www.familea.ch\/en\/wp-json\/wp\/v2\/types\/page"}],"author":[{"embeddable":true,"href":"https:\/\/www.familea.ch\/en\/wp-json\/wp\/v2\/users\/1"}],"replies":[{"embeddable":true,"href":"https:\/\/www.familea.ch\/en\/wp-json\/wp\/v2\/comments?post=223"}],"version-history":[{"count":12,"href":"https:\/\/www.familea.ch\/en\/wp-json\/wp\/v2\/pages\/223\/revisions"}],"predecessor-version":[{"id":8432,"href":"https:\/\/www.familea.ch\/en\/wp-json\/wp\/v2\/pages\/223\/revisions\/8432"}],"wp:attachment":[{"href":"https:\/\/www.familea.ch\/en\/wp-json\/wp\/v2\/media?parent=223"}],"curies":[{"name":"wp","href":"https:\/\/api.w.org\/{rel}","templated":true}]}}