{"id":259,"date":"2022-10-31T16:11:52","date_gmt":"2022-10-31T15:11:52","guid":{"rendered":"https:\/\/www.familea.ch\/?page_id=259"},"modified":"2024-06-18T15:22:38","modified_gmt":"2024-06-18T13:22:38","slug":"kita-finder","status":"publish","type":"page","link":"https:\/\/www.familea.ch\/en\/kita-finder\/","title":{"rendered":"Kita-Finder"},"content":{"rendered":"\n<h2>\n\t\tKita-Finder\n\t<\/h2>\n\t<p>Sie sind auf der Suche nach der richtigen Kita f\u00fcr Ihr Kind? Mit unserem Kitafinder finden Sie schnell und unkompliziert das passende Betreuungsangebot. Selbstverst\u00e4ndlich stehen wir Ihnen auch telefonisch oder per E-Mail zur Verf\u00fcgung.<\/p>\n\t<nav  aria-label=\"breadcrumb\"><ol class=\"breadcrumb\"><li class=\"breadcrumb-item active\" aria-current=\"page\"><span><i class=\"fa-regular fa-house\"><\/i><\/span><\/li><\/ol><\/nav>\n<h1>\n\t\tKindertagesst\u00e4tte finden\n\t<\/h1>\n\t<fieldset>\n\t\t<legend>Region<\/legend>\n\t\t<label>Inhalt ausw\u00e4hlen<select name=\"region\"><option value=\"\">Region<\/option><option value=\"aargau\">Aargau<\/option><option value=\"basel-landschaft\">Basel-Landschaft<\/option><option value=\"basel-stadt\">Basel-Stadt<\/option><\/select><\/label>\t<\/fieldset>\n\t<style>:root{--wpgb-accent-scheme-1:#ec0c8c;--wpgb-dark-scheme-1:#020202;--wpgb-dark-scheme-2:#e2caa8;--wpgb-dark-scheme-3:#bbbbbb;--wpgb-light-scheme-1:#ffffff;--wpgb-light-scheme-2:#f6f6f6;--wpgb-light-scheme-3:#f5f5f5;}<\/style>\t<fieldset>\n\t\t<legend>Umkreissuche anhand Standort<\/legend>\n\t\t\t\t\t<label>\n\t\t\t\t\t\tGeolokalisierung\n\t\t\t\t\t\t<input type=\"search\" placeholder=\"Umkreissuche anhand Standort\" autocomplete=\"off\"\/>\n\t\t\t\t\t<\/label>\n\t\t\t\t\t<button type=\"button\" hidden>Umkreis in meiner Umgebung<\/button>\n\t\t\t\t<label>Resultate innerhalb&nbsp;<input type=\"number\" value=\"2\" min=\"1\" max=\"30\"\/>&nbsp;km<\/label>\n\t\t\t\t<\/fieldset>\n\t<style>:root{--wpgb-accent-scheme-1:#ec0c8c;--wpgb-dark-scheme-1:#020202;--wpgb-dark-scheme-2:#e2caa8;--wpgb-dark-scheme-3:#bbbbbb;--wpgb-light-scheme-1:#ffffff;--wpgb-light-scheme-2:#f6f6f6;--wpgb-light-scheme-3:#f5f5f5;}<\/style>\t<fieldset>\n\t\t<legend>Karte<\/legend>\n\t\t\t<\/fieldset>\n\t<style>:root{--wpgb-accent-scheme-1:#ec0c8c;--wpgb-dark-scheme-1:#020202;--wpgb-dark-scheme-2:#e2caa8;--wpgb-dark-scheme-3:#bbbbbb;--wpgb-light-scheme-1:#ffffff;--wpgb-light-scheme-2:#f6f6f6;--wpgb-light-scheme-3:#f5f5f5;}<\/style><h2>\n\t\tUnsere familea Kitas im \u00dcberblick\n\t<\/h2>\n<!-- Gridbuilder \u1d42\u1d3e Plugin (https:\/\/wpgridbuilder.com) -->\n\t\t\t<article data-col=\"1\" data-row=\"1\" data-format=\"standard\"><a href=\"https:\/\/www.familea.ch\/wp-content\/uploads\/2022\/10\/kinderkrippe-vitra-birsfelden-5397458-1.jpg\" tabindex=\"-1\" data-type=\"image\" data-rel=\"3\" data-title=\"Kinderkrippe Vitra Birsfelden \/ Muttenz\" title=\"Enlarge photo\"><img decoding=\"async\" src=\"https:\/\/www.familea.ch\/wp-content\/uploads\/2022\/10\/kinderkrippe-vitra-birsfelden-5397458-1-768x512.jpg\" alt=\"Kinderkrippe Vitra Birsfelden \/ Muttenz\" height=\"512\" width=\"768\"\/><\/a><h3><a target=\"_self\" href=\"https:\/\/www.familea.ch\/kitas\/kita-vitra\/\" rel=\"noopener\">Kita Vitra Birsfelden \/ Muttenz<\/a><\/h3>Kl\u00fcnenfeldstrasse 22<br \/>4127 Birsfelden<a href=\"https:\/\/www.familea.ch\/kitas\/kita-vitra\/\">Weitere Infos<\/a><a href=\"https:\/\/www.familea.ch\/kitas\/kita-vitra\/\"><\/a><\/article><article data-col=\"1\" data-row=\"1\" data-format=\"standard\"><a href=\"https:\/\/www.familea.ch\/wp-content\/uploads\/2022\/10\/1f1a0222_familea_kita_flughafenstrasse_innen-1-scaled.jpg\" tabindex=\"-1\" data-type=\"image\" data-rel=\"3\" data-title=\"familea kita flughafenstrasse\" title=\"Enlarge photo\"><img decoding=\"async\" src=\"https:\/\/www.familea.ch\/wp-content\/uploads\/2022\/10\/1f1a0222_familea_kita_flughafenstrasse_innen-1-768x512.jpg\" alt=\"familea kita flughafenstrasse\" height=\"512\" width=\"768\"\/><\/a><h3><a target=\"_self\" href=\"https:\/\/www.familea.ch\/kitas\/kita-flughafenstrasse\/\" rel=\"noopener\">Kita Flughafenstrasse<\/a><\/h3>Flughafenstrasse 61<br \/>4056 Basel<a href=\"https:\/\/www.familea.ch\/kitas\/kita-flughafenstrasse\/\">Weitere Infos<\/a><a href=\"https:\/\/www.familea.ch\/kitas\/kita-flughafenstrasse\/\"><\/a><\/article><article data-col=\"1\" data-row=\"1\" data-format=\"standard\"><a href=\"https:\/\/www.familea.ch\/wp-content\/uploads\/2022\/11\/r5019834_familea_kita_allmendstrasse_aussen-scaled.jpg\" tabindex=\"-1\" data-type=\"image\" data-rel=\"3\" data-title=\"Kita\" title=\"Enlarge photo\"><img decoding=\"async\" src=\"https:\/\/www.familea.ch\/wp-content\/uploads\/2022\/11\/r5019834_familea_kita_allmendstrasse_aussen-768x512.jpg\" alt=\"kita\" height=\"512\" width=\"768\"\/><\/a><h3><a target=\"_self\" href=\"https:\/\/www.familea.ch\/kitas\/kita-allmendstrasse\/\" rel=\"noopener\">Kita Allmendstrasse<\/a><\/h3>Allmendstrasse 36<br \/>4058 Basel<a href=\"https:\/\/www.familea.ch\/kitas\/kita-allmendstrasse\/\">Weitere Infos<\/a><a href=\"https:\/\/www.familea.ch\/kitas\/kita-allmendstrasse\/\"><\/a><\/article><article data-col=\"1\" data-row=\"1\" data-format=\"standard\"><a href=\"https:\/\/www.familea.ch\/wp-content\/uploads\/2022\/11\/1f1a5874_familea_kita_aescherminis_aussen-scaled.jpg\" tabindex=\"-1\" data-type=\"image\" data-rel=\"3\" data-title=\"Kita\" title=\"Enlarge photo\"><img decoding=\"async\" src=\"https:\/\/www.familea.ch\/wp-content\/uploads\/2022\/11\/1f1a5874_familea_kita_aescherminis_aussen-768x512.jpg\" alt=\"kita\" height=\"512\" width=\"768\"\/><\/a><h3><a target=\"_self\" href=\"https:\/\/www.familea.ch\/kitas\/kita-aescher-minis\/\" rel=\"noopener\">Kita Aescher Minis<\/a><\/h3>Gartenstrasse 31<br \/>4147 Aesch<a href=\"https:\/\/www.familea.ch\/kitas\/kita-aescher-minis\/\">Weitere Infos<\/a><a href=\"https:\/\/www.familea.ch\/kitas\/kita-aescher-minis\/\"><\/a><\/article><article data-col=\"1\" data-row=\"1\" data-format=\"standard\"><a href=\"https:\/\/www.familea.ch\/wp-content\/uploads\/2022\/11\/1f1a5893_familea_kita_schlupfloechli_aussen-scaled.jpg\" tabindex=\"-1\" data-type=\"image\" data-rel=\"3\" data-title=\"Kita Schlupfl\u00f6chli Ettingen\" title=\"Enlarge photo\"><img decoding=\"async\" src=\"https:\/\/www.familea.ch\/wp-content\/uploads\/2022\/11\/1f1a5893_familea_kita_schlupfloechli_aussen-768x512.jpg\" alt=\"Kita Schlupfl\u00f6chli Ettingen\" height=\"512\" width=\"768\"\/><\/a><h3><a target=\"_self\" href=\"https:\/\/www.familea.ch\/kitas\/kita-schlupfloechli-ettingen\/\" rel=\"noopener\">Kita Schlupfl\u00f6chli Ettingen<\/a><\/h3>Hauptstrasse 8<br \/>4107 Ettingen<a href=\"https:\/\/www.familea.ch\/kitas\/kita-schlupfloechli-ettingen\/\">Weitere Infos<\/a><a href=\"https:\/\/www.familea.ch\/kitas\/kita-schlupfloechli-ettingen\/\"><\/a><\/article><article data-col=\"1\" data-row=\"1\" data-format=\"standard\"><a href=\"https:\/\/www.familea.ch\/wp-content\/uploads\/2022\/11\/1f1a0431_familea_kita_reinach_innen-scaled.jpg\" tabindex=\"-1\" data-type=\"image\" data-rel=\"3\" data-title=\"Kita\" title=\"Enlarge photo\"><img decoding=\"async\" src=\"https:\/\/www.familea.ch\/wp-content\/uploads\/2022\/11\/1f1a0431_familea_kita_reinach_innen-768x512.jpg\" alt=\"kita\" height=\"512\" width=\"768\"\/><\/a><h3><a target=\"_self\" href=\"https:\/\/www.familea.ch\/kitas\/kita-mischeli-center-reinach\/\" rel=\"noopener\">Kita Reinach<\/a><\/h3>Niederbergstrasse 1<br \/>4153 Reinach<a href=\"https:\/\/www.familea.ch\/kitas\/kita-mischeli-center-reinach\/\">Weitere Infos<\/a><a href=\"https:\/\/www.familea.ch\/kitas\/kita-mischeli-center-reinach\/\"><\/a><\/article><article data-col=\"1\" data-row=\"1\" data-format=\"standard\"><a href=\"https:\/\/www.familea.ch\/wp-content\/uploads\/2022\/11\/1f1a5798_familea_kita_soleweg_aussen-scaled.jpg\" tabindex=\"-1\" data-type=\"image\" data-rel=\"3\" data-title=\"Kita\" title=\"Enlarge photo\"><img decoding=\"async\" src=\"https:\/\/www.familea.ch\/wp-content\/uploads\/2022\/11\/1f1a5798_familea_kita_soleweg_aussen-768x512.jpg\" alt=\"kita\" height=\"512\" width=\"768\"\/><\/a><h3><a target=\"_self\" href=\"https:\/\/www.familea.ch\/kitas\/kita-soleweg-moehlin\/\" rel=\"noopener\">Kita Soleweg M\u00f6hlin<\/a><\/h3>Soleweg 15<br \/>4313 M\u00f6hlin<a href=\"https:\/\/www.familea.ch\/kitas\/kita-soleweg-moehlin\/\">Weitere Infos<\/a><a href=\"https:\/\/www.familea.ch\/kitas\/kita-soleweg-moehlin\/\"><\/a><\/article><article data-col=\"1\" data-row=\"1\" data-format=\"standard\"><a href=\"https:\/\/www.familea.ch\/wp-content\/uploads\/2022\/11\/1f1a5773_familea_kita_zottelbaer_aussen-scaled.jpg\" tabindex=\"-1\" data-type=\"image\" data-rel=\"3\" data-title=\"Kita Zottelb\u00e4r in Rheinfelden\" title=\"Enlarge photo\"><img decoding=\"async\" src=\"https:\/\/www.familea.ch\/wp-content\/uploads\/2022\/11\/1f1a5773_familea_kita_zottelbaer_aussen-768x512.jpg\" alt=\"Kita Zottelb\u00e4r in Rheinfelden\" height=\"512\" width=\"768\"\/><\/a><h3><a target=\"_self\" href=\"https:\/\/www.familea.ch\/kitas\/kita-zottelbaer-rheinfelden\/\" rel=\"noopener\">Kita Zottelb\u00e4r Rheinfelden<\/a><\/h3>Kaiserstrasse 2<br \/>4310 Rheinfelden<a href=\"https:\/\/www.familea.ch\/kitas\/kita-zottelbaer-rheinfelden\/\">Weitere Infos<\/a><a href=\"https:\/\/www.familea.ch\/kitas\/kita-zottelbaer-rheinfelden\/\"><\/a><\/article><article data-col=\"1\" data-row=\"1\" data-format=\"standard\"><a href=\"https:\/\/www.familea.ch\/wp-content\/uploads\/2022\/11\/115a8440_familea_kita_stein_aussen-scaled.jpg\" tabindex=\"-1\" data-type=\"image\" data-rel=\"3\" data-title=\"Kita Zauberstei Stein\" title=\"Enlarge photo\"><img decoding=\"async\" src=\"https:\/\/www.familea.ch\/wp-content\/uploads\/2022\/11\/115a8440_familea_kita_stein_aussen-768x512.jpg\" alt=\"Kita Zauberstei Stein\" height=\"512\" width=\"768\"\/><\/a><h3><a target=\"_self\" href=\"https:\/\/www.familea.ch\/kitas\/kita-zauberstei-stein\/\" rel=\"noopener\">Kita Zauberstei Stein<\/a><\/h3>Sch\u00f6naustrasse 6<br \/>4332 Stein<a href=\"https:\/\/www.familea.ch\/kitas\/kita-zauberstei-stein\/\">Weitere Infos<\/a><a href=\"https:\/\/www.familea.ch\/kitas\/kita-zauberstei-stein\/\"><\/a><\/article>\t\t\n<style id='wpgb-style-inline-css'>\n:root{--wpgb-accent-scheme-1:#ec0c8c;--wpgb-dark-scheme-1:#020202;--wpgb-dark-scheme-2:#e2caa8;--wpgb-dark-scheme-3:#bbbbbb;--wpgb-light-scheme-1:#ffffff;--wpgb-light-scheme-2:#f6f6f6;--wpgb-light-scheme-3:#f5f5f5;--wpgb-lightbox-background:linear-gradient(180deg, rgba(30,30,30,0.45) 0%, rgba(30,30,30,0.9) 100%);--wpgb-lightbox-controls:#ffffff;--wpgb-lightbox-spinner:#ffffff;--wpgb-lightbox-title:#ffffff;--wpgb-lightbox-desc:#bbbbbb;}.wpgb-grid-3 .wpgb-area-top-1>div{flex:inherit;min-width:25%;max-width:100%}.wpgb-grid-3 .wpgb-area-top-1{margin-top:3em;}.wpgb-grid-3 .wpgb-area-top-2>div{flex:inherit;min-width:25%;max-width:100%}.wpgb-grid-3 .wpgb-area-top-2{margin-top:3em;margin-bottom:16px;justify-content:flex-start;}.wpgb-grid-3 .wpgb-area-bottom-1{margin-top:4em;}@media all and (-ms-high-contrast:none), (-ms-high-contrast:active){.wpgb-grid-3:not(.wpgb-enabled) .wpgb-viewport>div{margin:0 -10px}.wpgb-grid-3:not(.wpgb-enabled) .wpgb-card{width:calc(( 100% - 3 * 40px ) \/ 3 - 0.1px);margin:20px}}.wpgb-grid-3:not(.wpgb-enabled) .wpgb-viewport>div{grid-template-columns: repeat(3, 1fr);grid-gap:40px}@media screen and (max-width: 1200px){@media all and (-ms-high-contrast:none), (-ms-high-contrast:active){.wpgb-grid-3:not(.wpgb-enabled) .wpgb-viewport>div{margin:0 -10px}.wpgb-grid-3:not(.wpgb-enabled) .wpgb-card{width:calc(( 100% - 2 * 40px ) \/ 2 - 0.1px);margin:20px}}.wpgb-grid-3:not(.wpgb-enabled) .wpgb-viewport>div{grid-template-columns: repeat(2, 1fr);grid-gap:40px}.wp-grid-builder.wpgb-grid-3:not(.wpgb-enabled) .wpgb-card[data-col=\"2\"],.wp-grid-builder.wpgb-grid-3:not(.wpgb-enabled) .wpgb-card[data-col=\"3\"],.wp-grid-builder.wpgb-grid-3:not(.wpgb-enabled) .wpgb-card[data-col=\"4\"],.wp-grid-builder.wpgb-grid-3:not(.wpgb-enabled) .wpgb-card[data-col=\"5\"],.wp-grid-builder.wpgb-grid-3:not(.wpgb-enabled) .wpgb-card[data-col=\"6\"],.wp-grid-builder.wpgb-grid-3:not(.wpgb-enabled) .wpgb-card[data-col=\"7\"],.wp-grid-builder.wpgb-grid-3:not(.wpgb-enabled) .wpgb-card[data-col=\"8\"],.wp-grid-builder.wpgb-grid-3:not(.wpgb-enabled) .wpgb-card[data-col=\"9\"],.wp-grid-builder.wpgb-grid-3:not(.wpgb-enabled) .wpgb-card[data-col=\"10\"],.wp-grid-builder.wpgb-grid-3:not(.wpgb-enabled) .wpgb-card[data-col=\"11\"]{grid-column: span 2}}@media screen and (max-width: 992px){@media all and (-ms-high-contrast:none), (-ms-high-contrast:active){.wpgb-grid-3:not(.wpgb-enabled) .wpgb-viewport>div{margin:0 -10px}.wpgb-grid-3:not(.wpgb-enabled) .wpgb-card{width:calc(( 100% - 2 * 40px ) \/ 2 - 0.1px);margin:20px}}.wpgb-grid-3:not(.wpgb-enabled) .wpgb-viewport>div{grid-template-columns: repeat(2, 1fr);grid-gap:40px}.wp-grid-builder.wpgb-grid-3:not(.wpgb-enabled) .wpgb-card[data-col=\"2\"],.wp-grid-builder.wpgb-grid-3:not(.wpgb-enabled) .wpgb-card[data-col=\"3\"],.wp-grid-builder.wpgb-grid-3:not(.wpgb-enabled) .wpgb-card[data-col=\"4\"],.wp-grid-builder.wpgb-grid-3:not(.wpgb-enabled) .wpgb-card[data-col=\"5\"],.wp-grid-builder.wpgb-grid-3:not(.wpgb-enabled) .wpgb-card[data-col=\"6\"],.wp-grid-builder.wpgb-grid-3:not(.wpgb-enabled) .wpgb-card[data-col=\"7\"],.wp-grid-builder.wpgb-grid-3:not(.wpgb-enabled) .wpgb-card[data-col=\"8\"],.wp-grid-builder.wpgb-grid-3:not(.wpgb-enabled) .wpgb-card[data-col=\"9\"],.wp-grid-builder.wpgb-grid-3:not(.wpgb-enabled) .wpgb-card[data-col=\"10\"],.wp-grid-builder.wpgb-grid-3:not(.wpgb-enabled) .wpgb-card[data-col=\"11\"]{grid-column: span 2}}@media screen and (max-width: 768px){@media all and (-ms-high-contrast:none), (-ms-high-contrast:active){.wpgb-grid-3:not(.wpgb-enabled) .wpgb-viewport>div{margin:0 -10px}.wpgb-grid-3:not(.wpgb-enabled) .wpgb-card{width:calc(( 100% - 1 * 40px ) \/ 1 - 0.1px);margin:20px}}.wpgb-grid-3:not(.wpgb-enabled) .wpgb-viewport>div{grid-template-columns: repeat(1, 1fr);grid-gap:40px}.wp-grid-builder.wpgb-grid-3:not(.wpgb-enabled) .wpgb-card[data-col=\"1\"],.wp-grid-builder.wpgb-grid-3:not(.wpgb-enabled) .wpgb-card[data-col=\"2\"],.wp-grid-builder.wpgb-grid-3:not(.wpgb-enabled) .wpgb-card[data-col=\"3\"],.wp-grid-builder.wpgb-grid-3:not(.wpgb-enabled) .wpgb-card[data-col=\"4\"],.wp-grid-builder.wpgb-grid-3:not(.wpgb-enabled) .wpgb-card[data-col=\"5\"],.wp-grid-builder.wpgb-grid-3:not(.wpgb-enabled) .wpgb-card[data-col=\"6\"],.wp-grid-builder.wpgb-grid-3:not(.wpgb-enabled) .wpgb-card[data-col=\"7\"],.wp-grid-builder.wpgb-grid-3:not(.wpgb-enabled) .wpgb-card[data-col=\"8\"],.wp-grid-builder.wpgb-grid-3:not(.wpgb-enabled) .wpgb-card[data-col=\"9\"],.wp-grid-builder.wpgb-grid-3:not(.wpgb-enabled) .wpgb-card[data-col=\"10\"],.wp-grid-builder.wpgb-grid-3:not(.wpgb-enabled) .wpgb-card[data-col=\"11\"]{grid-column: span 1}}@media screen and (max-width: 576px){@media all and (-ms-high-contrast:none), (-ms-high-contrast:active){.wpgb-grid-3:not(.wpgb-enabled) .wpgb-viewport>div{margin:0 -10px}.wpgb-grid-3:not(.wpgb-enabled) .wpgb-card{width:calc(( 100% - 1 * 40px ) \/ 1 - 0.1px);margin:20px}}.wpgb-grid-3:not(.wpgb-enabled) .wpgb-viewport>div{grid-template-columns: repeat(1, 1fr);grid-gap:40px}.wp-grid-builder.wpgb-grid-3:not(.wpgb-enabled) .wpgb-card[data-col=\"1\"],.wp-grid-builder.wpgb-grid-3:not(.wpgb-enabled) .wpgb-card[data-col=\"2\"],.wp-grid-builder.wpgb-grid-3:not(.wpgb-enabled) .wpgb-card[data-col=\"3\"],.wp-grid-builder.wpgb-grid-3:not(.wpgb-enabled) .wpgb-card[data-col=\"4\"],.wp-grid-builder.wpgb-grid-3:not(.wpgb-enabled) .wpgb-card[data-col=\"5\"],.wp-grid-builder.wpgb-grid-3:not(.wpgb-enabled) .wpgb-card[data-col=\"6\"],.wp-grid-builder.wpgb-grid-3:not(.wpgb-enabled) .wpgb-card[data-col=\"7\"],.wp-grid-builder.wpgb-grid-3:not(.wpgb-enabled) .wpgb-card[data-col=\"8\"],.wp-grid-builder.wpgb-grid-3:not(.wpgb-enabled) .wpgb-card[data-col=\"9\"],.wp-grid-builder.wpgb-grid-3:not(.wpgb-enabled) .wpgb-card[data-col=\"10\"],.wp-grid-builder.wpgb-grid-3:not(.wpgb-enabled) .wpgb-card[data-col=\"11\"]{grid-column: span 1}}@media screen and (max-width: 320px){@media all and (-ms-high-contrast:none), (-ms-high-contrast:active){.wpgb-grid-3:not(.wpgb-enabled) .wpgb-viewport>div{margin:0 -10px}.wpgb-grid-3:not(.wpgb-enabled) .wpgb-card{width:calc(( 100% - 1 * 40px ) \/ 1 - 0.1px);margin:20px}}.wpgb-grid-3:not(.wpgb-enabled) .wpgb-viewport>div{grid-template-columns: repeat(1, 1fr);grid-gap:40px}.wp-grid-builder.wpgb-grid-3:not(.wpgb-enabled) .wpgb-card[data-col=\"1\"],.wp-grid-builder.wpgb-grid-3:not(.wpgb-enabled) .wpgb-card[data-col=\"2\"],.wp-grid-builder.wpgb-grid-3:not(.wpgb-enabled) .wpgb-card[data-col=\"3\"],.wp-grid-builder.wpgb-grid-3:not(.wpgb-enabled) .wpgb-card[data-col=\"4\"],.wp-grid-builder.wpgb-grid-3:not(.wpgb-enabled) .wpgb-card[data-col=\"5\"],.wp-grid-builder.wpgb-grid-3:not(.wpgb-enabled) .wpgb-card[data-col=\"6\"],.wp-grid-builder.wpgb-grid-3:not(.wpgb-enabled) .wpgb-card[data-col=\"7\"],.wp-grid-builder.wpgb-grid-3:not(.wpgb-enabled) .wpgb-card[data-col=\"8\"],.wp-grid-builder.wpgb-grid-3:not(.wpgb-enabled) .wpgb-card[data-col=\"9\"],.wp-grid-builder.wpgb-grid-3:not(.wpgb-enabled) .wpgb-card[data-col=\"10\"],.wp-grid-builder.wpgb-grid-3:not(.wpgb-enabled) .wpgb-card[data-col=\"11\"]{grid-column: span 1}}.wpgb-grid-3 .wpgb-card.wpgb-card-hidden .wpgb-card-wrapper{transform-origin:50% 100%;transform:perspective(2000px) translateY(200px) rotateX(60deg) scale(0.8);opacity:0;}.wpgb-grid-3 .wpgb-card:not(.wpgb-card-hidden) .wpgb-card-wrapper{transform:perspective(2000px) translateY(0) rotateX(0) scale(1);opacity:1;transition:700ms cubic-bezier(0.1,0.3,0.2,1);transition-property:transform, opacity;;}.wpgb-grid-3 .wpgb-card .wpgb-lazy-load{color:#ec0c8c;background:#edf3f8}@-webkit-keyframes wpgb-loader-14-1{17%{border-bottom-right-radius:10%}25%{-webkit-transform:translateY(11px) rotate(22.5deg)}50%{border-bottom-right-radius:100%;-webkit-transform:translateY(22px) scale(1,.9) rotate(45deg)}75%{-webkit-transform:translateY(11px) rotate(67.5deg)}100%{-webkit-transform:translateY(0) rotate(90deg)}}@keyframes wpgb-loader-14-1{17%{border-bottom-right-radius:10%}25%{transform:translateY(11px) rotate(22.5deg)}50%{border-bottom-right-radius:100%;transform:translateY(22px) scale(1,.9) rotate(45deg)}75%{transform:translateY(11px) rotate(67.5deg)}100%{transform:translateY(0) rotate(90deg)}}@-webkit-keyframes wpgb-loader-14-2{50%{-webkit-transform:scale(1.25,1)}}@keyframes wpgb-loader-14-2{50%{transform:scale(1.25,1)}}.wpgb-loader-14,.wpgb-loader-14>div{position:relative}.wpgb-loader-14{width:44px;height:44px;margin:3px}.wpgb-loader-14>div{position:absolute;left:0;width:100%}.wpgb-loader-14>div:nth-child(1){top:-11px;z-index:1;height:100%;border-radius:10%;-webkit-animation:wpgb-loader-14-1 .6s -.1s linear infinite;animation:wpgb-loader-14-1 .6s -.1s linear infinite}.wpgb-loader-14>div:nth-child(2){bottom:-9%;height:10%;border-radius:50%;opacity:.2;-webkit-animation:wpgb-loader-14-2 .6s -.1s linear infinite;animation:wpgb-loader-14-2 .6s -.1s linear infinite}.wpgb-grid-3 .wpgb-loader .wpgb-loader-14{transform: scale(1 )}.wpgb-grid-3 .wpgb-loader .wpgb-loader-14 *{color:#ec0c8c;background:#ec0c8c}.wp-grid-builder .wpgb-card-2 .wpgb-card-body{padding-top:2em;min-height:220px}.wp-grid-builder .wpgb-card-2 .wpgb-card-content{-webkit-box-flex:1;-ms-flex-positive:1;flex-grow:1}.wp-grid-builder .wpgb-card-2 .wpgb-card-footer{padding-bottom:2em}.wp-grid-builder .wpgb-card-2 .wpgb-card-inner{border-radius:0;overflow:hidden;box-shadow:rgba(0,0,0,0.22) 0 0 0 0;-webkit-transition-duration:150ms;transition-duration:150ms}.wp-grid-builder .wpgb-card-2 .wpgb-card-media-content{text-align:center}.wp-grid-builder .wpgb-card-2 .wpgb-block-1{background:#fff;border-radius:25px;border-width:0;margin-bottom:20px;display:inline-block;padding:5px 15px;font-weight:700}.wp-grid-builder .wpgb-card-2 .wpgb-block-2{font-size:1.25em;line-height:1.5em;color:#000;height:105px}.wp-grid-builder .wpgb-card-2 .wpgb-block-3{padding:0;margin:0 0 .6em;display:block;height:39px;-webkit-transition-duration:300ms;transition-duration:300ms;font:900 1.625em\/1.4 \"Caecilia\",caecilia,sans-serif!important}.wp-grid-builder .wpgb-card-2 .wpgb-block-3:hover{opacity:.8}.wp-grid-builder .wpgb-card-2 .wpgb-block-7{text-align:center;margin:0;padding:.8em .5em;border-radius:0;border-width:3px;border-style:solid;border-color:#000;width:169px;font:400 1em\/1.4 \"Varela Round\"}.wp-grid-builder .wpgb-card-2:hover .wpgb-block-7{color:#fff;background:#ec0c8c;border-color:#ec0c8c}.wp-grid-builder:not(.wpgb-template){opacity:1!important}\n<\/style>\n<link rel='stylesheet' id='wpgb-fonts-css' href='https:\/\/fonts.googleapis.com\/css?family=Varela+Round%3A400&#038;ver=1710923815' media='all' \/>\n<button type=\"button\">Mehr laden&#8230;<\/button><style>:root{--wpgb-accent-scheme-1:#ec0c8c;--wpgb-dark-scheme-1:#020202;--wpgb-dark-scheme-2:#e2caa8;--wpgb-dark-scheme-3:#bbbbbb;--wpgb-light-scheme-1:#ffffff;--wpgb-light-scheme-2:#f6f6f6;--wpgb-light-scheme-3:#f5f5f5;}<\/style><h3>\n\t\tVermittlungsstelle\n\t<\/h3>\n\t\t\t\t<img decoding=\"async\" src=\"https:\/\/www.familea.ch\/wp-content\/uploads\/2023\/01\/r5016679_familea_charlottespruenglichristensen-scaled-e1673880204814.jpg\" alt=\"familea charlotte spr\u00fcngli christensen\" title=\"R5016679_familea_CharlotteSpr\u00fcngliChristensen\" itemprop=\"image\"\/>\n\t\t<h4>Charlotte Spr\u00fcngli-Christensen<\/h4>\t\t\t\n\t\t\t\t<p>Telefon <a href=\"tel:0041612608282\">+41 61 260 82 82<\/a><br \/><a href=\"mailto:anmeldung.kita@familea.ch\">anmeldung.kita@familea.ch<\/a><\/p>\n\n","protected":false},"excerpt":{"rendered":"<p>Kita-Finder Sie sind auf der Suche nach der richtigen Kita f\u00fcr Ihr Kind? Mit unserem Kitafinder finden Sie schnell und unkompliziert das passende Betreuungsangebot. Selbstverst\u00e4ndlich stehen wir Ihnen auch telefonisch oder per E-Mail zur Verf\u00fcgung. Kindertagesst\u00e4tte finden Region Inhalt ausw\u00e4hlenRegionAargauBasel-LandschaftBasel-Stadt Umkreissuche anhand Standort Geolokalisierung Umkreis in meiner Umgebung Resultate innerhalb&nbsp;&nbsp;km Karte Unsere familea Kitas im [&hellip;]<\/p>\n","protected":false},"author":1,"featured_media":0,"parent":0,"menu_order":0,"comment_status":"closed","ping_status":"closed","template":"","meta":{"_acf_changed":false,"_seopress_robots_primary_cat":"","_seopress_titles_title":"","_seopress_titles_desc":"","_seopress_robots_index":"","site-sidebar-layout":"default","site-content-layout":"","ast-site-content-layout":"default","site-content-style":"default","site-sidebar-style":"default","ast-global-header-display":"","ast-banner-title-visibility":"","ast-main-header-display":"","ast-hfb-above-header-display":"","ast-hfb-below-header-display":"","ast-hfb-mobile-header-display":"","site-post-title":"","ast-breadcrumbs-content":"","ast-featured-img":"","footer-sml-layout":"","ast-disable-related-posts":"","theme-transparent-header-meta":"","adv-header-id-meta":"","stick-header-meta":"","header-above-stick-meta":"","header-main-stick-meta":"","header-below-stick-meta":"","astra-migrate-meta-layouts":"default","ast-page-background-enabled":"default","ast-page-background-meta":{"desktop":{"background-color":"var(--ast-global-color-4)","background-image":"","background-repeat":"repeat","background-position":"center center","background-size":"auto","background-attachment":"scroll","background-type":"","background-media":"","overlay-type":"","overlay-color":"","overlay-opacity":"","overlay-gradient":""},"tablet":{"background-color":"","background-image":"","background-repeat":"repeat","background-position":"center center","background-size":"auto","background-attachment":"scroll","background-type":"","background-media":"","overlay-type":"","overlay-color":"","overlay-opacity":"","overlay-gradient":""},"mobile":{"background-color":"","background-image":"","background-repeat":"repeat","background-position":"center center","background-size":"auto","background-attachment":"scroll","background-type":"","background-media":"","overlay-type":"","overlay-color":"","overlay-opacity":"","overlay-gradient":""}},"ast-content-background-meta":{"desktop":{"background-color":"var(--ast-global-color-5)","background-image":"","background-repeat":"repeat","background-position":"center center","background-size":"auto","background-attachment":"scroll","background-type":"","background-media":"","overlay-type":"","overlay-color":"","overlay-opacity":"","overlay-gradient":""},"tablet":{"background-color":"var(--ast-global-color-5)","background-image":"","background-repeat":"repeat","background-position":"center center","background-size":"auto","background-attachment":"scroll","background-type":"","background-media":"","overlay-type":"","overlay-color":"","overlay-opacity":"","overlay-gradient":""},"mobile":{"background-color":"var(--ast-global-color-5)","background-image":"","background-repeat":"repeat","background-position":"center center","background-size":"auto","background-attachment":"scroll","background-type":"","background-media":"","overlay-type":"","overlay-color":"","overlay-opacity":"","overlay-gradient":""}},"iawp_total_views":22233,"footnotes":""},"class_list":["post-259","page","type-page","status-publish"],"acf":[],"_links":{"self":[{"href":"https:\/\/www.familea.ch\/en\/wp-json\/wp\/v2\/pages\/259","targetHints":{"allow":["GET"]}}],"collection":[{"href":"https:\/\/www.familea.ch\/en\/wp-json\/wp\/v2\/pages"}],"about":[{"href":"https:\/\/www.familea.ch\/en\/wp-json\/wp\/v2\/types\/page"}],"author":[{"embeddable":true,"href":"https:\/\/www.familea.ch\/en\/wp-json\/wp\/v2\/users\/1"}],"replies":[{"embeddable":true,"href":"https:\/\/www.familea.ch\/en\/wp-json\/wp\/v2\/comments?post=259"}],"version-history":[{"count":49,"href":"https:\/\/www.familea.ch\/en\/wp-json\/wp\/v2\/pages\/259\/revisions"}],"predecessor-version":[{"id":5857,"href":"https:\/\/www.familea.ch\/en\/wp-json\/wp\/v2\/pages\/259\/revisions\/5857"}],"wp:attachment":[{"href":"https:\/\/www.familea.ch\/en\/wp-json\/wp\/v2\/media?parent=259"}],"curies":[{"name":"wp","href":"https:\/\/api.w.org\/{rel}","templated":true}]}}