{"id":2978,"date":"2022-12-15T07:25:05","date_gmt":"2022-12-15T06:25:05","guid":{"rendered":"https:\/\/www.familea.ch\/?page_id=2978"},"modified":"2024-10-10T13:33:28","modified_gmt":"2024-10-10T11:33:28","slug":"residential-groups","status":"publish","type":"page","link":"https:\/\/www.familea.ch\/en\/kinder-jugendheime\/wohngruppen\/","title":{"rendered":"residential groups"},"content":{"rendered":"\n<h2>\n\t\tEin Zuhause auf Zeit\n\t<\/h2>\n\t\t\t\t<img decoding=\"async\" src=\"https:\/\/www.familea.ch\/wp-content\/uploads\/2022\/12\/pexels-anna-shvets-5325714-scaled.jpg\" alt=\"Station\u00e4res Wohnen\" itemprop=\"image\" height=\"1600\" width=\"2400\" title=\"Station\u00e4res Wohnen\" onerror=\"this.style.display='none'\"  \/>\n\t\t\t<h1>Standorte<\/h1>\t\t\t\n\t\t\t\t<p>Im Kinderheim Lindenberg und den dezentralen Wohngruppen f\u00fcr Kinder und Jugendliche im Alter von 5 bis 18 Jahren. Erm\u00f6glicht werden ein konstantes Beziehungsnetz und verbindliche, stabile Rahmenbedingungen.<\/p>\n\t\t\t\t<p>In den Wohngruppen bieten wir das ganze Jahr eine Betreuung f\u00fcr Kinder und Jugendliche durch sozialp\u00e4dagogisches Fachpersonal an.<\/p>\n<p>Dies beinhaltet sowohl gruppenorientierte Aktivit\u00e4ten (Freizeitaktivit\u00e4ten, Gruppensitzungen, Lager) wie auch die Auseinandersetzung und bed\u00fcrfnisorientierte Unterst\u00fctzung bei der Bew\u00e4ltigung von individuellen Herausforderungen. Weiter geh\u00f6rt die Begleitung und Unterst\u00fctzung bei schulischen Zielen oder beim Berufsfindungsprozess zu unseren Aufgaben.<\/p>\n<p>Eine Bezugsperson koordiniert die Zusammenarbeit mit allen Beteiligten des Unterst\u00fctzungsprozesses und bezieht die Kinder und Jugendlichen in die F\u00f6rderplanung mit ein.<\/p>\n<h3>\n\t\tKontakt\n\t<\/h3>\n\t\t\t\t<img decoding=\"async\" src=\"https:\/\/www.familea.ch\/wp-content\/uploads\/2024\/02\/r5019474_familea_sabinerufi-scaled-e1728548490214.jpg\" alt=\"familea sabinerufi\" title=\"familea_SabineRufi\" itemprop=\"image\"\/>\n\t\t<h4>Sabine Rufi<br \/><\/h4>\t\t\t\n\t\t\t\t<p>Co-Leitung Station\u00e4res Wohnen<\/p>\n<p>Telefon +41 61 260 86 66<br \/>sabine.rufi@familea.ch<\/p>\n<h3>\n\t\tDie Standorte im \u00dcberblick\n\t<\/h3>\n\t<fieldset>\n\t\t<legend>Karte-Heime<\/legend>\n\t\t\t<\/fieldset>\n\t<style>:root{--wpgb-accent-scheme-1:#ec0c8c;--wpgb-dark-scheme-1:#020202;--wpgb-dark-scheme-2:#e2caa8;--wpgb-dark-scheme-3:#bbbbbb;--wpgb-light-scheme-1:#ffffff;--wpgb-light-scheme-2:#f6f6f6;--wpgb-light-scheme-3:#f5f5f5;}<\/style><!-- Gridbuilder \u1d42\u1d3e Plugin (https:\/\/wpgridbuilder.com) -->\n\t\t\t<article data-col=\"1\" data-row=\"1\" data-format=\"standard\"><a href=\"https:\/\/www.familea.ch\/wp-content\/uploads\/2022\/12\/1f1a9224_familea__missionsstrasse_aussen-scaled.jpg\" tabindex=\"-1\" data-type=\"image\" data-rel=\"8\" data-title=\"Wohngruppe Missionsstrasse\" title=\"Enlarge photo\"><img decoding=\"async\" src=\"https:\/\/www.familea.ch\/wp-content\/uploads\/2022\/12\/1f1a9224_familea__missionsstrasse_aussen-768x512.jpg\" alt=\"Wohngruppe Missionsstrasse\" height=\"512\" width=\"768\"\/><\/a><h3><a target=\"_self\" href=\"https:\/\/www.familea.ch\/heim\/wohngruppe-missionsstrasse\/\" rel=\"noopener\">Wohngruppe Missionsstrasse<\/a><\/h3>Missionsstrasse 39<br \/>4055 Basel<a href=\"https:\/\/www.familea.ch\/heim\/wohngruppe-missionsstrasse\/\">Weitere Infos<\/a><a href=\"https:\/\/www.familea.ch\/heim\/wohngruppe-missionsstrasse\/\"><\/a><\/article><article data-col=\"1\" data-row=\"1\" data-format=\"standard\"><a href=\"https:\/\/www.familea.ch\/wp-content\/uploads\/2022\/12\/1f1a8583_familea__oberwilerstrasse_aussen-scaled.jpg\" tabindex=\"-1\" data-type=\"image\" data-rel=\"8\" data-title=\"1F1A8583_familea__Oberwilerstrasse_aussen\" title=\"Enlarge photo\"><img decoding=\"async\" src=\"https:\/\/www.familea.ch\/wp-content\/uploads\/2022\/12\/1f1a8583_familea__oberwilerstrasse_aussen-768x512.jpg\" alt=\"1f1a8583 familea oberwilerstrasse aussen\" height=\"512\" width=\"768\"\/><\/a><h3><a target=\"_self\" href=\"https:\/\/www.familea.ch\/heim\/wohngruppe-oberwilerstrasse\/\" rel=\"noopener\">Wohngruppe Oberwilerstrasse<\/a><\/h3>Oberwilerstrasse 82<br \/>4054 Basel<a href=\"https:\/\/www.familea.ch\/heim\/wohngruppe-oberwilerstrasse\/\">Weitere Infos<\/a><a href=\"https:\/\/www.familea.ch\/heim\/wohngruppe-oberwilerstrasse\/\"><\/a><\/article><article data-col=\"1\" data-row=\"1\" data-format=\"standard\"><a href=\"https:\/\/www.familea.ch\/wp-content\/uploads\/2022\/12\/1f1a8604_familea__hirzbrunnen_aussen-scaled.jpg\" tabindex=\"-1\" data-type=\"image\" data-rel=\"8\" data-title=\"Wohngruppe Hirzbrunnen\" title=\"Enlarge photo\"><img decoding=\"async\" src=\"https:\/\/www.familea.ch\/wp-content\/uploads\/2022\/12\/1f1a8604_familea__hirzbrunnen_aussen-768x512.jpg\" alt=\"Wohngruppe Hirzbrunnen\" height=\"512\" width=\"768\"\/><\/a><h3><a target=\"_self\" href=\"https:\/\/www.familea.ch\/heim\/wohngruppe-hirzbrunnen\/\" rel=\"noopener\">Wohngruppe Hirzbrunnen<\/a><\/h3>Eugen Wullschleger-Strasse 18<br \/>4058 Basel<a href=\"https:\/\/www.familea.ch\/heim\/wohngruppe-hirzbrunnen\/\">Weitere Infos<\/a><a href=\"https:\/\/www.familea.ch\/heim\/wohngruppe-hirzbrunnen\/\"><\/a><\/article><article data-col=\"1\" data-row=\"1\" data-format=\"standard\"><a href=\"https:\/\/www.familea.ch\/wp-content\/uploads\/2022\/12\/1f1a8500_familea__lindenberg_aussen-1-scaled.jpg\" tabindex=\"-1\" data-type=\"image\" data-rel=\"8\" data-title=\"1F1A8500_familea__Lindenberg_aussen\" title=\"Enlarge photo\"><img decoding=\"async\" src=\"https:\/\/www.familea.ch\/wp-content\/uploads\/2022\/12\/1f1a8500_familea__lindenberg_aussen-1-768x512.jpg\" alt=\"1f1a8500 familea lindenberg aussen\" height=\"512\" width=\"768\"\/><\/a><h3><a target=\"_self\" href=\"https:\/\/www.familea.ch\/heim\/kinderheim-lindenberg\/\" rel=\"noopener\">Kinderheim Lindenberg<\/a><\/h3>Oberer Rheinweg<br \/>4058 Basel<a href=\"https:\/\/www.familea.ch\/heim\/kinderheim-lindenberg\/\">Weitere Infos<\/a><a href=\"https:\/\/www.familea.ch\/heim\/kinderheim-lindenberg\/\"><\/a><\/article>\t\t\n<style id='wpgb-style-inline-css'>\n:root{--wpgb-accent-scheme-1:#ec0c8c;--wpgb-dark-scheme-1:#020202;--wpgb-dark-scheme-2:#e2caa8;--wpgb-dark-scheme-3:#bbbbbb;--wpgb-light-scheme-1:#ffffff;--wpgb-light-scheme-2:#f6f6f6;--wpgb-light-scheme-3:#f5f5f5;--wpgb-lightbox-background:linear-gradient(180deg, rgba(30,30,30,0.45) 0%, rgba(30,30,30,0.9) 100%);--wpgb-lightbox-controls:#ffffff;--wpgb-lightbox-spinner:#ffffff;--wpgb-lightbox-title:#ffffff;--wpgb-lightbox-desc:#bbbbbb;}.wpgb-grid-8 .wpgb-area-top-1>div{flex:inherit;min-width:25%;max-width:100%}.wpgb-grid-8 .wpgb-area-top-1{margin-top:3em;}.wpgb-grid-8 .wpgb-area-top-2>div{flex:inherit;min-width:25%;max-width:100%}.wpgb-grid-8 .wpgb-area-top-2{justify-content:flex-start;margin-top:3em;margin-bottom:16px;}.wpgb-grid-8 .wpgb-area-bottom-1{margin-top:4em;}@media all and (-ms-high-contrast:none), (-ms-high-contrast:active){.wpgb-grid-8:not(.wpgb-enabled) .wpgb-viewport>div{margin:0 -10px}.wpgb-grid-8:not(.wpgb-enabled) .wpgb-card{width:calc(( 100% - 2 * 40px ) \/ 2 - 0.1px);margin:20px}}.wpgb-grid-8:not(.wpgb-enabled) .wpgb-viewport>div{grid-template-columns: repeat(2, 1fr);grid-gap:40px}@media screen and (max-width: 1200px){@media all and (-ms-high-contrast:none), (-ms-high-contrast:active){.wpgb-grid-8:not(.wpgb-enabled) .wpgb-viewport>div{margin:0 -10px}.wpgb-grid-8:not(.wpgb-enabled) .wpgb-card{width:calc(( 100% - 2 * 40px ) \/ 2 - 0.1px);margin:20px}}.wpgb-grid-8:not(.wpgb-enabled) .wpgb-viewport>div{grid-template-columns: repeat(2, 1fr);grid-gap:40px}.wp-grid-builder.wpgb-grid-8:not(.wpgb-enabled) .wpgb-card[data-col=\"2\"],.wp-grid-builder.wpgb-grid-8:not(.wpgb-enabled) .wpgb-card[data-col=\"3\"],.wp-grid-builder.wpgb-grid-8:not(.wpgb-enabled) .wpgb-card[data-col=\"4\"],.wp-grid-builder.wpgb-grid-8:not(.wpgb-enabled) .wpgb-card[data-col=\"5\"],.wp-grid-builder.wpgb-grid-8:not(.wpgb-enabled) .wpgb-card[data-col=\"6\"],.wp-grid-builder.wpgb-grid-8:not(.wpgb-enabled) .wpgb-card[data-col=\"7\"],.wp-grid-builder.wpgb-grid-8:not(.wpgb-enabled) .wpgb-card[data-col=\"8\"],.wp-grid-builder.wpgb-grid-8:not(.wpgb-enabled) .wpgb-card[data-col=\"9\"],.wp-grid-builder.wpgb-grid-8:not(.wpgb-enabled) .wpgb-card[data-col=\"10\"],.wp-grid-builder.wpgb-grid-8:not(.wpgb-enabled) .wpgb-card[data-col=\"11\"]{grid-column: span 2}}@media screen and (max-width: 992px){@media all and (-ms-high-contrast:none), (-ms-high-contrast:active){.wpgb-grid-8:not(.wpgb-enabled) .wpgb-viewport>div{margin:0 -10px}.wpgb-grid-8:not(.wpgb-enabled) .wpgb-card{width:calc(( 100% - 2 * 40px ) \/ 2 - 0.1px);margin:20px}}.wpgb-grid-8:not(.wpgb-enabled) .wpgb-viewport>div{grid-template-columns: repeat(2, 1fr);grid-gap:40px}.wp-grid-builder.wpgb-grid-8:not(.wpgb-enabled) .wpgb-card[data-col=\"2\"],.wp-grid-builder.wpgb-grid-8:not(.wpgb-enabled) .wpgb-card[data-col=\"3\"],.wp-grid-builder.wpgb-grid-8:not(.wpgb-enabled) .wpgb-card[data-col=\"4\"],.wp-grid-builder.wpgb-grid-8:not(.wpgb-enabled) .wpgb-card[data-col=\"5\"],.wp-grid-builder.wpgb-grid-8:not(.wpgb-enabled) .wpgb-card[data-col=\"6\"],.wp-grid-builder.wpgb-grid-8:not(.wpgb-enabled) .wpgb-card[data-col=\"7\"],.wp-grid-builder.wpgb-grid-8:not(.wpgb-enabled) .wpgb-card[data-col=\"8\"],.wp-grid-builder.wpgb-grid-8:not(.wpgb-enabled) .wpgb-card[data-col=\"9\"],.wp-grid-builder.wpgb-grid-8:not(.wpgb-enabled) .wpgb-card[data-col=\"10\"],.wp-grid-builder.wpgb-grid-8:not(.wpgb-enabled) .wpgb-card[data-col=\"11\"]{grid-column: span 2}}@media screen and (max-width: 768px){@media all and (-ms-high-contrast:none), (-ms-high-contrast:active){.wpgb-grid-8:not(.wpgb-enabled) .wpgb-viewport>div{margin:0 -10px}.wpgb-grid-8:not(.wpgb-enabled) .wpgb-card{width:calc(( 100% - 1 * 40px ) \/ 1 - 0.1px);margin:20px}}.wpgb-grid-8:not(.wpgb-enabled) .wpgb-viewport>div{grid-template-columns: repeat(1, 1fr);grid-gap:40px}.wp-grid-builder.wpgb-grid-8:not(.wpgb-enabled) .wpgb-card[data-col=\"1\"],.wp-grid-builder.wpgb-grid-8:not(.wpgb-enabled) .wpgb-card[data-col=\"2\"],.wp-grid-builder.wpgb-grid-8:not(.wpgb-enabled) .wpgb-card[data-col=\"3\"],.wp-grid-builder.wpgb-grid-8:not(.wpgb-enabled) .wpgb-card[data-col=\"4\"],.wp-grid-builder.wpgb-grid-8:not(.wpgb-enabled) .wpgb-card[data-col=\"5\"],.wp-grid-builder.wpgb-grid-8:not(.wpgb-enabled) .wpgb-card[data-col=\"6\"],.wp-grid-builder.wpgb-grid-8:not(.wpgb-enabled) .wpgb-card[data-col=\"7\"],.wp-grid-builder.wpgb-grid-8:not(.wpgb-enabled) .wpgb-card[data-col=\"8\"],.wp-grid-builder.wpgb-grid-8:not(.wpgb-enabled) .wpgb-card[data-col=\"9\"],.wp-grid-builder.wpgb-grid-8:not(.wpgb-enabled) .wpgb-card[data-col=\"10\"],.wp-grid-builder.wpgb-grid-8:not(.wpgb-enabled) .wpgb-card[data-col=\"11\"]{grid-column: span 1}}@media screen and (max-width: 576px){@media all and (-ms-high-contrast:none), (-ms-high-contrast:active){.wpgb-grid-8:not(.wpgb-enabled) .wpgb-viewport>div{margin:0 -10px}.wpgb-grid-8:not(.wpgb-enabled) .wpgb-card{width:calc(( 100% - 1 * 40px ) \/ 1 - 0.1px);margin:20px}}.wpgb-grid-8:not(.wpgb-enabled) .wpgb-viewport>div{grid-template-columns: repeat(1, 1fr);grid-gap:40px}.wp-grid-builder.wpgb-grid-8:not(.wpgb-enabled) .wpgb-card[data-col=\"1\"],.wp-grid-builder.wpgb-grid-8:not(.wpgb-enabled) .wpgb-card[data-col=\"2\"],.wp-grid-builder.wpgb-grid-8:not(.wpgb-enabled) .wpgb-card[data-col=\"3\"],.wp-grid-builder.wpgb-grid-8:not(.wpgb-enabled) .wpgb-card[data-col=\"4\"],.wp-grid-builder.wpgb-grid-8:not(.wpgb-enabled) .wpgb-card[data-col=\"5\"],.wp-grid-builder.wpgb-grid-8:not(.wpgb-enabled) .wpgb-card[data-col=\"6\"],.wp-grid-builder.wpgb-grid-8:not(.wpgb-enabled) .wpgb-card[data-col=\"7\"],.wp-grid-builder.wpgb-grid-8:not(.wpgb-enabled) .wpgb-card[data-col=\"8\"],.wp-grid-builder.wpgb-grid-8:not(.wpgb-enabled) .wpgb-card[data-col=\"9\"],.wp-grid-builder.wpgb-grid-8:not(.wpgb-enabled) .wpgb-card[data-col=\"10\"],.wp-grid-builder.wpgb-grid-8:not(.wpgb-enabled) .wpgb-card[data-col=\"11\"]{grid-column: span 1}}@media screen and (max-width: 320px){@media all and (-ms-high-contrast:none), (-ms-high-contrast:active){.wpgb-grid-8:not(.wpgb-enabled) .wpgb-viewport>div{margin:0 -10px}.wpgb-grid-8:not(.wpgb-enabled) .wpgb-card{width:calc(( 100% - 1 * 40px ) \/ 1 - 0.1px);margin:20px}}.wpgb-grid-8:not(.wpgb-enabled) .wpgb-viewport>div{grid-template-columns: repeat(1, 1fr);grid-gap:40px}.wp-grid-builder.wpgb-grid-8:not(.wpgb-enabled) .wpgb-card[data-col=\"1\"],.wp-grid-builder.wpgb-grid-8:not(.wpgb-enabled) .wpgb-card[data-col=\"2\"],.wp-grid-builder.wpgb-grid-8:not(.wpgb-enabled) .wpgb-card[data-col=\"3\"],.wp-grid-builder.wpgb-grid-8:not(.wpgb-enabled) .wpgb-card[data-col=\"4\"],.wp-grid-builder.wpgb-grid-8:not(.wpgb-enabled) .wpgb-card[data-col=\"5\"],.wp-grid-builder.wpgb-grid-8:not(.wpgb-enabled) .wpgb-card[data-col=\"6\"],.wp-grid-builder.wpgb-grid-8:not(.wpgb-enabled) .wpgb-card[data-col=\"7\"],.wp-grid-builder.wpgb-grid-8:not(.wpgb-enabled) .wpgb-card[data-col=\"8\"],.wp-grid-builder.wpgb-grid-8:not(.wpgb-enabled) .wpgb-card[data-col=\"9\"],.wp-grid-builder.wpgb-grid-8:not(.wpgb-enabled) .wpgb-card[data-col=\"10\"],.wp-grid-builder.wpgb-grid-8:not(.wpgb-enabled) .wpgb-card[data-col=\"11\"]{grid-column: span 1}}.wpgb-grid-8 .wpgb-card.wpgb-card-hidden .wpgb-card-wrapper{transform-origin:50% 100%;transform:perspective(2000px) translateY(200px) rotateX(60deg) scale(0.8);opacity:0;}.wpgb-grid-8 .wpgb-card:not(.wpgb-card-hidden) .wpgb-card-wrapper{transform:perspective(2000px) translateY(0) rotateX(0) scale(1);opacity:1;transition:700ms cubic-bezier(0.1,0.3,0.2,1);transition-property:transform, opacity;;}.wpgb-grid-8 .wpgb-card .wpgb-lazy-load{color:#ec0c8c;background:#edf3f8}@-webkit-keyframes wpgb-loader-14-1{17%{border-bottom-right-radius:10%}25%{-webkit-transform:translateY(11px) rotate(22.5deg)}50%{border-bottom-right-radius:100%;-webkit-transform:translateY(22px) scale(1,.9) rotate(45deg)}75%{-webkit-transform:translateY(11px) rotate(67.5deg)}100%{-webkit-transform:translateY(0) rotate(90deg)}}@keyframes wpgb-loader-14-1{17%{border-bottom-right-radius:10%}25%{transform:translateY(11px) rotate(22.5deg)}50%{border-bottom-right-radius:100%;transform:translateY(22px) scale(1,.9) rotate(45deg)}75%{transform:translateY(11px) rotate(67.5deg)}100%{transform:translateY(0) rotate(90deg)}}@-webkit-keyframes wpgb-loader-14-2{50%{-webkit-transform:scale(1.25,1)}}@keyframes wpgb-loader-14-2{50%{transform:scale(1.25,1)}}.wpgb-loader-14,.wpgb-loader-14>div{position:relative}.wpgb-loader-14{width:44px;height:44px;margin:3px}.wpgb-loader-14>div{position:absolute;left:0;width:100%}.wpgb-loader-14>div:nth-child(1){top:-11px;z-index:1;height:100%;border-radius:10%;-webkit-animation:wpgb-loader-14-1 .6s -.1s linear infinite;animation:wpgb-loader-14-1 .6s -.1s linear infinite}.wpgb-loader-14>div:nth-child(2){bottom:-9%;height:10%;border-radius:50%;opacity:.2;-webkit-animation:wpgb-loader-14-2 .6s -.1s linear infinite;animation:wpgb-loader-14-2 .6s -.1s linear infinite}.wpgb-grid-8 .wpgb-loader .wpgb-loader-14{transform: scale(1 )}.wpgb-grid-8 .wpgb-loader .wpgb-loader-14 *{color:#ec0c8c;background:#ec0c8c}.wp-grid-builder .wpgb-card-4 .wpgb-card-inner{overflow:hidden;border-top-left-radius:0;border-bottom-right-radius:0;border-top-right-radius:0;border-bottom-left-radius:0;box-shadow:0 0 0 0 rgba(0,0,0,.22);transition-duration:150ms}.wp-grid-builder .wpgb-card-4 .wpgb-card-media-content{text-align:center}.wp-grid-builder .wpgb-card-4 .wpgb-card-content{flex-grow:1}.wp-grid-builder .wpgb-card-4 .wpgb-card-body{padding-top:2em;min-height:220px}.wp-grid-builder .wpgb-card-4 .wpgb-card-footer{padding-bottom:2em}.wp-grid-builder .wpgb-card-4 .wpgb-block-1{background:#fff;display:inline-block;margin-bottom:20px;padding:5px 15px;border-width:0;border-top-left-radius:25px;border-bottom-right-radius:25px;border-top-right-radius:25px;border-bottom-left-radius:25px;font-weight:700}.wp-grid-builder .wpgb-card-4 .wpgb-block-3{display:block;height:39px;color:var(--wpgb-color-scheme-1);margin:0 0 .6em;padding:0;font-family:\"Caecilia\",caecilia,sans-serif!important;font-weight:900;font-size:1.625em;line-height:1.4;transition-duration:300ms}.wp-grid-builder .wpgb-card-4 .wpgb-block-3:hover{opacity:.8}.wp-grid-builder .wpgb-card-4 .wpgb-block-2{color:#000;height:105px;font-size:1.25em;line-height:1.5em}.wp-grid-builder .wpgb-card-4 .wpgb-block-7{width:169px;color:var(--wpgb-color-scheme-1);margin:0;padding:.8em .5em;border-width:3px;border-style:solid;border-color:#000;border-top-left-radius:0;border-bottom-right-radius:0;border-top-right-radius:0;border-bottom-left-radius:0;font-family:\"Varela Round\";font-weight:400;font-size:1em;line-height:1.4;text-align:center}.wp-grid-builder .wpgb-card-4:hover .wpgb-block-7{color:#fff;background:#ec0c8c;border-color:#ec0c8c}.wp-grid-builder:not(.wpgb-template){opacity:1!important}\n<\/style>\n<link rel='stylesheet' id='wpgb-fonts-css' href='https:\/\/fonts.googleapis.com\/css?family=Varela+Round%3A400&#038;ver=1725480979' media='all' \/>\n\n","protected":false},"excerpt":{"rendered":"<p>Ein Zuhause auf Zeit Standorte Im Kinderheim Lindenberg und den dezentralen Wohngruppen f\u00fcr Kinder und Jugendliche im Alter von 5 bis 18 Jahren. Erm\u00f6glicht werden ein konstantes Beziehungsnetz und verbindliche, stabile Rahmenbedingungen. In den Wohngruppen bieten wir das ganze Jahr eine Betreuung f\u00fcr Kinder und Jugendliche durch sozialp\u00e4dagogisches Fachpersonal an. Dies beinhaltet sowohl gruppenorientierte Aktivit\u00e4ten [&hellip;]<\/p>\n","protected":false},"author":6,"featured_media":0,"parent":89,"menu_order":0,"comment_status":"closed","ping_status":"closed","template":"","meta":{"_acf_changed":false,"_seopress_robots_primary_cat":"","_seopress_titles_title":"","_seopress_titles_desc":"","_seopress_robots_index":"","site-sidebar-layout":"default","site-content-layout":"","ast-site-content-layout":"default","site-content-style":"default","site-sidebar-style":"default","ast-global-header-display":"","ast-banner-title-visibility":"","ast-main-header-display":"","ast-hfb-above-header-display":"","ast-hfb-below-header-display":"","ast-hfb-mobile-header-display":"","site-post-title":"","ast-breadcrumbs-content":"","ast-featured-img":"","footer-sml-layout":"","ast-disable-related-posts":"","theme-transparent-header-meta":"","adv-header-id-meta":"","stick-header-meta":"","header-above-stick-meta":"","header-main-stick-meta":"","header-below-stick-meta":"","astra-migrate-meta-layouts":"set","ast-page-background-enabled":"default","ast-page-background-meta":{"desktop":{"background-color":"var(--ast-global-color-4)","background-image":"","background-repeat":"repeat","background-position":"center center","background-size":"auto","background-attachment":"scroll","background-type":"","background-media":"","overlay-type":"","overlay-color":"","overlay-opacity":"","overlay-gradient":""},"tablet":{"background-color":"","background-image":"","background-repeat":"repeat","background-position":"center center","background-size":"auto","background-attachment":"scroll","background-type":"","background-media":"","overlay-type":"","overlay-color":"","overlay-opacity":"","overlay-gradient":""},"mobile":{"background-color":"","background-image":"","background-repeat":"repeat","background-position":"center center","background-size":"auto","background-attachment":"scroll","background-type":"","background-media":"","overlay-type":"","overlay-color":"","overlay-opacity":"","overlay-gradient":""}},"ast-content-background-meta":{"desktop":{"background-color":"var(--ast-global-color-5)","background-image":"","background-repeat":"repeat","background-position":"center center","background-size":"auto","background-attachment":"scroll","background-type":"","background-media":"","overlay-type":"","overlay-color":"","overlay-opacity":"","overlay-gradient":""},"tablet":{"background-color":"var(--ast-global-color-5)","background-image":"","background-repeat":"repeat","background-position":"center center","background-size":"auto","background-attachment":"scroll","background-type":"","background-media":"","overlay-type":"","overlay-color":"","overlay-opacity":"","overlay-gradient":""},"mobile":{"background-color":"var(--ast-global-color-5)","background-image":"","background-repeat":"repeat","background-position":"center center","background-size":"auto","background-attachment":"scroll","background-type":"","background-media":"","overlay-type":"","overlay-color":"","overlay-opacity":"","overlay-gradient":""}},"iawp_total_views":4857,"footnotes":""},"class_list":["post-2978","page","type-page","status-publish"],"acf":[],"_links":{"self":[{"href":"https:\/\/www.familea.ch\/en\/wp-json\/wp\/v2\/pages\/2978","targetHints":{"allow":["GET"]}}],"collection":[{"href":"https:\/\/www.familea.ch\/en\/wp-json\/wp\/v2\/pages"}],"about":[{"href":"https:\/\/www.familea.ch\/en\/wp-json\/wp\/v2\/types\/page"}],"author":[{"embeddable":true,"href":"https:\/\/www.familea.ch\/en\/wp-json\/wp\/v2\/users\/6"}],"replies":[{"embeddable":true,"href":"https:\/\/www.familea.ch\/en\/wp-json\/wp\/v2\/comments?post=2978"}],"version-history":[{"count":35,"href":"https:\/\/www.familea.ch\/en\/wp-json\/wp\/v2\/pages\/2978\/revisions"}],"predecessor-version":[{"id":6328,"href":"https:\/\/www.familea.ch\/en\/wp-json\/wp\/v2\/pages\/2978\/revisions\/6328"}],"up":[{"embeddable":true,"href":"https:\/\/www.familea.ch\/en\/wp-json\/wp\/v2\/pages\/89"}],"wp:attachment":[{"href":"https:\/\/www.familea.ch\/en\/wp-json\/wp\/v2\/media?parent=2978"}],"curies":[{"name":"wp","href":"https:\/\/api.w.org\/{rel}","templated":true}]}}