{"id":3010,"date":"2022-12-15T11:10:00","date_gmt":"2022-12-15T10:10:00","guid":{"rendered":"https:\/\/www.familea.ch\/?page_id=3010"},"modified":"2025-01-17T11:57:40","modified_gmt":"2025-01-17T10:57:40","slug":"donate","status":"publish","type":"page","link":"https:\/\/www.familea.ch\/en\/spenden\/","title":{"rendered":"Donations"},"content":{"rendered":"<h1>\n\t\tThank you very much!\n\t<\/h1>\n\t\t\t\t<img decoding=\"async\" src=\"https:\/\/www.familea.ch\/wp-content\/uploads\/2024\/02\/pexels-fauxels-3184436-scaled.jpg\" alt=\"Donations\" itemprop=\"image\" height=\"1708\" width=\"2560\" title=\"Donations\" onerror=\"this.style.display='none'\"  \/>\n\t<nav  aria-label=\"breadcrumb\"><ol class=\"breadcrumb\"><li class=\"breadcrumb-item active\" aria-current=\"page\"><span><i class=\"fa-regular fa-house\"><\/i><\/span><\/li><\/ol><\/nav>\n\t\t<h3>Donations<\/h3><p>familea follows an idea that is big - because it makes people strong and actively supports them in coping with their everyday life. Some of familea's fields of activity are not subsidized or not subsidized to a sustainable extent.<\/p>\n<p>Thanks to your valuable contribution, we are able to purchase, for example, musical instruments or bicycles for children and young people, or organize vacation camps and health promotion projects. These measures promote the sense of achievement and self-confidence of each child.<\/p>\n<p>In the familea women's counseling service, it is possible to inform affected persons about their rights and claims and to accompany them through difficult life situations. Where urgently needed - for example in the case of outstanding rent claims or health insurance bills - we also help out quickly and without complications.<\/p>\n<p>We already thank you very much for your valuable help and trust.<\/p>\n<p>\u00a0<\/p>\n\t\t<h3>Our donation account<\/h3>PC 49-555500-0<br \/>\nIBAN CH92 0900 0000 4955 5500 0<br \/>\n\n<strong>Please do not forget the payment reference <em>Donation<\/em> Specify.<\/strong><br \/>\nDonations to familea can be deducted from taxes.","protected":false},"excerpt":{"rendered":"<p>Herzlichen Dank! Spenden familea folgt einer Idee, die gross ist &#8211; weil sie Menschen stark macht und tatkr\u00e4ftig bei der Bew\u00e4ltigung ihres Alltags unterst\u00fctzt. Einige T\u00e4tigkeitsfelder von familea werden nicht oder nicht im tragenden Umfang subventioniert. Dank Ihrer wertvollen Zuwendung k\u00f6nnen wir zum Beispiel Musikinstrumente oder Fahrr\u00e4der f\u00fcr Kinder und Jugendliche anschaffen oder Ferienlager und [&hellip;]<\/p>\n","protected":false},"author":5,"featured_media":0,"parent":0,"menu_order":0,"comment_status":"closed","ping_status":"closed","template":"","meta":{"_acf_changed":false,"_seopress_robots_primary_cat":"","_seopress_titles_title":"Spenden | familea","_seopress_titles_desc":"","_seopress_robots_index":"","site-sidebar-layout":"default","site-content-layout":"","ast-site-content-layout":"default","site-content-style":"default","site-sidebar-style":"default","ast-global-header-display":"","ast-banner-title-visibility":"","ast-main-header-display":"","ast-hfb-above-header-display":"","ast-hfb-below-header-display":"","ast-hfb-mobile-header-display":"","site-post-title":"","ast-breadcrumbs-content":"","ast-featured-img":"","footer-sml-layout":"","ast-disable-related-posts":"","theme-transparent-header-meta":"","adv-header-id-meta":"","stick-header-meta":"","header-above-stick-meta":"","header-main-stick-meta":"","header-below-stick-meta":"","astra-migrate-meta-layouts":"default","ast-page-background-enabled":"default","ast-page-background-meta":{"desktop":{"background-color":"var(--ast-global-color-4)","background-image":"","background-repeat":"repeat","background-position":"center center","background-size":"auto","background-attachment":"scroll","background-type":"","background-media":"","overlay-type":"","overlay-color":"","overlay-opacity":"","overlay-gradient":""},"tablet":{"background-color":"","background-image":"","background-repeat":"repeat","background-position":"center center","background-size":"auto","background-attachment":"scroll","background-type":"","background-media":"","overlay-type":"","overlay-color":"","overlay-opacity":"","overlay-gradient":""},"mobile":{"background-color":"","background-image":"","background-repeat":"repeat","background-position":"center center","background-size":"auto","background-attachment":"scroll","background-type":"","background-media":"","overlay-type":"","overlay-color":"","overlay-opacity":"","overlay-gradient":""}},"ast-content-background-meta":{"desktop":{"background-color":"var(--ast-global-color-5)","background-image":"","background-repeat":"repeat","background-position":"center center","background-size":"auto","background-attachment":"scroll","background-type":"","background-media":"","overlay-type":"","overlay-color":"","overlay-opacity":"","overlay-gradient":""},"tablet":{"background-color":"var(--ast-global-color-5)","background-image":"","background-repeat":"repeat","background-position":"center center","background-size":"auto","background-attachment":"scroll","background-type":"","background-media":"","overlay-type":"","overlay-color":"","overlay-opacity":"","overlay-gradient":""},"mobile":{"background-color":"var(--ast-global-color-5)","background-image":"","background-repeat":"repeat","background-position":"center center","background-size":"auto","background-attachment":"scroll","background-type":"","background-media":"","overlay-type":"","overlay-color":"","overlay-opacity":"","overlay-gradient":""}},"iawp_total_views":721,"footnotes":""},"class_list":["post-3010","page","type-page","status-publish"],"acf":[],"_links":{"self":[{"href":"https:\/\/www.familea.ch\/en\/wp-json\/wp\/v2\/pages\/3010","targetHints":{"allow":["GET"]}}],"collection":[{"href":"https:\/\/www.familea.ch\/en\/wp-json\/wp\/v2\/pages"}],"about":[{"href":"https:\/\/www.familea.ch\/en\/wp-json\/wp\/v2\/types\/page"}],"author":[{"embeddable":true,"href":"https:\/\/www.familea.ch\/en\/wp-json\/wp\/v2\/users\/5"}],"replies":[{"embeddable":true,"href":"https:\/\/www.familea.ch\/en\/wp-json\/wp\/v2\/comments?post=3010"}],"version-history":[{"count":7,"href":"https:\/\/www.familea.ch\/en\/wp-json\/wp\/v2\/pages\/3010\/revisions"}],"predecessor-version":[{"id":7098,"href":"https:\/\/www.familea.ch\/en\/wp-json\/wp\/v2\/pages\/3010\/revisions\/7098"}],"wp:attachment":[{"href":"https:\/\/www.familea.ch\/en\/wp-json\/wp\/v2\/media?parent=3010"}],"curies":[{"name":"wp","href":"https:\/\/api.w.org\/{rel}","templated":true}]}}