{"id":3057,"date":"2022-12-15T17:06:28","date_gmt":"2022-12-15T16:06:28","guid":{"rendered":"https:\/\/www.familea.ch\/?page_id=3057"},"modified":"2025-06-03T16:15:48","modified_gmt":"2025-06-03T14:15:48","slug":"crisis-intervention-2","status":"publish","type":"page","link":"https:\/\/www.familea.ch\/en\/kinder-jugendheime\/krisenintervention\/","title":{"rendered":"Crisis intervention and clarification"},"content":{"rendered":"<h1>\n\t\tTransit home Im Vogelsang\n\t<\/h1>\n\t<p>The Im Vogelsang transit home offers 24 places for children and young people around the clock, 365 days a year. The three residential groups each care for eight children who are temporarily unable to live with their families of origin.<\/p>\n<p>There is also an internal school (socio-educational day structure) with 8 places.<\/p>\n\t\t\t\t<img decoding=\"async\" src=\"https:\/\/www.familea.ch\/wp-content\/plugins\/bb-plugin\/img\/pixel.png\" alt=\"\" itemprop=\"image\" onerror=\"this.style.display='none'\"  \/>\n\t<nav  aria-label=\"breadcrumb\"><ol class=\"breadcrumb\"><li class=\"breadcrumb-item active\" aria-current=\"page\"><span><i class=\"fa-regular fa-house\"><\/i><\/span><\/li><\/ol><\/nav>\n<h2>\n\t\tCrisis intervention and clarification\n\t<\/h2>\n\t<p>The Im Vogelsang transit home offers support with clarification orders (BEO) and\/or crisis interventions 365 days a year, around the clock. The stay serves to calm the situation and provides a framework for structured, socio-pedagogical clarification.<\/p>\n\t\t<h3>Order<\/h3>Our main mission is to support the child and his or her family in crisis situations, involving the relevant people from the environment and the involved specialized agencies.<br \/>\nThe offer includes various forms of assignment adapted to the respective circumstances, such as crisis intervention, bridging or pedagogical clarification. Depending on the type of assignment, the length of stay varies from one day to a maximum of one year, usually until the follow-up solution is ready. There is a cooperation agreement with the child and adolescent psychiatric clinic (UPKKJ BS).\n<p>During their stay, the children and adolescents in care continue to attend their previous school if possible. If necessary, an internal school with 8 places (socio-pedagogical day structure) is available for the 1st to 6th grade. In cooperation with the families as well as the help system, decision bases and recommendations for the further procedure are derived, implemented and transparently documented.<\/p>\n<p>We offer emergency accommodation for the canton of BS and act as a triage point for the offer of emergency beds (cantons BS\/BL).<\/p>\n<p>Our pedagogical concept serves as the basis for our work.<\/p>\n\t\t\t<a href=\"https:\/\/www.familea.ch\/en\/download\/educational-concept-of-the-vogelsang-transit-home\/\" title=\"Click here\" target=\"_self\"   role=\"button\" aria-label=\"Pedagogical concept\">\n\t\t\t\t\t\t\tPedagogical concept\n\t\t<\/a>\n<h3>\n\t\tContact\n\t<\/h3>\n\t\t\t\tPhone +41 61 260 86 20<br \/>\n<a href=\"mailto:vogelsang@familea.ch\">vogelsang@familea.ch<\/a>\n<strong>Address<\/strong><br \/>\nTransit home Im Vogelsang<br \/>\nWeilerweg 3<br \/>\n4057 Basel\n\t<iframe src=\"https:\/\/www.google.com\/maps\/embed\/v1\/place?q=Weilerweg+3+4057+Basel&#038;key=AIzaSyD09zQ9PNDNNy9TadMuzRV_UsPUoWKntt8\" aria-hidden=\"true\"><\/iframe>\n<h3>\n\t\tTarget group\n\t<\/h3>\n\t\t<h3>Delimitation<\/h3><p>Our services are not designed for children and adolescents who require specialized care due to the following issues:<\/p>\n<h3>\n\t\tSupport offer\n\t<\/h3>\n\t\t<h3>Placement reasons<\/h3>\t\n\t\t<h3>Request<\/h3><p>Requests by an authority are possible at any time and will be processed by us as quickly as possible.<\/p>\n<h2>\n\t\tDurchgangsheim Im Vogelsang at a glance\n\t<\/h2>\n\t<h4>Offer<\/h4>\n\t<ul>\n<li>Residential care and socio-pedagogical day structure (age 6 - 13 years)<\/li>\n<li>24h emergency admissions for children residing in BS<\/li>\n<li>Emergency beds triage<\/li>\n<\/ul>\n\t<h4>Number of seats<\/h4>\n\t<p>24 children and teenagers<\/p>\n\t<h4>Age<\/h4>\n\t<p>6 to 13 years<\/p>\n\t<h4>Social pedagogical offers<\/h4>\n\t<ul>\n<li>Promotion and development planning<\/li>\n<li>Involvement of the family of origin<\/li>\n<li>Professional recommendation for a follow-up solution and support of the transition process<\/li>\n<li>Professionally sound reporting<\/li>\n<\/ul>\n\t<h4>School offers<\/h4>\n\t<ul>\n<li>Promotion of school competencies and<br \/>\nAccompaniment in existing school<\/li>\n<li>Time-limited individual school support within the framework of the socio-pedagogical day structure<\/li>\n<li>School timeout<\/li>\n<li>Expert reporting and recommendation for follow-up school solution<\/li>\n<\/ul>\n\t<h4>Target group<\/h4>\n\t<ul>\n<li>Children and adolescents, m\/f with socio-educational indication<\/li>\n<li>Children and adolescents who require specialized care due to severe physical, psychological or mental impairments, severe self-aggressive or aggressive behavior towards others, acute suicidal tendencies or acute addiction are not admitted.<\/li>\n<\/ul>\n\t<h4>Placement reasons<\/h4>\n\t<ul>\n<li>Educational support needs<\/li>\n<li>Crisis intervention due to acute danger and threat<\/li>\n<li>Hazard notification<\/li>\n<li>Lack of or insufficient support<\/li>\n<li>Termination of an already existing measure<\/li>\n<li>Transition and preparation for a further measure<\/li>\n<\/ul>\n\t<h4>Formal placement basis<\/h4>\n\t<ul>\n<li>At the request of the legal guardian(s) with official indication<\/li>\n<li>Civil measures (ZGB)<\/li>\n<li>Criminal measure (StGB)<\/li>\n<\/ul>\n\t<h4>Who can assign?<\/h4>\n\t<ul>\n<li>Recognized cantonal and communal specialized agencies<\/li>\n<li>Child and adult protection authority KESB<\/li>\n<\/ul>\n\t\t\t<h3>News<\/h3>\t\t\t\n\t\t\t\t<p>From the area of children's and youth homes<\/p>\n\t\t\t\t\t\t\t\t\t\t\t\t\t\t<a href=\"https:\/\/www.familea.ch\/en\/eventful-ski-camp-week-in-graechen\/\" target=\"_self\" title=\"Adventurous ski camp week in Gr\u00e4chen\">\n\t\t\t\t<img decoding=\"async\" src=\"https:\/\/www.familea.ch\/wp-content\/uploads\/2025\/04\/img_9104_quer-1024x683.jpg\" alt=\"img 9104 landscape\" \/>\n\t\t\t\t<\/a>\n\t\t\t\t\t\t<h4>\n\t\t\t\t<a href=\"https:\/\/www.familea.ch\/en\/eventful-ski-camp-week-in-graechen\/\" title=\"Adventurous ski camp week in Gr\u00e4chen\" tabindex=\"0\">Adventurous ski camp week in Gr\u00e4chen<\/a>\t\t\t<\/h4>\n\t\t\t\t\t\t\t\tDuring the carnival week, the three residential groups of the children's and youth homes experienced an unforgettable ski camp week in Gr\u00e4chen.\n\t\t\t<a href=\"https:\/\/www.familea.ch\/en\/eventful-ski-camp-week-in-graechen\/\" title=\"Click here\" target=\"_self\"   role=\"button\" aria-label=\"Read more\">\n\t\t\t\t\t\t\tRead more\n\t\t<\/a>\n\t\t\t\t\t\t\t\t\t\t\t\t\t\t<a href=\"https:\/\/www.familea.ch\/en\/fasnacht-2025-at-the-lindenberg-childrens-home-dubai-chocolate-and-ai-does-it-have-to-be\/\" target=\"_self\" title=\"The Lindenberg children&#039;s home at the carnival\">\n\t\t\t\t<img decoding=\"async\" src=\"https:\/\/www.familea.ch\/wp-content\/uploads\/2025\/04\/20250310_135830-1024x768.jpg\" alt=\"20250310 135830\" \/>\n\t\t\t\t<\/a>\n\t\t\t\t\t\t<h4>\n\t\t\t\t<a href=\"https:\/\/www.familea.ch\/en\/fasnacht-2025-at-the-lindenberg-childrens-home-dubai-chocolate-and-ai-does-it-have-to-be\/\" title=\"The Lindenberg children&#039;s home at the carnival\" tabindex=\"0\">The Lindenberg children's home at the carnival<\/a>\t\t\t<\/h4>\n\t\t\t\t\t\t\t\tUnder the motto \"Dubai Schoggi und KI - muess das si?\", the Lindenb\u00e4\u00e4rg Waggis mingled happily with the carnival revellers.\n\t\t\t<a href=\"https:\/\/www.familea.ch\/en\/fasnacht-2025-at-the-lindenberg-childrens-home-dubai-chocolate-and-ai-does-it-have-to-be\/\" title=\"Click here\" target=\"_self\"   role=\"button\" aria-label=\"Read more\">\n\t\t\t\t\t\t\tRead more\n\t\t<\/a>\n\t\t\t\t\t\t\t\t\t\t\t\t\t\t<a href=\"https:\/\/www.familea.ch\/en\/warm-welcome-at-fossil-a-special-thank-you\/\" target=\"_self\" title=\"A warm welcome at Fossil - A special thank you\">\n\t\t\t\t<img decoding=\"async\" src=\"https:\/\/www.familea.ch\/wp-content\/uploads\/2025\/02\/dankeschoen-bei-fossil-1-1024x577.jpg\" alt=\"thank you at fossil (1)\" \/>\n\t\t\t\t<\/a>\n\t\t\t\t\t\t<h4>\n\t\t\t\t<a href=\"https:\/\/www.familea.ch\/en\/warm-welcome-at-fossil-a-special-thank-you\/\" title=\"A warm welcome at Fossil - A special thank you\" tabindex=\"0\">A warm welcome at Fossil - A special thank you<\/a>\t\t\t<\/h4>\nOn February 11, the children from the Im Vogelsang transit home were invited to the Fossil office on Riehenring. \n\t\t\t<a href=\"https:\/\/www.familea.ch\/en\/warm-welcome-at-fossil-a-special-thank-you\/\" title=\"Click here\" target=\"_self\"   role=\"button\" aria-label=\"Read more\">\n\t\t\t\t\t\t\tRead more\n\t\t<\/a>","protected":false},"excerpt":{"rendered":"<p>Durchgangsheim Im Vogelsang Das Durchgangsheim Im Vogelsang bietet 24 Pl\u00e4tze f\u00fcr Kinder und Jugendliche an 365 Tagen, rund um die Uhr. Auf den drei Wohngruppen werden je acht Kinder betreut, die vor\u00fcbergehend nicht in ihrer Herkunftsfamilie leben k\u00f6nnen. Zus\u00e4tzlich besteht eine Interne Schule (sozialp\u00e4dagogische Tagesstruktur) mit 8 Pl\u00e4tzen. Krisenintervention und Abkl\u00e4rung Das Durchgangsheim Im Vogelsang [&hellip;]<\/p>\n","protected":false},"author":6,"featured_media":0,"parent":89,"menu_order":0,"comment_status":"closed","ping_status":"closed","template":"","meta":{"_acf_changed":false,"_seopress_robots_primary_cat":"","_seopress_titles_title":"","_seopress_titles_desc":"","_seopress_robots_index":"","site-sidebar-layout":"default","site-content-layout":"","ast-site-content-layout":"default","site-content-style":"default","site-sidebar-style":"default","ast-global-header-display":"","ast-banner-title-visibility":"","ast-main-header-display":"","ast-hfb-above-header-display":"","ast-hfb-below-header-display":"","ast-hfb-mobile-header-display":"","site-post-title":"","ast-breadcrumbs-content":"","ast-featured-img":"","footer-sml-layout":"","ast-disable-related-posts":"","theme-transparent-header-meta":"","adv-header-id-meta":"","stick-header-meta":"","header-above-stick-meta":"","header-main-stick-meta":"","header-below-stick-meta":"","astra-migrate-meta-layouts":"set","ast-page-background-enabled":"default","ast-page-background-meta":{"desktop":{"background-color":"var(--ast-global-color-4)","background-image":"","background-repeat":"repeat","background-position":"center center","background-size":"auto","background-attachment":"scroll","background-type":"","background-media":"","overlay-type":"","overlay-color":"","overlay-opacity":"","overlay-gradient":""},"tablet":{"background-color":"","background-image":"","background-repeat":"repeat","background-position":"center center","background-size":"auto","background-attachment":"scroll","background-type":"","background-media":"","overlay-type":"","overlay-color":"","overlay-opacity":"","overlay-gradient":""},"mobile":{"background-color":"","background-image":"","background-repeat":"repeat","background-position":"center center","background-size":"auto","background-attachment":"scroll","background-type":"","background-media":"","overlay-type":"","overlay-color":"","overlay-opacity":"","overlay-gradient":""}},"ast-content-background-meta":{"desktop":{"background-color":"var(--ast-global-color-5)","background-image":"","background-repeat":"repeat","background-position":"center center","background-size":"auto","background-attachment":"scroll","background-type":"","background-media":"","overlay-type":"","overlay-color":"","overlay-opacity":"","overlay-gradient":""},"tablet":{"background-color":"var(--ast-global-color-5)","background-image":"","background-repeat":"repeat","background-position":"center center","background-size":"auto","background-attachment":"scroll","background-type":"","background-media":"","overlay-type":"","overlay-color":"","overlay-opacity":"","overlay-gradient":""},"mobile":{"background-color":"var(--ast-global-color-5)","background-image":"","background-repeat":"repeat","background-position":"center center","background-size":"auto","background-attachment":"scroll","background-type":"","background-media":"","overlay-type":"","overlay-color":"","overlay-opacity":"","overlay-gradient":""}},"iawp_total_views":11685,"footnotes":""},"class_list":["post-3057","page","type-page","status-publish"],"acf":[],"_links":{"self":[{"href":"https:\/\/www.familea.ch\/en\/wp-json\/wp\/v2\/pages\/3057","targetHints":{"allow":["GET"]}}],"collection":[{"href":"https:\/\/www.familea.ch\/en\/wp-json\/wp\/v2\/pages"}],"about":[{"href":"https:\/\/www.familea.ch\/en\/wp-json\/wp\/v2\/types\/page"}],"author":[{"embeddable":true,"href":"https:\/\/www.familea.ch\/en\/wp-json\/wp\/v2\/users\/6"}],"replies":[{"embeddable":true,"href":"https:\/\/www.familea.ch\/en\/wp-json\/wp\/v2\/comments?post=3057"}],"version-history":[{"count":56,"href":"https:\/\/www.familea.ch\/en\/wp-json\/wp\/v2\/pages\/3057\/revisions"}],"predecessor-version":[{"id":7667,"href":"https:\/\/www.familea.ch\/en\/wp-json\/wp\/v2\/pages\/3057\/revisions\/7667"}],"up":[{"embeddable":true,"href":"https:\/\/www.familea.ch\/en\/wp-json\/wp\/v2\/pages\/89"}],"wp:attachment":[{"href":"https:\/\/www.familea.ch\/en\/wp-json\/wp\/v2\/media?parent=3057"}],"curies":[{"name":"wp","href":"https:\/\/api.w.org\/{rel}","templated":true}]}}