{"id":409,"date":"2022-11-05T15:27:31","date_gmt":"2022-11-05T14:27:31","guid":{"rendered":"https:\/\/www.familea.ch\/?page_id=409"},"modified":"2026-03-18T13:25:54","modified_gmt":"2026-03-18T12:25:54","slug":"stationary-2","status":"publish","type":"page","link":"https:\/\/www.familea.ch\/en\/kinder-jugendheime\/stationaer\/","title":{"rendered":"Inpatient offers"},"content":{"rendered":"<h2>\n\t\t\tHome for a time\t<\/h2>\n\t\t\t\t<img decoding=\"async\" src=\"https:\/\/www.familea.ch\/wp-content\/uploads\/2024\/05\/1f1a8451_familea__lindenberg_innen-1360x700.jpg\" alt=\"1f1a8451 familea lindenberg inside\" itemprop=\"image\" height=\"700\" width=\"1360\" title=\"1F1A8451_familea__Lindenberg_innen\" onerror=\"this.style.display='none'\" loading=\"lazy\" \/>\n\t<nav  aria-label=\"breadcrumb\"><ol class=\"breadcrumb\"><li class=\"breadcrumb-item active\" aria-current=\"page\"><span><i class=\"fa-regular fa-house\"><\/i><\/span><\/li><\/ol><\/nav>\n\t<p>The centralized and decentralized residential groups supplement parental education. Children and adolescents from 5 to 18 years of age are cared for and supported here by socio-educational staff. The parents are relieved and strengthened in their educational responsibility through close cooperation. The support and care process is based on the pedagogical concept, supports the children and adolescents in their development and is transparently documented. The objectives and necessity of the stay are constantly reviewed with those involved. We attach great importance to the cooperation with the family of origin and the involved specialists.<\/p>\n\t\t<h3>Mission and goal<\/h3><p>In our residential groups, we offer children and adolescents a temporary place to live when living at home is not possible due to challenging life situations in the family. In a family setting, we value a respectful and appreciative atmosphere and accompany and support the children and adolescents individually in their everyday lives.<\/p>\n<p>We support them in the development of a healthy personality and towards a self-determined, independent and active member of society. We recognize and encourage the child in his personality, perception and rights and offer him a safe place where physical and mental health is taken care of. At the same time, social and practical life skills as well as self-competence are strengthened and promoted.<\/p>\n<p>Our goal is to provide all children and adolescents with a great deal of stability and peace during their stay and, whenever possible, to prepare them well for a return to family or independence.<\/p>\n<p>The cooperation with the parents and guardians and other involved professionals is very important to us. We are guided by a system-oriented approach and assume that changes in the system have an impact on everyone involved. Therefore, we ensure a regular exchange with all parties involved and find the best possible solutions for the children and adolescents.<\/p>\n<p>Our work is based on our pedagogical concept, which is oriented towards the UN Convention on the Rights of the Child as well as the quality standards of Quality4Children.<\/p>\n<h3>\n\t\t\tOffers\t<\/h3>\n\t\t<h3>Target group<\/h3><p>Children and adolescents between the ages of 5 and 18 are admitted on socio-educational grounds,<\/p>\n\t<p>Remaining in the residential group beyond the age of 18 is possible, in agreement with the adolescent, as long as there is a necessity or need and funding is guaranteed.<\/p>\n<p>Our offer is medium to long-term and the length of stay is usually at least one year. Shorter stays and emergency placements must be considered individually.<\/p>\n\t\t<h3>Delimitation<\/h3><p>Our services are not designed for children and adolescents who require specialized care due to the following issues:<\/p>\n<h3>\n\t\t\tCooperation\t<\/h3>\n\t\t<h3>Aftercare<\/h3><p>After leaving the residential group, we offer regular, outpatient socio-pedagogical support for the children or adolescents and thus accompany the transition to the family or the individual follow-up solution in the best possible way. The goal is to gently and consciously shape the transition into the new living situation and to be able to offer assistance where it is still necessary.<\/p>\n\t\t<h3>Emergency accommodation<\/h3><p>We offer emergency accommodation for children and adolescents from the canton of Basel City for a maximum of 4 days and 3 nights. The children and adolescents find a safe place where they can find peace for the time being and a follow-up solution is sought in consultation with the responsible social workers.<\/p>\n\t\t<h3>Recording<\/h3><p>Requests by an authority are possible at any time and will be processed by us as quickly as possible.<\/p>\n<p>Our admission procedure serves the careful examination of the indication \/ order and clarifies whether the need for care corresponds to our offer.<\/p>\n<h3>\n\t\t\tBasics\t<\/h3>\n\t<p>If an agreement on a placement can be reached, the assignment and the common objectives for the assignment are agreed upon in an entry interview and recorded in a care agreement. The assignment and the objectives are reviewed every six months in a site meeting.<\/p>\n<p>The pedagogical concept serves as the basis for our work.<\/p>\n\t\t\t<a href=\"https:\/\/www.familea.ch\/wp-content\/uploads\/2022\/12\/paedagogisches_konzept_stationaeres-wohnen.pdf\" title=\"Pedagogical concept\" target=\"_self\"   role=\"button\" aria-label=\"Pedagogical concept\">\n\t\t\t\t\t\t\tPedagogical concept\n\t\t<\/a>\n<h2  id=\"anfrage\">\n\t\t\tFree seats\t<\/h2>\n<h3>\n\t\t\tContact\t<\/h3>\n\t<p>Please contact us for information about the status of free places. We are happy to provide information at any time.<\/p>\n\n\t\t\t\t<img decoding=\"async\" src=\"https:\/\/www.familea.ch\/wp-content\/uploads\/2023\/05\/cyrill-jenni-scaled.jpg\" alt=\"cyrill jenni\" title=\"Cyrill Jenni\" itemprop=\"image\"\/>\n\t\t<h4>Cyrill Jenni<\/h4>\t\t\t\n\t\t\t\t<p>Co-Management Inpatient Living<br \/>061 260 86 67<br \/><a href=\"mailto:cyrill.jenni@familea.ch\">cyrill.jenni@familea.ch<\/a><\/p>\n<h2>\n\t\t\tInpatient living at a glance\t<\/h2>\n\t<h4>Offer<\/h4>\n\t<ul>\n<li>Inpatient care for children and adolescents in 7 residential groups by socio-educational staff 365 days a year around the clock<\/li>\n<li>24h emergency admissions for children residing in BS<\/li>\n<li>Follow-up support if required and mutually agreed upon<\/li>\n<\/ul>\n\t<h4>Locations<\/h4>\n\t<p>The four different locations make it possible to offer children and young people a place to live that meets their needs:<\/p>\n<ul>\n<li>Children's home Lindenberg (school group 5-16 years and youth group 14-18 years, 32 places)<\/li>\n<li>Hirzbrunnen shared flat (12-18 years, 8 places)<\/li>\n<li>WG Missionsstrasse (5-16 years, 8 places)<\/li>\n<li>WG Oberwilerstrasse (14-18 years, 8 places)<\/li>\n<\/ul>\n\t<h4>Target group<\/h4>\n\t<p>Children and adolescents, m\/f, aged 5 - 18 years with socio-educational indication,<\/p>\n<ul>\n<li>who, due to their current situation, need a stationary residential offer with socio-pedagogical support,<\/li>\n<li>regularly attend an external day structure (kindergarten, school, training) and<\/li>\n<li>bring the willingness to engage with the offer<\/li>\n<li>Children and adolescents who require specialized care due to severe physical, psychological or mental impairments, severe self-aggressive or aggressive behavior towards others, acute suicidal tendencies or acute addiction are not admitted.<\/li>\n<\/ul>\n\t<h4>Placement reasons<\/h4>\n\t<ul>\n<li>Educational support needs<\/li>\n<li>Lack of or insufficient support<\/li>\n<li>Termination of an already existing measure<\/li>\n<li>Transition and preparation for a further measure<\/li>\n<\/ul>\n\t<h4>Formal placement basis<\/h4>\n\t<ul>\n<li>At the request of the legal guardian(s) with official indication<\/li>\n<li>Civil measures (ZGB)<\/li>\n<li>Criminal measure (JStGB)<\/li>\n<\/ul>\n\t<h4>Who can assign?<\/h4>\n\t<ul>\n<li>Recognized cantonal and communal specialized agencies<\/li>\n<li>Child and adult protection authority KESB<\/li>\n<\/ul>\n\t\t\t<h3>News<\/h3>\t\t\t\n\t\t\t\t<p>From the area of children's and youth homes<\/p>\n\t\t\t\t\t\t\t\t\t\t\t\t\t\t<a href=\"https:\/\/www.familea.ch\/en\/media-coffee-insights-into-history-development-and-anniversary-program\/\" target=\"_self\" title=\"media coffee insights into history development and anniversary program\">\n\t\t\t\t<img decoding=\"async\" src=\"https:\/\/www.familea.ch\/wp-content\/uploads\/2026\/03\/pressekonferenz-2026-jubilaeum-125-12-2-1024x577.jpg\" alt=\"press conference 2026 anniversary 125 (12) 2\" \/>\n\t\t\t\t<\/a>\n\t\t\t\t\t\t<h4>\n\t\t\t\t<a href=\"https:\/\/www.familea.ch\/en\/media-coffee-insights-into-history-development-and-anniversary-program\/\" title=\"media coffee insights into history development and anniversary program\">media coffee insights into history development and anniversary program<\/a>\t\t\t<\/h4>\n\t\t\t\t\t\t\t\tAt the media coffee break at the familea office, media representatives were given an insight into the history, development and anniversary program for familea's 125th birthday.\n\t\t\t<a href=\"https:\/\/www.familea.ch\/en\/media-coffee-insights-into-history-development-and-anniversary-program\/\" title=\"Read more\" target=\"_self\"   role=\"button\" aria-label=\"Read more\">\n\t\t\t\t\t\t\tRead more\n\t\t<\/a>\n\t\t\t\t\t\t\t\t\t\t\t\t\t\t<a href=\"https:\/\/www.familea.ch\/en\/familea-is-a-new-member-of-alliance-enfance\/\" target=\"_self\" title=\"familea is a new member of Alliance Enfance\">\n\t\t\t\t<img decoding=\"async\" src=\"https:\/\/www.familea.ch\/wp-content\/uploads\/2026\/03\/thum-alliance-enfence-1024x640.jpg\" alt=\"thum alliance enfence\" \/>\n\t\t\t\t<\/a>\n\t\t\t\t\t\t<h4>\n\t\t\t\t<a href=\"https:\/\/www.familea.ch\/en\/familea-is-a-new-member-of-alliance-enfance\/\" title=\"familea is a new member of Alliance Enfance\">familea is a new member of Alliance Enfance<\/a>\t\t\t<\/h4>\n\t\t\t\t\t\t\t\tfamilea is a new member of Alliance Enfance, an association of organizations that work for good conditions for children and families throughout Switzerland.\n\t\t\t<a href=\"https:\/\/www.familea.ch\/en\/familea-is-a-new-member-of-alliance-enfance\/\" title=\"Read more\" target=\"_self\"   role=\"button\" aria-label=\"Read more\">\n\t\t\t\t\t\t\tRead more\n\t\t<\/a>\n\t\t\t\t\t\t\t\t\t\t\t\t\t\t<a href=\"https:\/\/www.familea.ch\/en\/me-time-for-world-womens-day\/\" target=\"_self\" title=\"Me-Time for International Women&#039;s Day\">\n\t\t\t\t<img decoding=\"async\" src=\"https:\/\/www.familea.ch\/wp-content\/uploads\/2026\/02\/yoga-und-brunch-1920-x-1080-px-1024x576.png\" alt=\"yoga and brunch (1920 x 1080 px)\" \/>\n\t\t\t\t<\/a>\n\t\t\t\t\t\t<h4>\n\t\t\t\t<a href=\"https:\/\/www.familea.ch\/en\/me-time-for-world-womens-day\/\" title=\"Me-Time for International Women&#039;s Day\">Me-Time for International Women's Day<\/a>\t\t\t<\/h4>\n\t\t\t\t\t\t\t\tEveryday life is often characterized by responsibility, deadlines and expectations. This makes it all the more important to consciously take some time out - time just for yourself.\n\t\t\t<a href=\"https:\/\/www.familea.ch\/en\/me-time-for-world-womens-day\/\" title=\"Read more\" target=\"_self\"   role=\"button\" aria-label=\"Read more\">\n\t\t\t\t\t\t\tRead more\n\t\t<\/a>","protected":false},"excerpt":{"rendered":"<p>Zuhause auf Zeit Die zentralen und dezentralen Wohngruppen bilden eine Erg\u00e4nzung zur elterlichen Erziehung. Kinder und Jugendliche von 5 bis 18 Jahren werden hier durch sozialp\u00e4dagogisches Fachpersonal betreut und gef\u00f6rdert. Die Eltern werden entlastet und durch eine enge Zusammenarbeit in ihrer Erziehungsverantwortung gest\u00e4rkt. Der F\u00f6rder- und Betreuungsprozess beruht auf dem p\u00e4dagogischen Konzept, unterst\u00fctzt die Kinder- [&hellip;]<\/p>\n","protected":false},"author":1,"featured_media":0,"parent":89,"menu_order":0,"comment_status":"closed","ping_status":"closed","template":"","meta":{"_acf_changed":false,"_seopress_robots_primary_cat":"","_seopress_titles_title":"","_seopress_titles_desc":"","_seopress_robots_index":"","site-sidebar-layout":"default","site-content-layout":"","ast-site-content-layout":"default","site-content-style":"default","site-sidebar-style":"default","ast-global-header-display":"","ast-banner-title-visibility":"","ast-main-header-display":"","ast-hfb-above-header-display":"","ast-hfb-below-header-display":"","ast-hfb-mobile-header-display":"","site-post-title":"","ast-breadcrumbs-content":"","ast-featured-img":"","footer-sml-layout":"","ast-disable-related-posts":"","theme-transparent-header-meta":"","adv-header-id-meta":"","stick-header-meta":"","header-above-stick-meta":"","header-main-stick-meta":"","header-below-stick-meta":"","astra-migrate-meta-layouts":"default","ast-page-background-enabled":"default","ast-page-background-meta":{"desktop":{"background-color":"var(--ast-global-color-4)","background-image":"","background-repeat":"repeat","background-position":"center center","background-size":"auto","background-attachment":"scroll","background-type":"","background-media":"","overlay-type":"","overlay-color":"","overlay-opacity":"","overlay-gradient":""},"tablet":{"background-color":"","background-image":"","background-repeat":"repeat","background-position":"center center","background-size":"auto","background-attachment":"scroll","background-type":"","background-media":"","overlay-type":"","overlay-color":"","overlay-opacity":"","overlay-gradient":""},"mobile":{"background-color":"","background-image":"","background-repeat":"repeat","background-position":"center center","background-size":"auto","background-attachment":"scroll","background-type":"","background-media":"","overlay-type":"","overlay-color":"","overlay-opacity":"","overlay-gradient":""}},"ast-content-background-meta":{"desktop":{"background-color":"var(--ast-global-color-5)","background-image":"","background-repeat":"repeat","background-position":"center center","background-size":"auto","background-attachment":"scroll","background-type":"","background-media":"","overlay-type":"","overlay-color":"","overlay-opacity":"","overlay-gradient":""},"tablet":{"background-color":"var(--ast-global-color-5)","background-image":"","background-repeat":"repeat","background-position":"center center","background-size":"auto","background-attachment":"scroll","background-type":"","background-media":"","overlay-type":"","overlay-color":"","overlay-opacity":"","overlay-gradient":""},"mobile":{"background-color":"var(--ast-global-color-5)","background-image":"","background-repeat":"repeat","background-position":"center center","background-size":"auto","background-attachment":"scroll","background-type":"","background-media":"","overlay-type":"","overlay-color":"","overlay-opacity":"","overlay-gradient":""}},"iawp_total_views":5038,"footnotes":""},"class_list":["post-409","page","type-page","status-publish"],"acf":[],"_links":{"self":[{"href":"https:\/\/www.familea.ch\/en\/wp-json\/wp\/v2\/pages\/409","targetHints":{"allow":["GET"]}}],"collection":[{"href":"https:\/\/www.familea.ch\/en\/wp-json\/wp\/v2\/pages"}],"about":[{"href":"https:\/\/www.familea.ch\/en\/wp-json\/wp\/v2\/types\/page"}],"author":[{"embeddable":true,"href":"https:\/\/www.familea.ch\/en\/wp-json\/wp\/v2\/users\/1"}],"replies":[{"embeddable":true,"href":"https:\/\/www.familea.ch\/en\/wp-json\/wp\/v2\/comments?post=409"}],"version-history":[{"count":11,"href":"https:\/\/www.familea.ch\/en\/wp-json\/wp\/v2\/pages\/409\/revisions"}],"predecessor-version":[{"id":8365,"href":"https:\/\/www.familea.ch\/en\/wp-json\/wp\/v2\/pages\/409\/revisions\/8365"}],"up":[{"embeddable":true,"href":"https:\/\/www.familea.ch\/en\/wp-json\/wp\/v2\/pages\/89"}],"wp:attachment":[{"href":"https:\/\/www.familea.ch\/en\/wp-json\/wp\/v2\/media?parent=409"}],"curies":[{"name":"wp","href":"https:\/\/api.w.org\/{rel}","templated":true}]}}