{"id":415,"date":"2022-11-05T15:28:24","date_gmt":"2022-11-05T14:28:24","guid":{"rendered":"https:\/\/www.familea.ch\/?page_id=415"},"modified":"2024-06-04T15:14:05","modified_gmt":"2024-06-04T13:14:05","slug":"internal-school","status":"publish","type":"page","link":"https:\/\/www.familea.ch\/en\/kinder-jugendheime\/interne-schule\/","title":{"rendered":"Internal school"},"content":{"rendered":"<h2>\n\t\tSocial pedagogical day structure\n\t<\/h2>\n\t\t\t\t<img decoding=\"async\" src=\"https:\/\/www.familea.ch\/wp-content\/uploads\/2022\/12\/pexels-norma-mortenson-8457438-scaled.jpg\" alt=\"internal school\" itemprop=\"image\" height=\"1600\" width=\"2400\" title=\"internal school\" onerror=\"this.style.display='none'\"  \/>\n\t\t\t<h1>Internal school<\/h1>\t\t\t\n\t<p>The internal school (socio-educational day structure) is designed for children in grades 1 to 6 and is conceived as a comprehensive school. The criteria for attendance are placement in a transit home, temporary exclusion from public school and\/or the distance between the institution and the previous school.<\/p>\n<p>The goal is to ensure compulsory school attendance, review the necessary school framework or needs as part of the monitoring assignment, and if necessary, a return to the public school system.<\/p>\n\t<h5>Number of seats<\/h5>\n\t<p>8 Children<\/p>\n\t<h5>Age<\/h5>\n\t<p>1st to 6th grade<\/p>\n<h4>\n\t\tManagement\n\t<\/h4>\n\t\t\t\t<img decoding=\"async\" src=\"https:\/\/www.familea.ch\/wp-content\/uploads\/2024\/06\/juerg-peter.jpg\" alt=\"j\u00fcrg peter\" itemprop=\"image\" height=\"900\" width=\"900\" title=\"J\u00fcrg Peter Head of Internal School\" onerror=\"this.style.display='none'\"  \/>\n\t\t\t\t\t\tJ\u00fcrg Peter - Head of internal school - Im Vogelsang transit home\n\t<strong>J\u00fcrg Peter<br \/>\n<\/strong>\nPhone +41 61 260 86 30<br \/>\n<a href=\"mailto:vogelsang@familea.ch\">vogelsang@familea.ch<\/a>","protected":false},"excerpt":{"rendered":"<p>Sozialp\u00e4dagogische Tagesstruktur Interne Schule Die Interne Schule (sozialp\u00e4dagogische Tagesstruktur) ist f\u00fcr Kinder der 1. bis 6. Klasse ausgelegt und als Gesamtschule konzipiert. Die Kriterien f\u00fcr den Besuch sind eine Platzierung im Durchgangsheim, ein vor\u00fcbergehender Ausschluss aus der \u00f6ffentlichen Schule und\/oder die Distanz zwischen Institution und der bisherigen Schule. Ziel ist die Sicherstellung des obligatorischen Schulbesuchs, [&hellip;]<\/p>\n","protected":false},"author":1,"featured_media":0,"parent":89,"menu_order":0,"comment_status":"closed","ping_status":"closed","template":"","meta":{"_acf_changed":false,"_seopress_robots_primary_cat":"","_seopress_titles_title":"","_seopress_titles_desc":"","_seopress_robots_index":"","site-sidebar-layout":"default","site-content-layout":"","ast-site-content-layout":"default","site-content-style":"default","site-sidebar-style":"default","ast-global-header-display":"","ast-banner-title-visibility":"","ast-main-header-display":"","ast-hfb-above-header-display":"","ast-hfb-below-header-display":"","ast-hfb-mobile-header-display":"","site-post-title":"","ast-breadcrumbs-content":"","ast-featured-img":"","footer-sml-layout":"","ast-disable-related-posts":"","theme-transparent-header-meta":"","adv-header-id-meta":"","stick-header-meta":"","header-above-stick-meta":"","header-main-stick-meta":"","header-below-stick-meta":"","astra-migrate-meta-layouts":"default","ast-page-background-enabled":"default","ast-page-background-meta":{"desktop":{"background-color":"var(--ast-global-color-4)","background-image":"","background-repeat":"repeat","background-position":"center center","background-size":"auto","background-attachment":"scroll","background-type":"","background-media":"","overlay-type":"","overlay-color":"","overlay-opacity":"","overlay-gradient":""},"tablet":{"background-color":"","background-image":"","background-repeat":"repeat","background-position":"center center","background-size":"auto","background-attachment":"scroll","background-type":"","background-media":"","overlay-type":"","overlay-color":"","overlay-opacity":"","overlay-gradient":""},"mobile":{"background-color":"","background-image":"","background-repeat":"repeat","background-position":"center center","background-size":"auto","background-attachment":"scroll","background-type":"","background-media":"","overlay-type":"","overlay-color":"","overlay-opacity":"","overlay-gradient":""}},"ast-content-background-meta":{"desktop":{"background-color":"var(--ast-global-color-5)","background-image":"","background-repeat":"repeat","background-position":"center center","background-size":"auto","background-attachment":"scroll","background-type":"","background-media":"","overlay-type":"","overlay-color":"","overlay-opacity":"","overlay-gradient":""},"tablet":{"background-color":"var(--ast-global-color-5)","background-image":"","background-repeat":"repeat","background-position":"center center","background-size":"auto","background-attachment":"scroll","background-type":"","background-media":"","overlay-type":"","overlay-color":"","overlay-opacity":"","overlay-gradient":""},"mobile":{"background-color":"var(--ast-global-color-5)","background-image":"","background-repeat":"repeat","background-position":"center center","background-size":"auto","background-attachment":"scroll","background-type":"","background-media":"","overlay-type":"","overlay-color":"","overlay-opacity":"","overlay-gradient":""}},"iawp_total_views":582,"footnotes":""},"class_list":["post-415","page","type-page","status-publish"],"acf":[],"_links":{"self":[{"href":"https:\/\/www.familea.ch\/en\/wp-json\/wp\/v2\/pages\/415","targetHints":{"allow":["GET"]}}],"collection":[{"href":"https:\/\/www.familea.ch\/en\/wp-json\/wp\/v2\/pages"}],"about":[{"href":"https:\/\/www.familea.ch\/en\/wp-json\/wp\/v2\/types\/page"}],"author":[{"embeddable":true,"href":"https:\/\/www.familea.ch\/en\/wp-json\/wp\/v2\/users\/1"}],"replies":[{"embeddable":true,"href":"https:\/\/www.familea.ch\/en\/wp-json\/wp\/v2\/comments?post=415"}],"version-history":[{"count":14,"href":"https:\/\/www.familea.ch\/en\/wp-json\/wp\/v2\/pages\/415\/revisions"}],"predecessor-version":[{"id":5803,"href":"https:\/\/www.familea.ch\/en\/wp-json\/wp\/v2\/pages\/415\/revisions\/5803"}],"up":[{"embeddable":true,"href":"https:\/\/www.familea.ch\/en\/wp-json\/wp\/v2\/pages\/89"}],"wp:attachment":[{"href":"https:\/\/www.familea.ch\/en\/wp-json\/wp\/v2\/media?parent=415"}],"curies":[{"name":"wp","href":"https:\/\/api.w.org\/{rel}","templated":true}]}}