{"id":4658,"date":"2023-09-18T17:03:51","date_gmt":"2023-09-18T15:03:51","guid":{"rendered":"https:\/\/www.familea.ch\/?page_id=4658"},"modified":"2025-10-20T12:21:43","modified_gmt":"2025-10-20T10:21:43","slug":"foster-families-wanted","status":"publish","type":"page","link":"https:\/\/www.familea.ch\/en\/pflegefamilien-gesucht\/","title":{"rendered":"Foster families wanted"},"content":{"rendered":"\n<h1>\n\t\t\tPflegefamilien haben viele Gesichter &#8211; werde eines davon!\t<\/h1>\n\t\t\t\t<p>Pflegefamilien sind so bunt wie der Querschnitt der Gesellschaft.<br \/>Ob traditionell als Familie oder Patchwork, ob gleichgeschlechtlich, alleinstehend oder Paare aller Nationalit\u00e4ten.<\/p>\n\t\t\t<h4>Wir suchen Sie als Pflegefamilie&#8230;<\/h4>\t\t\t\n\t\t\t\t<p>&#8230;zur Entlastung an 2 Wochenenden im Monat<br \/>und einzelnen Ferienwochen.<br \/>&#8230;f\u00fcr kurzfristige Notfallplatzierungen.<br \/>&#8230;f\u00fcr mittel- und langfristige Pflegeverh\u00e4ltnisse.<\/p>\n\t<p>Ob Baby, Schulkind oder Jugendliche, ob allein, mit Geschwistern oder als unbegleitete minderj\u00e4hrige Asylsuchende (UMA) &#8211; als Pflegefamilie k\u00f6nnen Sie ein bis drei Kindern oder Jugendlichen ein zweites Zuhause geben.<\/p>\n<p>Mo\u0308chten Sie mehr erfahren? Dann melden Sie sich bei uns.<\/p>\n\t\t\t<a href=\"#kontakt\" title=\"Hier klicken\" target=\"_self\"   role=\"button\" aria-label=\"Kontaktieren Sie uns\">\n\t\t\t\t\t\t\tKontaktieren Sie uns\n\t\t<\/a>\n\t\t\t<a href=\"#infotag\" title=\"Hier klicken\" target=\"_self\"   role=\"button\" aria-label=\"Einladung Infotag\">\n\t\t\t\t\t\t\tEinladung Infotag\n\t\t<\/a>\n<h2>\n\t\t\tHerzliche Einladung zu unseren Infoveranstaltungen!\t<\/h2>\n\t\t\t<h3>Worum geht es?<\/h3>\t\t\t\n\t\t\t\t<p>In der Infoveranstaltung erhalten Sie erste Informationen zum Thema Pflegefamilie<\/p>\n<ul>\n<li>Wie werde ich Pflegefamilie (Voraussetzungen, Bewilligungsverfahren, Anerkennungsverfahren, Ausschlusskriterien)?<\/li>\n<li>Dauerplatzierungen, Entlastung oder Kurzzeitplatzierungen; was heisst das eigentlich?<\/li>\n<li>Was erwartet mich im Alltag als Pflegefamilie?<\/li>\n<li>Wie werde ich als Pflegefamilie vom Zentrum Pflegekinder unterst\u00fctzt?<\/li>\n<\/ul>\n<p>Sind Sie an den m\u00f6glichen Terminen verhindert oder haben Sie noch weitere Fragen? Dann freuen uns \u00fcber Ihre <a href=\"#kontakt\">Kontaktaufnahme<\/a>.<\/p>\n<p>Falls Sie schon jetzt noch mehr erfahren m\u00f6chten: In unserem <a href=\"#faq\">Video<\/a> erz\u00e4hlen andere Pflegefamilien, was es bedeutet eine Pflegefamilie zu sein und welche Herausforderungen und Freuden dieser Schritt mit sich bringt.<\/p>\n\t\t\t<h3>Ihre Anmeldung<\/h3>\t\t\t\n\t\t\t\t<link rel='stylesheet' id='formidable-css' href='https:\/\/www.familea.ch\/wp-content\/plugins\/formidable\/css\/formidableforms.css?ver=341700' media='all' \/>\n<div class=\"frm_forms  with_frm_style frm_style_formidable-style\" id=\"frm_form_11_container\" data-token=\"bde37e50d5f4ea0d8fbfb872748a69bd\">\n<form enctype=\"multipart\/form-data\" method=\"post\" class=\"frm-show-form  frm_js_validate  frm_ajax_submit  frm_pro_form \" id=\"form_anmeldung_info_zpk2\"  data-token=\"bde37e50d5f4ea0d8fbfb872748a69bd\">\n<div class=\"frm_form_fields \">\n<fieldset>\n<legend class=\"frm_screen_reader\">Anmeldung Infoveranstaltung ZPK - One Column<\/legend>\r\n\r\n<div class=\"frm_fields_container\">\n<input type=\"hidden\" name=\"frm_action\" value=\"create\" \/>\n<input type=\"hidden\" name=\"form_id\" value=\"11\" \/>\n<input type=\"hidden\" name=\"frm_hide_fields_11\" id=\"frm_hide_fields_11\" value=\"\" \/>\n<input type=\"hidden\" name=\"form_key\" value=\"anmeldung_info_zpk2\" \/>\n<input type=\"hidden\" name=\"item_meta[0]\" value=\"\" \/>\n<input type=\"hidden\" id=\"frm_submit_entry_11\" name=\"frm_submit_entry_11\" value=\"a5cf51a9f1\" \/><input type=\"hidden\" name=\"_wp_http_referer\" value=\"\/en\/wp-json\/wp\/v2\/pages\/4658\" \/><div id=\"frm_field_193_container\" class=\"frm_form_field form-field  frm_required_field frm_top_container frm12 frm_first horizontal_radio\">\r\n    <div  id=\"field_pjo9d6_label\" class=\"frm_primary_label\">Anrede\r\n        <span class=\"frm_required\" aria-hidden=\"true\">*<\/span>\r\n    <\/div>\r\n    <div class=\"frm_opt_container\" aria-labelledby=\"field_pjo9d6_label\" role=\"group\">\t\t<div class=\"frm_radio\" id=\"frm_radio_193-0\"><label for=\"field_pjo9d6-0\">\t\t<input type=\"radio\" name=\"item_meta[193]\" id=\"field_pjo9d6-0\" value=\"Frau\"\n\t\t   data-reqmsg=\"Dieses Feld darf nicht leer sein.\" aria-required=\"true\" data-invmsg=\"Anrede is invalid\" aria-invalid=\"false\"  \/> Frau<\/label><\/div>\n\t\t<div class=\"frm_radio\" id=\"frm_radio_193-1\"><label for=\"field_pjo9d6-1\">\t\t<input type=\"radio\" name=\"item_meta[193]\" id=\"field_pjo9d6-1\" value=\"Herr\"\n\t\t   data-reqmsg=\"Dieses Feld darf nicht leer sein.\" aria-required=\"true\" data-invmsg=\"Anrede is invalid\" aria-invalid=\"false\"  \/> Herr<\/label><\/div>\n\t\t<div class=\"frm_radio\" id=\"frm_radio_193-2\"><label for=\"field_pjo9d6-2\">\t\t<input type=\"radio\" name=\"item_meta[193]\" id=\"field_pjo9d6-2\" value=\"Divers\"\n\t\t   data-reqmsg=\"Dieses Feld darf nicht leer sein.\" aria-required=\"true\" data-invmsg=\"Anrede is invalid\" aria-invalid=\"false\"  \/> Divers<\/label><\/div>\n<\/div>\r\n    \r\n    \r\n<\/div>\n<div id=\"frm_field_194_container\" class=\"frm_form_field form-field  frm_required_field frm_top_container frm6 frm_first\">\r\n    <label for=\"field_vnki66\" id=\"field_vnki66_label\" class=\"frm_primary_label\">Vor- \/ Nachname\r\n        <span class=\"frm_required\" aria-hidden=\"true\">*<\/span>\r\n    <\/label>\r\n    <input type=\"text\" id=\"field_vnki66\" name=\"item_meta[194]\" value=\"\"  data-reqmsg=\"Dieses Feld darf nicht leer sein.\" aria-required=\"true\" data-invmsg=\"Text ist ung\u00fcltig\" aria-invalid=\"false\"  \/>\r\n    \r\n    \r\n<\/div>\n<div id=\"frm_field_195_container\" class=\"frm_form_field form-field  frm_required_field frm_top_container frm6\">\r\n    <label for=\"field_lzatz2\" id=\"field_lzatz2_label\" class=\"frm_primary_label\">Wohnkanton\r\n        <span class=\"frm_required\" aria-hidden=\"true\">*<\/span>\r\n    <\/label>\r\n    \t\t<select name=\"item_meta[195]\" id=\"field_lzatz2\"  data-frmval=\"Basel-Stadt\" data-reqmsg=\"Dieses Feld darf nicht leer sein.\" aria-required=\"true\" data-invmsg=\"Wohnkanton is invalid\" aria-invalid=\"false\"  >\n\t\t\t\t<option  value=\"Basel-Stadt\" selected=\"selected\">\n\t\t\tBasel-Stadt\t\t<\/option>\n\t\t\t\t<option  value=\"Basel-Landschaft\">\n\t\t\tBasel-Landschaft\t\t<\/option>\n\t\t\t\t<option  value=\"Aargau\">\n\t\t\tAargau\t\t<\/option>\n\t\t\t\t<option  value=\"Solothurn\">\n\t\t\tSolothurn\t\t<\/option>\n\t\t\t<\/select>\n\t\r\n    \r\n    \r\n<\/div>\n<div id=\"frm_field_196_container\" class=\"frm_form_field form-field  frm_required_field frm_top_container frm4 frm_first\">\r\n    <label for=\"field_mc0f16\" id=\"field_mc0f16_label\" class=\"frm_primary_label\">E-Mail\r\n        <span class=\"frm_required\" aria-hidden=\"true\">*<\/span>\r\n    <\/label>\r\n    <input type=\"email\" id=\"field_mc0f16\" name=\"item_meta[196]\" value=\"\"  data-reqmsg=\"Dieses Feld darf nicht leer sein.\" aria-required=\"true\" data-invmsg=\"E-Mail ist ung\u00fcltig\" aria-invalid=\"false\"  \/>\r\n    \r\n    \r\n<\/div>\n<div id=\"frm_field_197_container\" class=\"frm_form_field form-field  frm_required_field frm_top_container frm4\">\r\n    <label for=\"field_262f86\" id=\"field_262f86_label\" class=\"frm_primary_label\">Anzahl Personen\r\n        <span class=\"frm_required\" aria-hidden=\"true\">*<\/span>\r\n    <\/label>\r\n    <input type=\"text\" id=\"field_262f86\" name=\"item_meta[197]\" value=\"\"  data-reqmsg=\"Dieses Feld darf nicht leer sein.\" aria-required=\"true\" data-invmsg=\"Text ist ung\u00fcltig\" aria-invalid=\"false\"  \/>\r\n    \r\n    \r\n<\/div>\n<div id=\"frm_field_709_container\" class=\"frm_form_field form-field  frm_required_field frm_top_container frm4\">\r\n    <label for=\"field_poanf\" id=\"field_poanf_label\" class=\"frm_primary_label\">Telefon\r\n        <span class=\"frm_required\" aria-hidden=\"true\">*<\/span>\r\n    <\/label>\r\n    <input type=\"text\" id=\"field_poanf\" name=\"item_meta[709]\" value=\"\"  data-reqmsg=\"Dieses Feld darf nicht leer sein.\" aria-required=\"true\" data-invmsg=\"Text ist ung\u00fcltig\" aria-invalid=\"false\"  \/>\r\n    \r\n    \r\n<\/div>\n<div id=\"frm_field_226_container\" class=\"frm_form_field form-field  frm_required_field frm_top_container frm12 frm_first vertical_radio\">\r\n    <div  id=\"field_45qpr_label\" class=\"frm_primary_label\">Termin ausw\u00e4hlen\r\n        <span class=\"frm_required\" aria-hidden=\"true\">*<\/span>\r\n    <\/div>\r\n    <div class=\"frm_opt_container\" aria-labelledby=\"field_45qpr_label\" role=\"group\">\t\t<div class=\"frm_radio\" id=\"frm_radio_226-2\"><label for=\"field_45qpr-2\">\t\t<input type=\"radio\" name=\"item_meta[226]\" id=\"field_45qpr-2\" value=\"Do, 07. Mai 2026; 18.00 - 19.30 Uhr\"\n\t\t   data-reqmsg=\"Dieses Feld darf nicht leer sein.\" aria-required=\"true\" data-invmsg=\"Termin ausw\u00e4hlen is invalid\" aria-invalid=\"false\"  \/> Do, 07. Mai 2026; 18.00 - 19.30 Uhr<\/label><\/div>\n\t\t<div class=\"frm_radio\" id=\"frm_radio_226-3\"><label for=\"field_45qpr-3\">\t\t<input type=\"radio\" name=\"item_meta[226]\" id=\"field_45qpr-3\" value=\"Mi, 12. August 2026; 18.00 - 19.30 Uhr (Zoom)\"\n\t\t   data-reqmsg=\"Dieses Feld darf nicht leer sein.\" aria-required=\"true\" data-invmsg=\"Termin ausw\u00e4hlen is invalid\" aria-invalid=\"false\"  \/> Mi, 12. August 2026; 18.00 - 19.30 Uhr (Zoom)<\/label><\/div>\n\t\t<div class=\"frm_radio\" id=\"frm_radio_226-4\"><label for=\"field_45qpr-4\">\t\t<input type=\"radio\" name=\"item_meta[226]\" id=\"field_45qpr-4\" value=\"Mi, 23. September 2026; 18.00 - 19.30 Uhr\"\n\t\t   data-reqmsg=\"Dieses Feld darf nicht leer sein.\" aria-required=\"true\" data-invmsg=\"Termin ausw\u00e4hlen is invalid\" aria-invalid=\"false\"  \/> Mi, 23. September 2026; 18.00 - 19.30 Uhr<\/label><\/div>\n\t\t<div class=\"frm_radio\" id=\"frm_radio_226-5\"><label for=\"field_45qpr-5\">\t\t<input type=\"radio\" name=\"item_meta[226]\" id=\"field_45qpr-5\" value=\"Sa, 14. November 2026; 09.00 - 10.30 Uhr\"\n\t\t   data-reqmsg=\"Dieses Feld darf nicht leer sein.\" aria-required=\"true\" data-invmsg=\"Termin ausw\u00e4hlen is invalid\" aria-invalid=\"false\"  \/> Sa, 14. November 2026; 09.00 - 10.30 Uhr<\/label><\/div>\n<\/div>\r\n    \r\n    \r\n<\/div>\n<div id=\"frm_field_771_container\" class=\"frm_form_field form-field  frm_top_container\">\r\n    <label for=\"field_rduu9\" id=\"field_rduu9_label\" class=\"frm_primary_label\">Wie sind Sie auf uns aufmerksam geworden?\r\n        <span class=\"frm_required\" aria-hidden=\"true\"><\/span>\r\n    <\/label>\r\n    \t\t<select name=\"item_meta[771]\" id=\"field_rduu9\"  data-frmval=\"bitte Ausw\u00e4hlen\" data-invmsg=\"Wie sind Sie auf uns aufmerksam geworden? is invalid\" aria-invalid=\"false\"  >\n\t\t\t\t<option  value=\"bitte Ausw\u00e4hlen\" selected=\"selected\">\n\t\t\tbitte Ausw\u00e4hlen\t\t<\/option>\n\t\t\t\t<option  value=\"Suchmaschine\">\n\t\t\tSuchmaschine\t\t<\/option>\n\t\t\t\t<option  value=\"Kinowerbung\">\n\t\t\tKinowerbung\t\t<\/option>\n\t\t\t\t<option  value=\"Plakat\">\n\t\t\tPlakat\t\t<\/option>\n\t\t\t\t<option  value=\"pers\u00f6nliche Empfehlung\">\n\t\t\tpers\u00f6nliche Empfehlung\t\t<\/option>\n\t\t\t\t<option  value=\"Internetwerbung\">\n\t\t\tInternetwerbung\t\t<\/option>\n\t\t\t\t<option  value=\"Zeitung \/ Radio\">\n\t\t\tZeitung \/ Radio\t\t<\/option>\n\t\t\t\t<option  value=\"andere\">\n\t\t\tandere\t\t<\/option>\n\t\t\t<\/select>\n\t\r\n    \r\n    \r\n<\/div>\n\t<input type=\"hidden\" name=\"item_key\" value=\"\" \/>\n\t\t\t\t<div class=\"frm_verify\" aria-hidden=\"true\">\n\t\t\t\t<label for=\"frm_email_11\">\n\t\t\t\t\tIf you are human, leave this field blank.\t\t\t\t<\/label>\n\t\t\t\t<input type=\"text\" class=\"frm_verify\" id=\"frm_email_11\" name=\"frm_verify\" value=\"\"  \/>\n\t\t\t<\/div>\n\t\t<input name=\"frm_state\" type=\"hidden\" value=\"1cbkDNRVfIUpZNe1HBYnTXv4GnAJnA+j4HKsaBJbWcY=\" \/><div class=\"frm_submit\">\r\n\r\n<button class=\"frm_button_submit frm_final_submit\" type=\"submit\"   formnovalidate=\"formnovalidate\">Anmeldung absenden<\/button>\r\n\r\n\r\n<\/div><\/div>\n<\/fieldset>\n<\/div>\n<\/form>\n<\/div>\n\n\t\t\t<h2>Wie ist es Pflegefamilie zu sein?<\/h2>\t\t\t\n\t\t\t\t<p>Was bedeutet es eigentlich, eine Pflegefamilie zu sein? Wie f\u00fchlt es sich an, ein Kind aufzunehmen, das nicht biologisch das eigene ist? Welche Herausforderungen und Freuden bringt dieser verantwortungsvolle Schritt mit sich? Um diese Fragen und noch viele mehr zu beantworten, haben wir uns mit Pflegeeltern zusammengesetzt und dieses Interview gef\u00fchrt.<\/p>\n\t\t\t\t\t<img decoding=\"async\" src=\"https:\/\/www.familea.ch\/wp-content\/uploads\/2023\/10\/interview-mit-pflegeeltern.png\" alt=\"interview mit pflegeeltern\"\/>\n\t\t\t<h4>Weitere Informationen<\/h4>\t\t\t\n\t\t\t\t<p>Auf unseren weiterf\u00fchrenden Seiten finden Sie noch mehr Informationen rund ums Pflegefamilie sein.<\/p>\n\t\t\t<a href=\"https:\/\/www.familea.ch\/pflegefamilien\/\" title=\"Hier klicken\" target=\"_self\"   role=\"button\" aria-label=\"Zentrum Pflegekinder\">\n\t\t\t\t\t\t\tZentrum Pflegekinder\n\t\t<\/a>\n\t\t\t<a href=\"https:\/\/www.familea.ch\/pflegefamilien\/pflegefamilie-werden\/\" title=\"Hier klicken\" target=\"_self\"   role=\"button\" aria-label=\"Pflegefamilie werden\">\n\t\t\t\t\t\t\tPflegefamilie werden\n\t\t<\/a>\n\t\t\t<a href=\"www.familea.ch\/pflegefamilien\/stimmen-von-pflegefamilien\/\" title=\"Hier klicken\" target=\"_self\"   role=\"button\" aria-label=\"Interviews mit Pflegeeltern\">\n\t\t\t\t\t\t\tInterviews mit Pflegeeltern\n\t\t<\/a>\n\t\t\t<a href=\"https:\/\/www.familea.ch\/pflegefamilien\/pflegefamilien-uma\/\" title=\"Hier klicken\" target=\"_self\"   role=\"button\" aria-label=\"Pflegefamilie f\u00fcr UMAs\">\n\t\t\t\t\t\t\tPflegefamilie f\u00fcr UMAs\n\t\t<\/a>\n\t\t\t<h2>Wir freuen uns auf Sie<\/h2>\t\t\t\n\t\t\t<h4>Kontaktieren Sie uns<\/h4>\t\t\t\n\t\t\t\t<div class=\"frm_forms  with_frm_style frm_style_formidable-style\" id=\"frm_form_10_container\" data-token=\"bde37e50d5f4ea0d8fbfb872748a69bd\" data-token=\"bde37e50d5f4ea0d8fbfb872748a69bd\">\n<form enctype=\"multipart\/form-data\" method=\"post\" class=\"frm-show-form  frm_js_validate  frm_ajax_submit  frm_pro_form \" id=\"form_kontakt_formular2\"  data-token=\"bde37e50d5f4ea0d8fbfb872748a69bd\" data-token=\"bde37e50d5f4ea0d8fbfb872748a69bd\">\n<div class=\"frm_form_fields \">\n<fieldset>\n<legend class=\"frm_screen_reader\">Kontakt ZPK<\/legend>\r\n\r\n<div class=\"frm_fields_container\">\n<input type=\"hidden\" name=\"frm_action\" value=\"create\" \/>\n<input type=\"hidden\" name=\"form_id\" value=\"10\" \/>\n<input type=\"hidden\" name=\"frm_hide_fields_10\" id=\"frm_hide_fields_10\" value=\"\" \/>\n<input type=\"hidden\" name=\"form_key\" value=\"kontakt_formular2\" \/>\n<input type=\"hidden\" name=\"item_meta[0]\" value=\"\" \/>\n<input type=\"hidden\" id=\"frm_submit_entry_10\" name=\"frm_submit_entry_10\" value=\"a5cf51a9f1\" \/><input type=\"hidden\" name=\"_wp_http_referer\" value=\"\/en\/wp-json\/wp\/v2\/pages\/4658\" \/><div id=\"frm_field_182_container\" class=\"frm_form_field form-field  frm_top_container frm6 frm_first horizontal_radio\">\r\n    <div  id=\"field_pjo9d5_label\" class=\"frm_primary_label\">Anrede\r\n        <span class=\"frm_required\" aria-hidden=\"true\"><\/span>\r\n    <\/div>\r\n    <div class=\"frm_opt_container\" aria-labelledby=\"field_pjo9d5_label\" role=\"group\">\t\t<div class=\"frm_radio\" id=\"frm_radio_182-0\"><label for=\"field_pjo9d5-0\">\t\t<input type=\"radio\" name=\"item_meta[182]\" id=\"field_pjo9d5-0\" value=\"Frau\"\n\t\t   data-invmsg=\"Anrede is invalid\" aria-invalid=\"false\"  \/> Frau<\/label><\/div>\n\t\t<div class=\"frm_radio\" id=\"frm_radio_182-1\"><label for=\"field_pjo9d5-1\">\t\t<input type=\"radio\" name=\"item_meta[182]\" id=\"field_pjo9d5-1\" value=\"Herr\"\n\t\t   data-invmsg=\"Anrede is invalid\" aria-invalid=\"false\"  \/> Herr<\/label><\/div>\n\t\t<div class=\"frm_radio\" id=\"frm_radio_182-2\"><label for=\"field_pjo9d5-2\">\t\t<input type=\"radio\" name=\"item_meta[182]\" id=\"field_pjo9d5-2\" value=\"Divers\"\n\t\t   data-invmsg=\"Anrede is invalid\" aria-invalid=\"false\"  \/> Divers<\/label><\/div>\n<\/div>\r\n    \r\n    \r\n<\/div>\n<div id=\"frm_field_183_container\" class=\"frm_form_field form-field  frm_required_field frm_top_container frm6\">\r\n    <label for=\"field_vnki65\" id=\"field_vnki65_label\" class=\"frm_primary_label\">Vor- \/ Nachname\r\n        <span class=\"frm_required\" aria-hidden=\"true\">*<\/span>\r\n    <\/label>\r\n    <input type=\"text\" id=\"field_vnki65\" name=\"item_meta[183]\" value=\"\"  data-reqmsg=\"Dieses Feld darf nicht leer sein.\" aria-required=\"true\" data-invmsg=\"Text ist ung\u00fcltig\" aria-invalid=\"false\"  \/>\r\n    \r\n    \r\n<\/div>\n<div id=\"frm_field_191_container\" class=\"frm_form_field form-field  frm_top_container horizontal_radio\">\r\n    <div  id=\"field_c9ipk_label\" class=\"frm_primary_label\">Wann w\u00fcnschen Sie einen R\u00fcckruf?\r\n        <span class=\"frm_required\" aria-hidden=\"true\"><\/span>\r\n    <\/div>\r\n    <div class=\"frm_opt_container\" aria-labelledby=\"field_c9ipk_label\" role=\"group\">\t\t<div class=\"frm_radio\" id=\"frm_radio_191-0\"><label for=\"field_c9ipk-0\">\t\t<input type=\"radio\" name=\"item_meta[191]\" id=\"field_c9ipk-0\" value=\"Morgens\"\n\t\t   data-invmsg=\"Wann w\u00fcnschen Sie einen R\u00fcckruf? is invalid\" aria-invalid=\"false\"  \/> Morgens<\/label><\/div>\n\t\t<div class=\"frm_radio\" id=\"frm_radio_191-1\"><label for=\"field_c9ipk-1\">\t\t<input type=\"radio\" name=\"item_meta[191]\" id=\"field_c9ipk-1\" value=\"Mittags\"\n\t\t   data-invmsg=\"Wann w\u00fcnschen Sie einen R\u00fcckruf? is invalid\" aria-invalid=\"false\"  \/> Mittags<\/label><\/div>\n\t\t<div class=\"frm_radio\" id=\"frm_radio_191-2\"><label for=\"field_c9ipk-2\">\t\t<input type=\"radio\" name=\"item_meta[191]\" id=\"field_c9ipk-2\" value=\"Nachmittags\"\n\t\t   data-invmsg=\"Wann w\u00fcnschen Sie einen R\u00fcckruf? is invalid\" aria-invalid=\"false\"  \/> Nachmittags<\/label><\/div>\n\t\t<div class=\"frm_radio\" id=\"frm_radio_191-3\"><label for=\"field_c9ipk-3\">\t\t<input type=\"radio\" name=\"item_meta[191]\" id=\"field_c9ipk-3\" value=\"Abends\"\n\t\t   data-invmsg=\"Wann w\u00fcnschen Sie einen R\u00fcckruf? is invalid\" aria-invalid=\"false\"  \/> Abends<\/label><\/div>\n\t\t<div class=\"frm_radio\" id=\"frm_radio_191-4\"><label for=\"field_c9ipk-4\">\t\t<input type=\"radio\" name=\"item_meta[191]\" id=\"field_c9ipk-4\" value=\"Nein, lieber E-Mail\"\n\t\t   data-invmsg=\"Wann w\u00fcnschen Sie einen R\u00fcckruf? is invalid\" aria-invalid=\"false\"  \/> Nein, lieber E-Mail<\/label><\/div>\n<\/div>\r\n    \r\n    \r\n<\/div>\n<div id=\"frm_field_187_container\" class=\"frm_form_field form-field  frm_required_field frm_top_container frm6 frm_first\">\r\n    <label for=\"field_mc0f15\" id=\"field_mc0f15_label\" class=\"frm_primary_label\">E-Mail\r\n        <span class=\"frm_required\" aria-hidden=\"true\">*<\/span>\r\n    <\/label>\r\n    <input type=\"email\" id=\"field_mc0f15\" name=\"item_meta[187]\" value=\"\"  data-reqmsg=\"Dieses Feld darf nicht leer sein.\" aria-required=\"true\" data-invmsg=\"E-Mail ist ung\u00fcltig\" aria-invalid=\"false\"  \/>\r\n    \r\n    \r\n<\/div>\n<div id=\"frm_field_188_container\" class=\"frm_form_field form-field  frm_required_field frm_top_container frm6\">\r\n    <label for=\"field_262f85\" id=\"field_262f85_label\" class=\"frm_primary_label\">Telefon\r\n        <span class=\"frm_required\" aria-hidden=\"true\">*<\/span>\r\n    <\/label>\r\n    <input type=\"text\" id=\"field_262f85\" name=\"item_meta[188]\" value=\"\"  data-reqmsg=\"Dieses Feld darf nicht leer sein.\" aria-required=\"true\" data-invmsg=\"Text ist ung\u00fcltig\" aria-invalid=\"false\"  \/>\r\n    \r\n    \r\n<\/div>\n<div id=\"frm_field_190_container\" class=\"frm_form_field form-field  frm_required_field frm_top_container frm6\">\r\n    <label for=\"field_22fqd\" id=\"field_22fqd_label\" class=\"frm_primary_label\">Wohnkanton\r\n        <span class=\"frm_required\" aria-hidden=\"true\">*<\/span>\r\n    <\/label>\r\n    \t\t<select name=\"item_meta[190]\" id=\"field_22fqd\"  data-placeholder=\"Bitte ausw\u00e4hlen\"  data-frmval=\"Basel-Stadt\" data-frmplaceholder=\"Bitte ausw\u00e4hlen\" placeholder=\"Bitte ausw\u00e4hlen\" data-reqmsg=\"Dieses Feld darf nicht leer sein.\" aria-required=\"true\" data-invmsg=\"Wohnkanton is invalid\" aria-invalid=\"false\"  >\n\t\t\t\t\t<option value=\"\">\n\t\t\t\tBitte ausw\u00e4hlen\t\t\t<\/option>\n\t\t\t\t\t<option  value=\"Basel-Stadt\" selected=\"selected\">\n\t\t\tBasel-Stadt\t\t<\/option>\n\t\t\t\t<option  value=\"Basel-Landschaft\">\n\t\t\tBasel-Landschaft\t\t<\/option>\n\t\t\t\t<option  value=\"Aargau\">\n\t\t\tAargau\t\t<\/option>\n\t\t\t\t<option  value=\"Solothurn\">\n\t\t\tSolothurn\t\t<\/option>\n\t\t\t<\/select>\n\t\r\n    \r\n    \r\n<\/div>\n<div id=\"frm_field_189_container\" class=\"frm_form_field form-field  frm_top_container\">\r\n    <label for=\"field_ola7x3\" id=\"field_ola7x3_label\" class=\"frm_primary_label\">Nachricht\r\n        <span class=\"frm_required\" aria-hidden=\"true\"><\/span>\r\n    <\/label>\r\n    <textarea data-auto-grow=\"1\"  name=\"item_meta[189]\" id=\"field_ola7x3\" rows=\"3\"  data-invmsg=\"Absatz ist ung\u00fcltig\" aria-invalid=\"false\"  ><\/textarea>\r\n    \r\n    \r\n<\/div>\n\t<input type=\"hidden\" name=\"item_key\" value=\"\" \/>\n\t\t\t\t<div class=\"frm_verify\" aria-hidden=\"true\">\n\t\t\t\t<label for=\"frm_email_10\">\n\t\t\t\t\tIf you are human, leave this field blank.\t\t\t\t<\/label>\n\t\t\t\t<input type=\"text\" class=\"frm_verify\" id=\"frm_email_10\" name=\"frm_verify\" value=\"\"  \/>\n\t\t\t<\/div>\n\t\t<input name=\"frm_state\" type=\"hidden\" value=\"1cbkDNRVfIUpZNe1HBYnTXv4GnAJnA+j4HKsaBJbWcY=\" \/><div class=\"frm_submit\">\r\n\r\n<button class=\"frm_button_submit frm_final_submit\" type=\"submit\"   formnovalidate=\"formnovalidate\">Senden<\/button>\r\n\r\n\r\n<\/div><\/div>\n<\/fieldset>\n<\/div>\n<\/form>\n<\/div>\n\n\t\t\t<h4>Zentrum Pflegekinder (ZPK)<\/h4>\t\t\t\n<p>Bahnhofstrasse 48<br \/>4132 Muttenz<\/p>\n<p>Mo\u0308chten Sie mehr erfahren? <br \/>Dann melden Sie sich bei uns:<\/p>\n<p>Telefon <a href=\"tel:0041612608380\">+41 61 260 83 80<\/a><br \/><a title=\"\" href=\"mailto:zpk@familea.ch\">zpk@familea.ch<\/a><\/p>\n\n","protected":false},"excerpt":{"rendered":"<p>Pflegefamilien haben viele Gesichter &#8211; werde eines davon! Pflegefamilien sind so bunt wie der Querschnitt der Gesellschaft.Ob traditionell als Familie oder Patchwork, ob gleichgeschlechtlich, alleinstehend oder Paare aller Nationalit\u00e4ten. Wir suchen Sie als Pflegefamilie&#8230; &#8230;zur Entlastung an 2 Wochenenden im Monatund einzelnen Ferienwochen.&#8230;f\u00fcr kurzfristige Notfallplatzierungen.&#8230;f\u00fcr mittel- und langfristige Pflegeverh\u00e4ltnisse. Ob Baby, Schulkind oder Jugendliche, ob [&hellip;]<\/p>\n","protected":false},"author":1,"featured_media":0,"parent":0,"menu_order":0,"comment_status":"closed","ping_status":"closed","template":"","meta":{"_acf_changed":false,"_seopress_robots_primary_cat":"","_seopress_titles_title":"","_seopress_titles_desc":"","_seopress_robots_index":"","site-sidebar-layout":"default","site-content-layout":"","ast-site-content-layout":"default","site-content-style":"default","site-sidebar-style":"default","ast-global-header-display":"","ast-banner-title-visibility":"","ast-main-header-display":"","ast-hfb-above-header-display":"","ast-hfb-below-header-display":"","ast-hfb-mobile-header-display":"","site-post-title":"","ast-breadcrumbs-content":"","ast-featured-img":"","footer-sml-layout":"","ast-disable-related-posts":"","theme-transparent-header-meta":"","adv-header-id-meta":"","stick-header-meta":"","header-above-stick-meta":"","header-main-stick-meta":"","header-below-stick-meta":"","astra-migrate-meta-layouts":"set","ast-page-background-enabled":"default","ast-page-background-meta":{"desktop":{"background-color":"var(--ast-global-color-4)","background-image":"","background-repeat":"repeat","background-position":"center center","background-size":"auto","background-attachment":"scroll","background-type":"","background-media":"","overlay-type":"","overlay-color":"","overlay-opacity":"","overlay-gradient":""},"tablet":{"background-color":"","background-image":"","background-repeat":"repeat","background-position":"center center","background-size":"auto","background-attachment":"scroll","background-type":"","background-media":"","overlay-type":"","overlay-color":"","overlay-opacity":"","overlay-gradient":""},"mobile":{"background-color":"","background-image":"","background-repeat":"repeat","background-position":"center center","background-size":"auto","background-attachment":"scroll","background-type":"","background-media":"","overlay-type":"","overlay-color":"","overlay-opacity":"","overlay-gradient":""}},"ast-content-background-meta":{"desktop":{"background-color":"var(--ast-global-color-5)","background-image":"","background-repeat":"repeat","background-position":"center center","background-size":"auto","background-attachment":"scroll","background-type":"","background-media":"","overlay-type":"","overlay-color":"","overlay-opacity":"","overlay-gradient":""},"tablet":{"background-color":"var(--ast-global-color-5)","background-image":"","background-repeat":"repeat","background-position":"center center","background-size":"auto","background-attachment":"scroll","background-type":"","background-media":"","overlay-type":"","overlay-color":"","overlay-opacity":"","overlay-gradient":""},"mobile":{"background-color":"var(--ast-global-color-5)","background-image":"","background-repeat":"repeat","background-position":"center center","background-size":"auto","background-attachment":"scroll","background-type":"","background-media":"","overlay-type":"","overlay-color":"","overlay-opacity":"","overlay-gradient":""}},"iawp_total_views":21614,"footnotes":""},"class_list":["post-4658","page","type-page","status-publish"],"acf":[],"_links":{"self":[{"href":"https:\/\/www.familea.ch\/en\/wp-json\/wp\/v2\/pages\/4658","targetHints":{"allow":["GET"]}}],"collection":[{"href":"https:\/\/www.familea.ch\/en\/wp-json\/wp\/v2\/pages"}],"about":[{"href":"https:\/\/www.familea.ch\/en\/wp-json\/wp\/v2\/types\/page"}],"author":[{"embeddable":true,"href":"https:\/\/www.familea.ch\/en\/wp-json\/wp\/v2\/users\/1"}],"replies":[{"embeddable":true,"href":"https:\/\/www.familea.ch\/en\/wp-json\/wp\/v2\/comments?post=4658"}],"version-history":[{"count":33,"href":"https:\/\/www.familea.ch\/en\/wp-json\/wp\/v2\/pages\/4658\/revisions"}],"predecessor-version":[{"id":7974,"href":"https:\/\/www.familea.ch\/en\/wp-json\/wp\/v2\/pages\/4658\/revisions\/7974"}],"wp:attachment":[{"href":"https:\/\/www.familea.ch\/en\/wp-json\/wp\/v2\/media?parent=4658"}],"curies":[{"name":"wp","href":"https:\/\/api.w.org\/{rel}","templated":true}]}}