{"id":535,"date":"2022-11-14T08:49:00","date_gmt":"2022-11-14T07:49:00","guid":{"rendered":"https:\/\/www.familea.ch\/?page_id=535"},"modified":"2024-05-21T13:58:50","modified_gmt":"2024-05-21T11:58:50","slug":"company-communities","status":"publish","type":"page","link":"https:\/\/www.familea.ch\/en\/kita\/firmen-gemeinden\/","title":{"rendered":"Companies &amp; Communities"},"content":{"rendered":"<h2>\n\t\tCompatibility of family and career\n\t<\/h2>\n\t\t\t\t<img decoding=\"async\" src=\"https:\/\/www.familea.ch\/wp-content\/uploads\/2022\/12\/baby-gdcc0f30c1_1280.jpg\" alt=\"Companies and communities\" itemprop=\"image\" height=\"853\" width=\"1280\" title=\"Kita offer for companies and communities\" onerror=\"this.style.display='none'\"  \/>\n<h2>\n\t\tOur support offer for companies and communities\n\t<\/h2>\n\t<p>Family-conscious personnel management and subsidies for daycare places are worthwhile. After all, investments in childcare have long ceased to be burdensome cost factors for companies and municipalities. On the contrary, they make your company more attractive for new employees and lead to stronger retention as well as higher motivation and productivity of employees; municipalities increase their locational advantage.<\/p>\n\t\t\t<h2>Contact us<\/h2>\t\t\t\n\t\t\t\t<p>We would be happy to present the options to you in a personal meeting. Together we will work out the optimal care offer for your employees or for your community.<\/p>\n<h3>\n\t\tPlacement Office\n\t<\/h3>\n\t\t\t\t<img decoding=\"async\" src=\"https:\/\/www.familea.ch\/wp-content\/uploads\/2023\/01\/r5016679_familea_charlottespruenglichristensen-scaled-e1673880204814.jpg\" alt=\"familea charlotte spr\u00fcngli christensen\" title=\"R5016679_familea_CharlotteSpr\u00fcngliChristensen\" itemprop=\"image\"\/>\n\t\t<h4>Charlotte Spr\u00fcngli-Christensen<\/h4>\t\t\t\n\t\t\t\t<p>Phone +41 61 260 82 82<br \/><a href=\"mailto:anmeldung.kita@familea.ch\">anmeldung.kita@familea.ch<\/a><\/p>\n<h2>\n\t\tYour advantages as an employer\n\t<\/h2>\n<h2>\n\t\tReferences\n\t<\/h2>\n\t<p>The following employers have already successfully made use of familea's know-how for the planning and practical implementation of in-house childcare. As a reliable partner with pedagogically qualified specialist and childcare staff, we ensure a smooth day-to-day childcare routine tailored to the needs of our clients. The personal care and individual support of the children entrusted to us take center stage.<\/p>\n<h2>\n\t\tLocation advantages for communities\n\t<\/h2>\n\t<p>As a municipality, are you looking for the right contact point for childcare for the children of your municipality? Then familea is the right address for you. familea provides professional childcare places for the children of the local community. With us as an ideal cooperation partner, you as a municipality can increase your locational advantage.<\/p>","protected":false},"excerpt":{"rendered":"<p>Vereinbarkeit von Familie und Beruf Unser Betreuungsangebot f\u00fcr Firmen und Gemeinden Eine familienbewusste Personalf\u00fchrung und Subventionen von Kita-Pl\u00e4tzen lohnen sich. Denn Investitionen in die Kinderbetreuung sind f\u00fcr Firmen und Gemeinden l\u00e4ngst keine belastenden Kostenfaktoren mehr. Vielmehr machen sie Ihre Firma f\u00fcr neue Mitarbeitende attraktiver und f\u00fchren zu einer st\u00e4rkeren Bindung sowie h\u00f6heren Motivation und Produktivit\u00e4t [&hellip;]<\/p>\n","protected":false},"author":1,"featured_media":0,"parent":87,"menu_order":0,"comment_status":"closed","ping_status":"closed","template":"","meta":{"_acf_changed":false,"_seopress_robots_primary_cat":"","_seopress_titles_title":"","_seopress_titles_desc":"","_seopress_robots_index":"","site-sidebar-layout":"default","site-content-layout":"","ast-site-content-layout":"default","site-content-style":"default","site-sidebar-style":"default","ast-global-header-display":"","ast-banner-title-visibility":"","ast-main-header-display":"","ast-hfb-above-header-display":"","ast-hfb-below-header-display":"","ast-hfb-mobile-header-display":"","site-post-title":"","ast-breadcrumbs-content":"","ast-featured-img":"","footer-sml-layout":"","ast-disable-related-posts":"","theme-transparent-header-meta":"","adv-header-id-meta":"","stick-header-meta":"","header-above-stick-meta":"","header-main-stick-meta":"","header-below-stick-meta":"","astra-migrate-meta-layouts":"default","ast-page-background-enabled":"default","ast-page-background-meta":{"desktop":{"background-color":"var(--ast-global-color-4)","background-image":"","background-repeat":"repeat","background-position":"center center","background-size":"auto","background-attachment":"scroll","background-type":"","background-media":"","overlay-type":"","overlay-color":"","overlay-opacity":"","overlay-gradient":""},"tablet":{"background-color":"","background-image":"","background-repeat":"repeat","background-position":"center center","background-size":"auto","background-attachment":"scroll","background-type":"","background-media":"","overlay-type":"","overlay-color":"","overlay-opacity":"","overlay-gradient":""},"mobile":{"background-color":"","background-image":"","background-repeat":"repeat","background-position":"center center","background-size":"auto","background-attachment":"scroll","background-type":"","background-media":"","overlay-type":"","overlay-color":"","overlay-opacity":"","overlay-gradient":""}},"ast-content-background-meta":{"desktop":{"background-color":"var(--ast-global-color-5)","background-image":"","background-repeat":"repeat","background-position":"center center","background-size":"auto","background-attachment":"scroll","background-type":"","background-media":"","overlay-type":"","overlay-color":"","overlay-opacity":"","overlay-gradient":""},"tablet":{"background-color":"var(--ast-global-color-5)","background-image":"","background-repeat":"repeat","background-position":"center center","background-size":"auto","background-attachment":"scroll","background-type":"","background-media":"","overlay-type":"","overlay-color":"","overlay-opacity":"","overlay-gradient":""},"mobile":{"background-color":"var(--ast-global-color-5)","background-image":"","background-repeat":"repeat","background-position":"center center","background-size":"auto","background-attachment":"scroll","background-type":"","background-media":"","overlay-type":"","overlay-color":"","overlay-opacity":"","overlay-gradient":""}},"iawp_total_views":2371,"footnotes":""},"class_list":["post-535","page","type-page","status-publish"],"acf":[],"_links":{"self":[{"href":"https:\/\/www.familea.ch\/en\/wp-json\/wp\/v2\/pages\/535","targetHints":{"allow":["GET"]}}],"collection":[{"href":"https:\/\/www.familea.ch\/en\/wp-json\/wp\/v2\/pages"}],"about":[{"href":"https:\/\/www.familea.ch\/en\/wp-json\/wp\/v2\/types\/page"}],"author":[{"embeddable":true,"href":"https:\/\/www.familea.ch\/en\/wp-json\/wp\/v2\/users\/1"}],"replies":[{"embeddable":true,"href":"https:\/\/www.familea.ch\/en\/wp-json\/wp\/v2\/comments?post=535"}],"version-history":[{"count":19,"href":"https:\/\/www.familea.ch\/en\/wp-json\/wp\/v2\/pages\/535\/revisions"}],"predecessor-version":[{"id":5746,"href":"https:\/\/www.familea.ch\/en\/wp-json\/wp\/v2\/pages\/535\/revisions\/5746"}],"up":[{"embeddable":true,"href":"https:\/\/www.familea.ch\/en\/wp-json\/wp\/v2\/pages\/87"}],"wp:attachment":[{"href":"https:\/\/www.familea.ch\/en\/wp-json\/wp\/v2\/media?parent=535"}],"curies":[{"name":"wp","href":"https:\/\/api.w.org\/{rel}","templated":true}]}}