{"id":541,"date":"2022-11-14T08:49:37","date_gmt":"2022-11-14T07:49:37","guid":{"rendered":"https:\/\/www.familea.ch\/?page_id=541"},"modified":"2023-04-12T11:28:53","modified_gmt":"2023-04-12T09:28:53","slug":"request-form","status":"publish","type":"page","link":"https:\/\/www.familea.ch\/en\/kita\/anfrageformular\/","title":{"rendered":"Registration form"},"content":{"rendered":"<img decoding=\"async\" src=\"https:\/\/www.familea.ch\/wp-content\/uploads\/2022\/11\/1f1a2921_familea_kita_rochesolitude_innen-1920x700.jpg\" alt=\"Kita Roche Solitude Basel\" itemprop=\"image\" height=\"700\" width=\"1920\" title=\"Kita Roche Solitude Basel\" onerror=\"this.style.display='none'\">\n\t<nav  aria-label=\"breadcrumb\"><ol class=\"breadcrumb\"><li class=\"breadcrumb-item active\" aria-current=\"page\"><span><i class=\"fa-regular fa-house\"><\/i><\/span><\/li><\/ol><\/nav>\n\t\t\t\t<p>Thank you for your interest in a familea Kita place. In order for us to make initial internal clarifications regarding the desired place, we kindly ask you to fill out our application form below as completely as possible.<\/p>\n<p>Registration is non-binding and free of charge.<\/p>\n<p>Don't have an email? Give us a call.<\/p>\n<p>If you have any questions, please contact us at +41 61 260 82 82 or per&nbsp;<a href=\"mailto:anmeldung.kita@familea.ch\">anmeldung.kita@familea.ch<\/a><\/p>","protected":false},"excerpt":{"rendered":"<p>Vielen Dank f\u00fcr Ihr Interesse an einem familea Kita-Platz. Damit wir erste interne Abkl\u00e4rungen bez\u00fcglich des gew\u00fcnschten Platzes machen k\u00f6nnen, bitten wir Sie, unser nachfolgendes Anmeldeformular m\u00f6glichst vollst\u00e4ndig auszuf\u00fcllen. Die Anmeldung ist unverbindlich und kostenlos. Haben sie keine Email? Rufen sie uns an. Bei Fragen erreichen Sie uns unter der Nummer +41 61 260 82 [&hellip;]<\/p>\n","protected":false},"author":1,"featured_media":0,"parent":87,"menu_order":0,"comment_status":"closed","ping_status":"closed","template":"","meta":{"_acf_changed":false,"_seopress_robots_primary_cat":"","_seopress_titles_title":"","_seopress_titles_desc":"","_seopress_robots_index":"","site-sidebar-layout":"default","site-content-layout":"","ast-site-content-layout":"default","site-content-style":"default","site-sidebar-style":"default","ast-global-header-display":"","ast-banner-title-visibility":"","ast-main-header-display":"","ast-hfb-above-header-display":"","ast-hfb-below-header-display":"","ast-hfb-mobile-header-display":"","site-post-title":"","ast-breadcrumbs-content":"","ast-featured-img":"","footer-sml-layout":"","ast-disable-related-posts":"","theme-transparent-header-meta":"","adv-header-id-meta":"","stick-header-meta":"","header-above-stick-meta":"","header-main-stick-meta":"","header-below-stick-meta":"","astra-migrate-meta-layouts":"default","ast-page-background-enabled":"default","ast-page-background-meta":{"desktop":{"background-color":"var(--ast-global-color-4)","background-image":"","background-repeat":"repeat","background-position":"center center","background-size":"auto","background-attachment":"scroll","background-type":"","background-media":"","overlay-type":"","overlay-color":"","overlay-opacity":"","overlay-gradient":""},"tablet":{"background-color":"","background-image":"","background-repeat":"repeat","background-position":"center center","background-size":"auto","background-attachment":"scroll","background-type":"","background-media":"","overlay-type":"","overlay-color":"","overlay-opacity":"","overlay-gradient":""},"mobile":{"background-color":"","background-image":"","background-repeat":"repeat","background-position":"center center","background-size":"auto","background-attachment":"scroll","background-type":"","background-media":"","overlay-type":"","overlay-color":"","overlay-opacity":"","overlay-gradient":""}},"ast-content-background-meta":{"desktop":{"background-color":"var(--ast-global-color-5)","background-image":"","background-repeat":"repeat","background-position":"center center","background-size":"auto","background-attachment":"scroll","background-type":"","background-media":"","overlay-type":"","overlay-color":"","overlay-opacity":"","overlay-gradient":""},"tablet":{"background-color":"var(--ast-global-color-5)","background-image":"","background-repeat":"repeat","background-position":"center center","background-size":"auto","background-attachment":"scroll","background-type":"","background-media":"","overlay-type":"","overlay-color":"","overlay-opacity":"","overlay-gradient":""},"mobile":{"background-color":"var(--ast-global-color-5)","background-image":"","background-repeat":"repeat","background-position":"center center","background-size":"auto","background-attachment":"scroll","background-type":"","background-media":"","overlay-type":"","overlay-color":"","overlay-opacity":"","overlay-gradient":""}},"iawp_total_views":16568,"footnotes":""},"class_list":["post-541","page","type-page","status-publish"],"acf":[],"_links":{"self":[{"href":"https:\/\/www.familea.ch\/en\/wp-json\/wp\/v2\/pages\/541","targetHints":{"allow":["GET"]}}],"collection":[{"href":"https:\/\/www.familea.ch\/en\/wp-json\/wp\/v2\/pages"}],"about":[{"href":"https:\/\/www.familea.ch\/en\/wp-json\/wp\/v2\/types\/page"}],"author":[{"embeddable":true,"href":"https:\/\/www.familea.ch\/en\/wp-json\/wp\/v2\/users\/1"}],"replies":[{"embeddable":true,"href":"https:\/\/www.familea.ch\/en\/wp-json\/wp\/v2\/comments?post=541"}],"version-history":[{"count":17,"href":"https:\/\/www.familea.ch\/en\/wp-json\/wp\/v2\/pages\/541\/revisions"}],"predecessor-version":[{"id":5728,"href":"https:\/\/www.familea.ch\/en\/wp-json\/wp\/v2\/pages\/541\/revisions\/5728"}],"up":[{"embeddable":true,"href":"https:\/\/www.familea.ch\/en\/wp-json\/wp\/v2\/pages\/87"}],"wp:attachment":[{"href":"https:\/\/www.familea.ch\/en\/wp-json\/wp\/v2\/media?parent=541"}],"curies":[{"name":"wp","href":"https:\/\/api.w.org\/{rel}","templated":true}]}}