{"id":5976,"date":"2024-07-29T11:51:15","date_gmt":"2024-07-29T09:51:15","guid":{"rendered":"https:\/\/www.familea.ch\/?page_id=5976"},"modified":"2026-03-03T13:22:12","modified_gmt":"2026-03-03T12:22:12","slug":"qualified-caregiver","status":"publish","type":"page","link":"https:\/\/www.familea.ch\/en\/karriere\/tagesbetreuung\/","title":{"rendered":"Daycare"},"content":{"rendered":"\n<h1>\n\t\t\tTagesbetreuung\t<\/h1>\n\t<p>Als Fachperson Betreuung Kind EFZ oder Fachkraft Kindheitsp\u00e4dagogik gestaltest du bei familea an \u00fcber 40 Standorten in Basel-Stadt, Basel-Landschaft und Aargau die individuelle Entwicklung von Kindern mit kreativen Aktivit\u00e4ten und p\u00e4dagogischer Begleitung aktiv mit.<\/p>\n<a  href=\"#Fachperson%20Betreuung%20EFZ\" target=\"_self\">\n\t<\/a>\n\t\t\t\t<img decoding=\"async\" src=\"https:\/\/www.familea.ch\/wp-content\/uploads\/2024\/04\/arbeitgeberin.png\" alt=\" arbeitgeberin\" itemprop=\"image\" height=\"1173\" width=\"1173\" title=\"_arbeitgeberin\" onerror=\"this.style.display='none'\" loading=\"lazy\" \/>\n<a  href=\"#Kindheitspaedagogik\" target=\"_self\">\n\t<\/a>\n\t\t\t\t<img decoding=\"async\" src=\"https:\/\/www.familea.ch\/wp-content\/uploads\/2025\/05\/kindheitspaedagogik-icon.png\" alt=\"kindheitsp\u00e4dagogik icon\" itemprop=\"image\" height=\"500\" width=\"500\" title=\"kindheitsp\u00e4dagogik icon\" onerror=\"this.style.display='none'\" loading=\"lazy\" \/>\n<a  href=\"https:\/\/jobs.familea.ch\/\" target=\"_self\">\n\t<\/a>\n\t\t\t\t<img decoding=\"async\" src=\"https:\/\/www.familea.ch\/wp-content\/uploads\/2024\/04\/ausbildungg.png\" alt=\" ausbildungg\" itemprop=\"image\" height=\"1041\" width=\"1042\" title=\"_ausbildungg\" onerror=\"this.style.display='none'\" loading=\"lazy\" \/>\n<h2  id=\"Fachperson Betreuung EFZ\">\n\t\t\tFachperson Betreuung EFZ\t<\/h2>\n\t<p>Als Fachperson Betreuung Kind EFZ (FaBe) bei familea \u00fcbernimmst du eine zentrale Rolle in der t\u00e4glichen Betreuungsarbeit von Kindern. Du f\u00f6rderst individuell die Entwicklung der Kinder durch p\u00e4dagogische Massnahmen, gestaltest kreative Aktivit\u00e4ten und bietest emotionale Unterst\u00fctzung.<\/p>\n\t<p>Die Pflege und Begleitung im Alltag sind ebenso Teil deiner Aufgaben, wie die vertrauensvolle Zusammenarbeit mit Eltern und im Team. Du tr\u00e4gst massgeblich dazu bei, dass die Kinder sich sicher und geborgen f\u00fchlen, und dokumentierst ihre Fortschritte sorgf\u00e4ltig.<\/p>\n<p>familea Kitas stehen f\u00fcr qualitativ hochwertige p\u00e4dagogische Werte ein und orientieren sich an der Methode von Bildungs- und Lerngeschichten <a href=\"https:\/\/www.familea.ch\/kita\/paedagogische-schwerpunkte\/\">(BuLG)<\/a>.<\/p>\n<p>Mit deinem Engagement und deiner Professionalit\u00e4t unterst\u00fctzt du unsere Mission, die Vereinbarkeit von Beruf und Familie zu f\u00f6rdern sowie Chancengleichheit und Integration zu erm\u00f6glichen.<\/p>\n\t\t\t\t\t<img decoding=\"async\" src=\"https:\/\/i.ytimg.com\/vi\/lkugaQEVb-Y\/maxresdefault.jpg\" alt=\"youtube-video-thumbnail\"\/>\n\t\t<h5>\n\t\t\tM\u00f6chtest du jeden Tag ein strahlendes L\u00e4cheln in Kindergesichter zaubern?\t<\/h5>\n<h5>\n\t\t\tDann bist du bei uns genau richtig!\t<\/h5>\n<h2  id=\"Kindheitspaedagogik\">\n\t\t\tKindheitsp\u00e4dagogik HF\t<\/h2>\n\t<p><strong>Werde Kindheitsp\u00e4dagog*in HF bei familea &#8211; gestalte Zukunft, inspiriere Kinder, entwickle p\u00e4dagogische Qualit\u00e4t<\/strong><\/p>\n<p>Als Kindheitsp\u00e4dagog*in HF bist du bei familea eine zentrale Fachperson f\u00fcr fr\u00fchkindliche Bildung, Entwicklung und Beziehungsgestaltung. Du verbindest Fachwissen, Verantwortung und Herz und schaffst f\u00fcr Kinder eine inspirierende Umgebung, in der sie sicher wachsen, mutig entdecken und selbstbewusst werden k\u00f6nnen. Im Alltag gestaltest du in Zusammenarbeit mit dem Team Lernr\u00e4ume, begleitest die Kinder feinf\u00fchlig und setzt Impulse, die ihre Entwicklung nachhaltig st\u00e4rken. Mit deinem vertieften Wissen in fr\u00fchkindlicher Bildung bringst du Professionalit\u00e4t in jede Situation &#8211; beim Spielen, Beobachten, Planen und Reflektieren &#8211; und arbeitest eng mit deinem Team, Eltern und Fachstellen zusammen.<\/p>\n\t<p>Gleichzeitig tr\u00e4gst du massgeblich zur p\u00e4dagogischen Qualit\u00e4tssicherung bei: Du entwickelst Konzepte weiter, evaluierst den p\u00e4dagogischen Alltag und setzt Schwerpunkte gezielt in der Praxis um. Bei familea bist du nicht nur p\u00e4dagogische Fachperson, sondern kannst auch eine wichtige Mitgestalter*in der Organisation werden. Du kannst die Kitaleitung als Stellvertretung unterst\u00fctzen, Verantwortung in konzeptuellen und organisatorischen Themen \u00fcbernehmen, in der Berufsbildung eine tragende Rolle einnehmen sowie in Projekten mitwirken, die Qualit\u00e4t, Zusammenarbeit und Innovation f\u00f6rdern.<\/p>\n<p>Damit pr\u00e4gst du die Zukunft deiner Kita &#8211; und die von familea.<\/p>\n<h5>\n\t\t\tDu willst mehr wissen? Hier erf\u00e4hrst du, was den Job bei uns so besonders macht.\t<\/h5>\n<h6>\n\t\t\tDas sind deine Aufgaben:\t<\/h6>\n<h6>\n\t\t\tDas bringst du mit:\t<\/h6>\n<h6>\n\t\t\tDas erwartet dich:\t<\/h6>\n\t<p>F\u00fchlst du dich angesprochen? Dann bewirb dich direkt auf eine offene Stelle.<\/p>\n\t\t\t<a href=\"https:\/\/jobs.familea.ch\/stellenangebote.html?filter[aufgabengebiet_id][]=18\" title=\"Jetzt bewerben!\" target=\"_blank\" rel=\"noopener\"  role=\"button\" aria-label=\"Jetzt bewerben!\">\n\t\t\t\t\t\t\tJetzt bewerben!\n\t\t<\/a>\n<h4>\n\t\t\tWeitere Einblicke in unsere Kitas\t<\/h4>\n\t\t\t\t\t<img decoding=\"async\" src=\"https:\/\/i.ytimg.com\/vi\/X29un2Qibmk\/maxresdefault.jpg\" alt=\"youtube-video-thumbnail\"\/>\n\t\t\t\t\t<img decoding=\"async\" src=\"https:\/\/i.ytimg.com\/vi\/62atjnejlJ4\/maxresdefault.jpg\" alt=\"youtube-video-thumbnail\"\/>\n\t\t\n","protected":false},"excerpt":{"rendered":"<p>Tagesbetreuung Als Fachperson Betreuung Kind EFZ oder Fachkraft Kindheitsp\u00e4dagogik gestaltest du bei familea an \u00fcber 40 Standorten in Basel-Stadt, Basel-Landschaft und Aargau die individuelle Entwicklung von Kindern mit kreativen Aktivit\u00e4ten und p\u00e4dagogischer Begleitung aktiv mit. Fachperson Betreuung EFZ Als Fachperson Betreuung Kind EFZ (FaBe) bei familea \u00fcbernimmst du eine zentrale Rolle in der t\u00e4glichen Betreuungsarbeit [&hellip;]<\/p>\n","protected":false},"author":8,"featured_media":0,"parent":178,"menu_order":0,"comment_status":"closed","ping_status":"closed","template":"","meta":{"_acf_changed":false,"_seopress_robots_primary_cat":"","_seopress_titles_title":"Arbeiten in der Tagesbetreuung | familea","_seopress_titles_desc":"Entdecke spannende Karrierem\u00f6glichkeiten als Fachperson Betreuung EFZ oder in der Kindheitsp\u00e4dagogik HF bei familea. Werde Teil unseres engagierten Teams und unterst\u00fctze Kinder und Jugendliche in ihrer Entwicklung. Bewirb dich jetzt und trage zur F\u00f6rderung der Vereinbarkeit von Beruf und Familie bei!","_seopress_robots_index":"","site-sidebar-layout":"default","site-content-layout":"","ast-site-content-layout":"default","site-content-style":"default","site-sidebar-style":"default","ast-global-header-display":"","ast-banner-title-visibility":"","ast-main-header-display":"","ast-hfb-above-header-display":"","ast-hfb-below-header-display":"","ast-hfb-mobile-header-display":"","site-post-title":"","ast-breadcrumbs-content":"","ast-featured-img":"","footer-sml-layout":"","ast-disable-related-posts":"","theme-transparent-header-meta":"","adv-header-id-meta":"","stick-header-meta":"","header-above-stick-meta":"","header-main-stick-meta":"","header-below-stick-meta":"","astra-migrate-meta-layouts":"set","ast-page-background-enabled":"default","ast-page-background-meta":{"desktop":{"background-color":"var(--ast-global-color-4)","background-image":"","background-repeat":"repeat","background-position":"center center","background-size":"auto","background-attachment":"scroll","background-type":"","background-media":"","overlay-type":"","overlay-color":"","overlay-opacity":"","overlay-gradient":""},"tablet":{"background-color":"","background-image":"","background-repeat":"repeat","background-position":"center center","background-size":"auto","background-attachment":"scroll","background-type":"","background-media":"","overlay-type":"","overlay-color":"","overlay-opacity":"","overlay-gradient":""},"mobile":{"background-color":"","background-image":"","background-repeat":"repeat","background-position":"center center","background-size":"auto","background-attachment":"scroll","background-type":"","background-media":"","overlay-type":"","overlay-color":"","overlay-opacity":"","overlay-gradient":""}},"ast-content-background-meta":{"desktop":{"background-color":"var(--ast-global-color-5)","background-image":"","background-repeat":"repeat","background-position":"center center","background-size":"auto","background-attachment":"scroll","background-type":"","background-media":"","overlay-type":"","overlay-color":"","overlay-opacity":"","overlay-gradient":""},"tablet":{"background-color":"var(--ast-global-color-5)","background-image":"","background-repeat":"repeat","background-position":"center center","background-size":"auto","background-attachment":"scroll","background-type":"","background-media":"","overlay-type":"","overlay-color":"","overlay-opacity":"","overlay-gradient":""},"mobile":{"background-color":"var(--ast-global-color-5)","background-image":"","background-repeat":"repeat","background-position":"center center","background-size":"auto","background-attachment":"scroll","background-type":"","background-media":"","overlay-type":"","overlay-color":"","overlay-opacity":"","overlay-gradient":""}},"iawp_total_views":296,"footnotes":""},"class_list":["post-5976","page","type-page","status-publish"],"acf":[],"_links":{"self":[{"href":"https:\/\/www.familea.ch\/en\/wp-json\/wp\/v2\/pages\/5976","targetHints":{"allow":["GET"]}}],"collection":[{"href":"https:\/\/www.familea.ch\/en\/wp-json\/wp\/v2\/pages"}],"about":[{"href":"https:\/\/www.familea.ch\/en\/wp-json\/wp\/v2\/types\/page"}],"author":[{"embeddable":true,"href":"https:\/\/www.familea.ch\/en\/wp-json\/wp\/v2\/users\/8"}],"replies":[{"embeddable":true,"href":"https:\/\/www.familea.ch\/en\/wp-json\/wp\/v2\/comments?post=5976"}],"version-history":[{"count":11,"href":"https:\/\/www.familea.ch\/en\/wp-json\/wp\/v2\/pages\/5976\/revisions"}],"predecessor-version":[{"id":8332,"href":"https:\/\/www.familea.ch\/en\/wp-json\/wp\/v2\/pages\/5976\/revisions\/8332"}],"up":[{"embeddable":true,"href":"https:\/\/www.familea.ch\/en\/wp-json\/wp\/v2\/pages\/178"}],"wp:attachment":[{"href":"https:\/\/www.familea.ch\/en\/wp-json\/wp\/v2\/media?parent=5976"}],"curies":[{"name":"wp","href":"https:\/\/api.w.org\/{rel}","templated":true}]}}