{"id":5989,"date":"2024-07-29T12:40:11","date_gmt":"2024-07-29T10:40:11","guid":{"rendered":"https:\/\/www.familea.ch\/?page_id=5989"},"modified":"2026-02-13T14:53:39","modified_gmt":"2026-02-13T13:53:39","slug":"social_education-social_work","status":"publish","type":"page","link":"https:\/\/www.familea.ch\/en\/karriere\/sozialpaedagogik-soziale_arbeit\/","title":{"rendered":"Social pedagogy and social work"},"content":{"rendered":"\n<h1>\n\t\t\tSozialp\u00e4dagogik und Soziale Arbeit\t<\/h1>\n\t<p>Kinder brauchen einen sicheren Ort zum Wohnen und Wachsen. Manchmal ist dieser Ort nicht das Elternhaus.<\/p>\n<a  href=\"#sozialpaedagogik\" target=\"_self\">\n\t<\/a>\n\t\t\t\t<img decoding=\"async\" src=\"https:\/\/www.familea.ch\/wp-content\/uploads\/2025\/05\/sozialpaedagogik-icon.png\" alt=\"sozialp\u00e4dagogik icon\" itemprop=\"image\" height=\"500\" width=\"500\" title=\"sozialp\u00e4dagogik icon\" onerror=\"this.style.display='none'\" loading=\"lazy\" \/>\n<a  href=\"#SozialeArbeit\" target=\"_self\">\n\t<\/a>\n\t\t\t\t<img decoding=\"async\" src=\"https:\/\/www.familea.ch\/wp-content\/uploads\/2025\/05\/soziale-arbeit-icon-.png\" alt=\"soziale arbeit icon\" itemprop=\"image\" height=\"500\" width=\"500\" title=\"soziale arbeit icon\" onerror=\"this.style.display='none'\" loading=\"lazy\" \/>\n<a  href=\"https:\/\/jobs.familea.ch\/\" target=\"_self\">\n\t<\/a>\n\t\t\t\t<img decoding=\"async\" src=\"https:\/\/www.familea.ch\/wp-content\/uploads\/2024\/04\/ausbildungg.png\" alt=\" ausbildungg\" itemprop=\"image\" height=\"1041\" width=\"1042\" title=\"_ausbildungg\" onerror=\"this.style.display='none'\" loading=\"lazy\" \/>\n\t<nav  aria-label=\"breadcrumb\"><ol class=\"breadcrumb\"><li class=\"breadcrumb-item active\" aria-current=\"page\"><span><i class=\"fa-regular fa-house\"><\/i><\/span><\/li><\/ol><\/nav>\n<a  href=\"#sozialpaedagogik\" target=\"_self\">\n\t<\/a>\n<h6>\n\t\t\tSozialp\u00e4dagogik\t<\/h6>\n<a  href=\"#SozialeArbeit\" target=\"_self\">\n\t<\/a>\n<h6>\n\t\t\tSoziale Arbeit\t<\/h6>\n<a  href=\"https:\/\/jobs.familea.ch\/\" target=\"_self\">\n\t<\/a>\n<h6>\n\t\t\tBewerben\t<\/h6>\n<h2  id=\"sozialpaedagogik\">\n\t\t\tSozialp\u00e4dagogik HF \/ FH\t<\/h2>\n\t<p>Als Fachperson der Sozialp\u00e4dagogik HF \/ FH bei familea arbeitest du im Jugendwohnheim Lindenberg, dem Durchgangsheim Im Vogelsang oder in einer der dezentralen Wohngruppen.<\/p>\n\t<p>Hohe Sozialkompetenz, Teamf\u00e4higkeit, Flexibilit\u00e4t und Belastbarkeit sind essenziell.<\/p>\n<p>Deine F\u00e4higkeit, kreative und verantwortungsvolle Betreuung zu gew\u00e4hrleisten, und deine Bereitschaft f\u00fcr Schichtarbeit und Lageraufenthalte tragen massgeblich zur Unterst\u00fctzung der Kinder und Jugendlichen bei.<\/p>\n<h5>\n\t\t\tM\u00f6chtest du Kinder und Jugendliche darin unterst\u00fctzen, ihre eigenen St\u00e4rken zu entdecken?\t<\/h5>\n<h5>\n\t\t\tDann bist Du bei uns genau richtig!\t<\/h5>\n<h6>\n\t\t\tDas sind deine Aufgaben:\t<\/h6>\n<h6>\n\t\t\tDas bringst du mit:\t<\/h6>\n\t<p>(*) Bei ausl\u00e4ndischen Diplomen ist zwingend eine Gleichwertigkeits-Best\u00e4tigung des Staatssekretariats f\u00fcr Bildung, Forschung und Innovation SBFI beizulegen.<\/p>\n<h6>\n\t\t\tDas erwartet dich:\t<\/h6>\n\t<p>F\u00fchlst du dich angesprochen? Dann bewirb dich direkt auf eine offene Stelle.<\/p>\n\t\t\t<a href=\"https:\/\/jobs.familea.ch\/stellenangebote.html?filter[aufgabengebiet_id][]=19\" title=\"Jetzt bewerben!\" target=\"_blank\" rel=\"noopener\"  role=\"button\" aria-label=\"Jetzt bewerben!\">\n\t\t\t\t\t\t\tJetzt bewerben!\n\t\t<\/a>\n<a  href=\"#sozialpaedagogik\" target=\"_self\">\n\t<\/a>\n\t\t\t\t<img decoding=\"async\" src=\"https:\/\/www.familea.ch\/wp-content\/uploads\/2025\/05\/sozialpaedagogik-icon.png\" alt=\"sozialp\u00e4dagogik icon\" itemprop=\"image\" height=\"500\" width=\"500\" title=\"sozialp\u00e4dagogik icon\" onerror=\"this.style.display='none'\" loading=\"lazy\" \/>\n<a  href=\"#SozialeArbeit\" target=\"_self\">\n\t<\/a>\n\t\t\t\t<img decoding=\"async\" src=\"https:\/\/www.familea.ch\/wp-content\/uploads\/2025\/05\/soziale-arbeit-icon-.png\" alt=\"soziale arbeit icon\" itemprop=\"image\" height=\"500\" width=\"500\" title=\"soziale arbeit icon\" onerror=\"this.style.display='none'\" loading=\"lazy\" \/>\n<a  href=\"https:\/\/jobs.familea.ch\/\" target=\"_self\">\n\t<\/a>\n\t\t\t\t<img decoding=\"async\" src=\"https:\/\/www.familea.ch\/wp-content\/uploads\/2024\/04\/ausbildungg.png\" alt=\" ausbildungg\" itemprop=\"image\" height=\"1041\" width=\"1042\" title=\"_ausbildungg\" onerror=\"this.style.display='none'\" loading=\"lazy\" \/>\n\t<nav  aria-label=\"breadcrumb\"><ol class=\"breadcrumb\"><li class=\"breadcrumb-item active\" aria-current=\"page\"><span><i class=\"fa-regular fa-house\"><\/i><\/span><\/li><\/ol><\/nav>\n<a  href=\"#sozialpaedagogik\" target=\"_self\">\n\t<\/a>\n<h6>\n\t\t\tSozialp\u00e4dagogik\t<\/h6>\n<a  href=\"#SozialeArbeit\" target=\"_self\">\n\t<\/a>\n<h6>\n\t\t\tSoziale Arbeit\t<\/h6>\n<a  href=\"https:\/\/jobs.familea.ch\/\" target=\"_self\">\n\t<\/a>\n<h6>\n\t\t\tBewerben\t<\/h6>\n<h2  id=\"SozialeArbeit\">\n\t\t\tSoziale Arbeit FH\t<\/h2>\n\t<p>Als Fachperson der Sozialen Arbeit unterst\u00fctzt du Frauen in schwierigen Lebenssituationen und begleitest Pflegefamilien. Du arbeitest in den Bereichen Beratung, Begleitung und Vernetzung &#8211; in der Frauenberatung oder in der Betreuung von Pflegefamilien.<\/p>\n\t<p>Hohe Sozialkompetenz, ein l\u00f6sungsorientiertes Denken sowie die F\u00e4higkeit, auch in herausfordernden Situationen den \u00dcberblick zu behalten, sind essenziell. Mit deinem Engagement und deiner Fachkenntnis schaffst du eine wertvolle Grundlage, um gemeinsam Perspektiven zu entwickeln und Chancen zu er\u00f6ffnen.<\/p>\n<h5>\n\t\t\tDu suchst nach einer sinnstiftenden Aufgabe?\t<\/h5>\n<h5>\n\t\t\tDann bist Du bei uns genau richtig!\t<\/h5>\n<h6>\n\t\t\tDas sind deine Aufgaben:\t<\/h6>\n<h6>\n\t\t\tDas bringst du mit:\t<\/h6>\n\t<p>(*) Bei ausl\u00e4ndischen Diplomen ist zwingend eine schweizer Gleichwertigkeits-Best\u00e4tigung.<\/p>\n<h6>\n\t\t\tDas erwartet dich:\t<\/h6>\n\t<p>F\u00fchlst du dich angesprochen? Dann bewirb dich direkt auf eine offene Stelle.<\/p>\n\t\t\t<a href=\"https:\/\/jobs.familea.ch\/\" title=\"Jetzt bewerben!\" target=\"_blank\" rel=\"noopener\"  role=\"button\" aria-label=\"Jetzt bewerben!\">\n\t\t\t\t\t\t\tJetzt bewerben!\n\t\t<\/a>\n<h4>\n\t\t\tStimmen von Pflegeeltern<br \/>\t<\/h4>\n\t\t\t\t\t<img decoding=\"async\" src=\"https:\/\/i.ytimg.com\/vi\/C3oQ8yQWCLo\/maxresdefault.jpg\" alt=\"youtube-video-thumbnail\"\/>\n\t\t\t\t\t<img decoding=\"async\" src=\"https:\/\/i.ytimg.com\/vi\/-3rDQf9zF_s\/maxresdefault.jpg\" alt=\"youtube-video-thumbnail\"\/>\n\t\t\n","protected":false},"excerpt":{"rendered":"<p>Sozialp\u00e4dagogik und Soziale Arbeit Kinder brauchen einen sicheren Ort zum Wohnen und Wachsen. Manchmal ist dieser Ort nicht das Elternhaus. Sozialp\u00e4dagogik Soziale Arbeit Bewerben Sozialp\u00e4dagogik HF \/ FH Als Fachperson der Sozialp\u00e4dagogik HF \/ FH bei familea arbeitest du im Jugendwohnheim Lindenberg, dem Durchgangsheim Im Vogelsang oder in einer der dezentralen Wohngruppen. Hohe Sozialkompetenz, Teamf\u00e4higkeit, [&hellip;]<\/p>\n","protected":false},"author":8,"featured_media":0,"parent":178,"menu_order":0,"comment_status":"closed","ping_status":"closed","template":"","meta":{"_acf_changed":false,"_seopress_robots_primary_cat":"","_seopress_titles_title":"Sozialp\u00e4dagogik und Soziale Arbeit | familea","_seopress_titles_desc":"In der Sozialp\u00e4dagogik und Sozialen Arbeit bei familea arbeitest du im Jugendwohnheim Lindenberg, dem Durchgangsheim Im Vogelsang oder in einer der dezentralen Wohngruppen oder in der Begleitung von Pflegefamilien. | familea","_seopress_robots_index":"","site-sidebar-layout":"default","site-content-layout":"","ast-site-content-layout":"default","site-content-style":"default","site-sidebar-style":"default","ast-global-header-display":"","ast-banner-title-visibility":"","ast-main-header-display":"","ast-hfb-above-header-display":"","ast-hfb-below-header-display":"","ast-hfb-mobile-header-display":"","site-post-title":"","ast-breadcrumbs-content":"","ast-featured-img":"","footer-sml-layout":"","ast-disable-related-posts":"","theme-transparent-header-meta":"","adv-header-id-meta":"","stick-header-meta":"","header-above-stick-meta":"","header-main-stick-meta":"","header-below-stick-meta":"","astra-migrate-meta-layouts":"set","ast-page-background-enabled":"default","ast-page-background-meta":{"desktop":{"background-color":"var(--ast-global-color-4)","background-image":"","background-repeat":"repeat","background-position":"center center","background-size":"auto","background-attachment":"scroll","background-type":"","background-media":"","overlay-type":"","overlay-color":"","overlay-opacity":"","overlay-gradient":""},"tablet":{"background-color":"","background-image":"","background-repeat":"repeat","background-position":"center center","background-size":"auto","background-attachment":"scroll","background-type":"","background-media":"","overlay-type":"","overlay-color":"","overlay-opacity":"","overlay-gradient":""},"mobile":{"background-color":"","background-image":"","background-repeat":"repeat","background-position":"center center","background-size":"auto","background-attachment":"scroll","background-type":"","background-media":"","overlay-type":"","overlay-color":"","overlay-opacity":"","overlay-gradient":""}},"ast-content-background-meta":{"desktop":{"background-color":"var(--ast-global-color-5)","background-image":"","background-repeat":"repeat","background-position":"center center","background-size":"auto","background-attachment":"scroll","background-type":"","background-media":"","overlay-type":"","overlay-color":"","overlay-opacity":"","overlay-gradient":""},"tablet":{"background-color":"var(--ast-global-color-5)","background-image":"","background-repeat":"repeat","background-position":"center center","background-size":"auto","background-attachment":"scroll","background-type":"","background-media":"","overlay-type":"","overlay-color":"","overlay-opacity":"","overlay-gradient":""},"mobile":{"background-color":"var(--ast-global-color-5)","background-image":"","background-repeat":"repeat","background-position":"center center","background-size":"auto","background-attachment":"scroll","background-type":"","background-media":"","overlay-type":"","overlay-color":"","overlay-opacity":"","overlay-gradient":""}},"iawp_total_views":199,"footnotes":""},"class_list":["post-5989","page","type-page","status-publish"],"acf":[],"_links":{"self":[{"href":"https:\/\/www.familea.ch\/en\/wp-json\/wp\/v2\/pages\/5989","targetHints":{"allow":["GET"]}}],"collection":[{"href":"https:\/\/www.familea.ch\/en\/wp-json\/wp\/v2\/pages"}],"about":[{"href":"https:\/\/www.familea.ch\/en\/wp-json\/wp\/v2\/types\/page"}],"author":[{"embeddable":true,"href":"https:\/\/www.familea.ch\/en\/wp-json\/wp\/v2\/users\/8"}],"replies":[{"embeddable":true,"href":"https:\/\/www.familea.ch\/en\/wp-json\/wp\/v2\/comments?post=5989"}],"version-history":[{"count":11,"href":"https:\/\/www.familea.ch\/en\/wp-json\/wp\/v2\/pages\/5989\/revisions"}],"predecessor-version":[{"id":8314,"href":"https:\/\/www.familea.ch\/en\/wp-json\/wp\/v2\/pages\/5989\/revisions\/8314"}],"up":[{"embeddable":true,"href":"https:\/\/www.familea.ch\/en\/wp-json\/wp\/v2\/pages\/178"}],"wp:attachment":[{"href":"https:\/\/www.familea.ch\/en\/wp-json\/wp\/v2\/media?parent=5989"}],"curies":[{"name":"wp","href":"https:\/\/api.w.org\/{rel}","templated":true}]}}