{"id":5992,"date":"2024-07-25T13:23:47","date_gmt":"2024-07-25T11:23:47","guid":{"rendered":"https:\/\/www.familea.ch\/?page_id=5992"},"modified":"2026-03-18T13:35:02","modified_gmt":"2026-03-18T12:35:02","slug":"education","status":"publish","type":"page","link":"https:\/\/www.familea.ch\/en\/karriere\/ausbildung\/","title":{"rendered":"Training"},"content":{"rendered":"<h1>\n\t\t\tTraining\t<\/h1>\n\t<p>At familea you can expect an exciting and practical training and study period full of interesting experiences in which the focus is on working with children.<\/p>\n<a  href=\"#Ausbildung-als-Fabe\" target=\"_self\">\n\t<\/a>\n\t\t\t\t<img decoding=\"async\" src=\"https:\/\/www.familea.ch\/wp-content\/uploads\/2024\/04\/arbeitgeberin.png\" alt=\" employer\" itemprop=\"image\" height=\"1173\" width=\"1173\" title=\"Employer\" onerror=\"this.style.display='none'\" loading=\"lazy\" \/>\n<a  href=\"#Kindheitspaedagog\" target=\"_self\">\n\t<\/a>\n\t\t\t\t<img decoding=\"async\" src=\"https:\/\/www.familea.ch\/wp-content\/uploads\/2025\/05\/kindheitspaedagogik-icon.png\" alt=\"childhood education icon\" itemprop=\"image\" height=\"500\" width=\"500\" title=\"childhood education icon\" onerror=\"this.style.display='none'\" loading=\"lazy\" \/>\n<a  href=\"#sozialpaedagog\" target=\"_self\">\n\t<\/a>\n\t\t\t\t<img decoding=\"async\" src=\"https:\/\/www.familea.ch\/wp-content\/uploads\/2025\/05\/soziale-arbeit-icon-.png\" alt=\"social work icon\" itemprop=\"image\" height=\"500\" width=\"500\" title=\"social work icon\" onerror=\"this.style.display='none'\" loading=\"lazy\" \/>\n<a  href=\"#erwachsene\" target=\"_self\">\n\t<\/a>\n\t\t\t\t<img decoding=\"async\" src=\"https:\/\/www.familea.ch\/wp-content\/uploads\/2025\/05\/erwachsenenbildung.png\" alt=\"adult education\" itemprop=\"image\" height=\"500\" width=\"500\" title=\"adult education\" onerror=\"this.style.display='none'\" loading=\"lazy\" \/>\n<a  href=\"https:\/\/jobs.familea.ch\/\" target=\"_self\">\n\t<\/a>\n\t\t\t\t<img decoding=\"async\" src=\"https:\/\/www.familea.ch\/wp-content\/uploads\/2024\/04\/ausbildungg.png\" alt=\" educationg\" itemprop=\"image\" height=\"1041\" width=\"1042\" title=\"training\" onerror=\"this.style.display='none'\" loading=\"lazy\" \/>\n\t<nav  aria-label=\"breadcrumb\"><ol class=\"breadcrumb\"><li class=\"breadcrumb-item active\" aria-current=\"page\"><span><i class=\"fa-regular fa-house\"><\/i><\/span><\/li><\/ol><\/nav>\n<a  href=\"#Ausbildung-als-Fabe\" target=\"_self\">\n\t<\/a>\n<h6>\n\t\t\tCare specialist\t<\/h6>\n<a  href=\"#Kindheitspaedagog\" target=\"_self\">\n\t<\/a>\n<h6>\n\t\t\tChildhood education\t<\/h6>\n<a  href=\"#sozialpaedagog\" target=\"_self\">\n\t<\/a>\n<h6>\n\t\t\tSocial pedagogy\t<\/h6>\n<a  href=\"#erwachsene\" target=\"_self\">\n\t<\/a>\n<h6>\n\t\t\tVocational qualification for adults\t<\/h6>\n<a  href=\"https:\/\/jobs.familea.ch\/\" target=\"_self\">\n\t<\/a>\n<h6>\n\t\t\tApply\t<\/h6>\n\t<p>We take our educational mission towards apprentices and students very seriously. Trainees are closely supervised by specialists throughout the entire period.<\/p>\n\t\t\t\t<img decoding=\"async\" src=\"https:\/\/www.familea.ch\/wp-content\/uploads\/2023\/06\/carol_p-scaled-e1686148004676.jpg\" alt=\"carol p\" title=\"Carol_P\" itemprop=\"image\"\/>\n\t\t<h4>Carol Provenzano<\/h4>\t\t\t\n\t\t\t\t<p>Vocational training in daycare centers<br \/>Phone +41 61 260 82 42<br \/>carol.provenzano@familea.ch<\/p>\n\t\t\t\t<img decoding=\"async\" src=\"https:\/\/www.familea.ch\/wp-content\/uploads\/2026\/03\/sabine-rufi-karriere.jpg\" alt=\"sabine rufi career\" title=\"sabine rufi career\" itemprop=\"image\"\/>\n\t\t<h4>Sabine Rufi<\/h4>\t\t\t\n\t\t\t\t<p>Vocational training in the field of social pedagogy<br \/>Phone +41 61 260 86 66<br \/>sabine.rufi@familea.ch<\/p>\n<h2  id=\"Ausbildung-als-Fabe\">\n\t\t\tTraining as a childcare specialist EFZ\t<\/h2>\n<h6>\n\t\t\tSmall children - big responsibility!\t<\/h6>\n\t<p>The apprenticeship to become a childcare specialist (FaBe) takes three years. Apprentices who have reached the age of 22 and already have two years of professional experience in this field can shorten the apprenticeship to two years. The same applies to people who have already completed an EFZ apprenticeship in another profession. If you perform very well at school, you can complete a vocational baccalaureate during or after the apprenticeship.<\/p>\n<h6>\n\t\t\tRequirements for an apprenticeship as a FaBe Kinder:\t<\/h6>\n<h6>\n\t\t\tInterested? So that we can check your dossier, we ask for the following documents\t<\/h6>\n    <video controls>\n        <source src=\"https:\/\/www.familea.ch\/wp-content\/uploads\/2023\/12\/jobshot-video-fuer-tiktok.mp4\" type=\"video\/mp4\"\/>\n        The video cannot be played. Please try another browser\n    <\/video>\n\t<p>If you feel addressed, then send us your complete dossier to <a href=\"mailto:ausbildung@familea.ch\">ausbildung@familea.ch<\/a><\/p>\n\t\t\t<a href=\"mailto:ausbildung@familea.ch\" title=\"Apply now!\" target=\"_blank\" rel=\"noopener\"  role=\"button\" aria-label=\"Apply now!\">\n\t\t\t\t\t\t\tApply now!\n\t\t<\/a>\n<h5  id=\"live\">\n\t\t\tEveryday training in a familea daycare center\t<\/h5>\n\t<p>On <a href=\"https:\/\/www.lehrberufe-live.ch\/?section=2241&amp;nodeid=3013&amp;language=de_DE&amp;itemid2244=3013&amp;detail2244=1#\">www.lehrberufe-live.ch<\/a> you will gain a 45-minute insight into the exciting day-to-day training of a care specialist at familea. <\/p>\n<p>Join Ruben on his tour of the familea Kita Flughafenstrasse and find out what inspires him about his training.<\/p>\n<p><br data-start=\"349\" data-end=\"352\" \/>You will not only discover the varied tasks in a familea daycare center, but also how enriching this career choice can be.<\/p>\n\t<iframe src=\"https:\/\/player.vimeo.com\/video\/1086022364?badge=0&amp;autopause=0&amp;player_id=0&amp;app_id=58479\" frameborder=\"0\" allow=\"autoplay; fullscreen; picture-in-picture; clipboard-write; encrypted-media\" title=\"Apprenticeship live: Childcare assistant at the familea daycare center\"><\/iframe>\n<h5>\n\t\t\tWould you like to put a beaming smile on children's faces every day?\t<\/h5>\n<h5>\n\t\t\tThen you've come to the right place!\t<\/h5>\n<h2  id=\"Kindheitspaedagog\">\n\t\t\tTraining in childhood education HF\t<\/h2>\n<h6>\n\t\t\tChildcare is seen as a supplement to the family or school environment.\t<\/h6>\n\t<p>Childhood educators look after, educate and bring up children in childcare facilities that complement family and school care. They shape the educational work as a continuity between family and institution and work in partnership with parents and legal representatives.<\/p>\n<p>Among other things, they further develop the institution's educational concepts on the basis of evidence, observation, analysis and knowledge or carry out projects in the institution.<\/p>\n<p>The Childhood Education HF belongs to tertiary level B and can be completed in three or four years, depending on previous education. A completed education at secondary level 2 (vocational apprenticeship or secondary school) is required.<\/p>\n\t\t\t\t\t<img decoding=\"async\" src=\"https:\/\/i.ytimg.com\/vi\/lkugaQEVb-Y\/maxresdefault.jpg\" alt=\"youtube-video-thumbnail\"\/>\n\t\t<h6>\n\t\t\t4-year study\t<\/h6>\n<h6>\n\t\t\t3-year study\t<\/h6>\n<h6>\n\t\t\tInterested? So that we can check your dossier, we ask for the following documents\t<\/h6>\n\t<p>If you feel addressed, then send us your complete dossier to <a href=\"mailto:ausbildung@familea.ch\">ausbildung@familea.ch<\/a><\/p>\n\t\t\t<a href=\"mailto:ausbildung@familea.ch\" title=\"Apply now!\" target=\"_blank\" rel=\"noopener\"  role=\"button\" aria-label=\"Apply now!\">\n\t\t\t\t\t\t\tApply now!\n\t\t<\/a>\n<h5>\n\t\t\tAre you looking for a meaningful job with added value?\t<\/h5>\n<h5>\n\t\t\tThen you've come to the right place!\t<\/h5>\n<h2  id=\"sozialpaedagog\">\n\t\t\tTraining in social pedagogy HF \/ FH\t<\/h2>\n<h6>\n\t\t\tOpen up prospects for children and young people.\t<\/h6>\n\t<p>For adults with a recognized professional qualification, training as a social pedagogue HF takes 3 to 4 years. <\/p>\n<p>Professionals from the social sector with a recognized qualification as a care specialist EFZ can complete the training in 2-3 years.<\/p>\n<p>For adults with a baccalaureate degree, the training to become a social pedagogue FH lasts 3 years (full-time training) or 4 years (practical training). The individual schools provide information about details and admission criteria for people with other previous education.<\/p>\n<h6>\n\t\t\tHigher technical college (degree in social pedagogy HF):\t<\/h6>\n<h6>\n\t\t\tUniversities of applied sciences with a focus on social pedagogy (Bachelor's degree in social work)\t<\/h6>\n<h6>\n\t\t\tRequirements for training in social pedagogy HF:\t<\/h6>\n<h6>\n\t\t\tRequirements for training in social pedagogy FH:\t<\/h6>\n<h6>\n\t\t\tActivities at familea in social pedagogy:\t<\/h6>\n\t<p>familea runs a children's home, three decentralized residential groups and a transit home. You support and care for schoolchildren and young people from difficult social backgrounds using the caregiver principle.<\/p>\n<p>You work closely with the specialists involved (school, therapy, etc.). You hold regular discussions with family members, the referring authorities and the legal representatives accompanying the case.<\/p>\n<p>In individual and group discussions, you will reflect on development processes, agree on goals and discuss conflicts. You will write reports and take on administrative tasks.<\/p>\n<h6>\n\t\t\tActivities at familea in social pedagogy:\t<\/h6>\n<h6>\n\t\t\tInterested? So that we can check your dossier, we ask for the following documents\t<\/h6>\n\t<p>If you feel addressed, then send us your complete dossier to <a href=\"mailto:ausbildung@familea.ch\">ausbildung@familea.ch<\/a><\/p>\n\t\t\t<a href=\"mailto:ausbildung@familea.ch\" title=\"Apply now!\" target=\"_blank\" rel=\"noopener\"  role=\"button\" aria-label=\"Apply now!\">\n\t\t\t\t\t\t\tApply now!\n\t\t<\/a>\n<h5>\n\t\t\tAre you ready to take the next step in your professional development?\t<\/h5>\n<h5>\n\t\t\tThen familea is the right place for you!\t<\/h5>\n<h2  id=\"erwachsene\">\n\t\t\tVocational qualification for adults\t<\/h2>\n\t<p>The vocational qualification for adults in accordance with Art. 32 BBV at familea offers you a further path to a vocational qualification with a Federal Certificate of Competence.<\/p>\n<p>With several years of professional experience, you can catch up on your qualification as a childcare specialist by taking the same exam as apprentices with an apprenticeship contract with appropriate preparation.<\/p>\n<p>You can find out more about vocational qualifications for adults at: <a href=\"https:\/\/www.berufsfachschulebasel.ch\" target=\"_new\" rel=\"noreferrer\">Basel Vocational School<\/a>.<\/p>\n<h6>\n\t\t\tRequirements\t<\/h6>\n<h6>\n\t\t\tInterested? So that we can check your dossier, we ask for the following documents\t<\/h6>\n\t<p>If you feel addressed, then send us your complete dossier to <a href=\"mailto:ausbildung@familea.ch\">ausbildung@familea.ch<\/a><\/p>\n\t\t\t<a href=\"mailto:ausbildung@familea.ch\" title=\"Apply now!\" target=\"_blank\" rel=\"noopener\"  role=\"button\" aria-label=\"Apply now!\">\n\t\t\t\t\t\t\tApply now!\n\t\t<\/a>\n<h4>\n\t\t\tDo you have any questions? Then get in touch with us.\t<\/h4>\n\t\t\t\t<img decoding=\"async\" src=\"https:\/\/www.familea.ch\/wp-content\/uploads\/2023\/06\/carol_p-scaled-e1686148004676.jpg\" alt=\"carol p\" title=\"Carol_P\" itemprop=\"image\"\/>\n\t\t<h4>Carol Provenzano<\/h4>\t\t\t\n\t\t\t\t<p>Vocational training, daycare center department<br \/>Phone +41 61 260 82 42<br \/>carol.provenzano@familea.ch<\/p>\n\t\t\t\t<img decoding=\"async\" src=\"https:\/\/www.familea.ch\/wp-content\/uploads\/2024\/02\/sabine-rufi_quad-scaled.jpg\" alt=\"sabine rufi\" title=\"Sabine Rufi\" itemprop=\"image\"\/>\n\t\t<h4>Sabine Rufi<\/h4>\t\t\t\n\t\t\t\t<p>Vocational training in the field of social pedagogy<br \/>Phone +41 61 260 86 66<br \/>sabine.rufi@familea.ch<\/p>","protected":false},"excerpt":{"rendered":"<p>Ausbildung Bei familea erwartet Dich eine spannende und praxisnahe Lehr- und Studienzeit voller interessanter Erfahrungen, in welcher die Arbeit mit Kindern im Mittelpunkt steht. Fachperson Betreuung Kindheitsp\u00e4dagogik Sozialp\u00e4dagogik Berufsabschluss f\u00fcr Erwachsene Bewerben Wir nehmen unseren Bildungsauftrag gegen\u00fcber Lernenden und Studierenden sehr ernst. Auszubildende werden intensiv durch Fachpersonen w\u00e4hrend der gesamten Zeit eng betreut. Carol Provenzano [&hellip;]<\/p>\n","protected":false},"author":8,"featured_media":0,"parent":178,"menu_order":0,"comment_status":"closed","ping_status":"closed","template":"","meta":{"_acf_changed":false,"_seopress_robots_primary_cat":"","_seopress_titles_title":"Ausbildung | familea","_seopress_titles_desc":"Bei familea erwartet Dich eine spannende und praxisnahe Lehr- und Studienzeit voller interessanter Erfahrungen, in welcher die Arbeit mit Kindern im Mittelpunkt steht. | familea","_seopress_robots_index":"","site-sidebar-layout":"default","site-content-layout":"","ast-site-content-layout":"default","site-content-style":"default","site-sidebar-style":"default","ast-global-header-display":"","ast-banner-title-visibility":"","ast-main-header-display":"","ast-hfb-above-header-display":"","ast-hfb-below-header-display":"","ast-hfb-mobile-header-display":"","site-post-title":"","ast-breadcrumbs-content":"","ast-featured-img":"","footer-sml-layout":"","ast-disable-related-posts":"","theme-transparent-header-meta":"","adv-header-id-meta":"","stick-header-meta":"","header-above-stick-meta":"","header-main-stick-meta":"","header-below-stick-meta":"","astra-migrate-meta-layouts":"set","ast-page-background-enabled":"default","ast-page-background-meta":{"desktop":{"background-color":"var(--ast-global-color-4)","background-image":"","background-repeat":"repeat","background-position":"center center","background-size":"auto","background-attachment":"scroll","background-type":"","background-media":"","overlay-type":"","overlay-color":"","overlay-opacity":"","overlay-gradient":""},"tablet":{"background-color":"","background-image":"","background-repeat":"repeat","background-position":"center center","background-size":"auto","background-attachment":"scroll","background-type":"","background-media":"","overlay-type":"","overlay-color":"","overlay-opacity":"","overlay-gradient":""},"mobile":{"background-color":"","background-image":"","background-repeat":"repeat","background-position":"center center","background-size":"auto","background-attachment":"scroll","background-type":"","background-media":"","overlay-type":"","overlay-color":"","overlay-opacity":"","overlay-gradient":""}},"ast-content-background-meta":{"desktop":{"background-color":"var(--ast-global-color-5)","background-image":"","background-repeat":"repeat","background-position":"center center","background-size":"auto","background-attachment":"scroll","background-type":"","background-media":"","overlay-type":"","overlay-color":"","overlay-opacity":"","overlay-gradient":""},"tablet":{"background-color":"var(--ast-global-color-5)","background-image":"","background-repeat":"repeat","background-position":"center center","background-size":"auto","background-attachment":"scroll","background-type":"","background-media":"","overlay-type":"","overlay-color":"","overlay-opacity":"","overlay-gradient":""},"mobile":{"background-color":"var(--ast-global-color-5)","background-image":"","background-repeat":"repeat","background-position":"center center","background-size":"auto","background-attachment":"scroll","background-type":"","background-media":"","overlay-type":"","overlay-color":"","overlay-opacity":"","overlay-gradient":""}},"iawp_total_views":858,"footnotes":""},"class_list":["post-5992","page","type-page","status-publish"],"acf":[],"_links":{"self":[{"href":"https:\/\/www.familea.ch\/en\/wp-json\/wp\/v2\/pages\/5992","targetHints":{"allow":["GET"]}}],"collection":[{"href":"https:\/\/www.familea.ch\/en\/wp-json\/wp\/v2\/pages"}],"about":[{"href":"https:\/\/www.familea.ch\/en\/wp-json\/wp\/v2\/types\/page"}],"author":[{"embeddable":true,"href":"https:\/\/www.familea.ch\/en\/wp-json\/wp\/v2\/users\/8"}],"replies":[{"embeddable":true,"href":"https:\/\/www.familea.ch\/en\/wp-json\/wp\/v2\/comments?post=5992"}],"version-history":[{"count":11,"href":"https:\/\/www.familea.ch\/en\/wp-json\/wp\/v2\/pages\/5992\/revisions"}],"predecessor-version":[{"id":8367,"href":"https:\/\/www.familea.ch\/en\/wp-json\/wp\/v2\/pages\/5992\/revisions\/8367"}],"up":[{"embeddable":true,"href":"https:\/\/www.familea.ch\/en\/wp-json\/wp\/v2\/pages\/178"}],"wp:attachment":[{"href":"https:\/\/www.familea.ch\/en\/wp-json\/wp\/v2\/media?parent=5992"}],"curies":[{"name":"wp","href":"https:\/\/api.w.org\/{rel}","templated":true}]}}