{"id":6474,"date":"2024-10-30T10:42:20","date_gmt":"2024-10-30T09:42:20","guid":{"rendered":"https:\/\/www.familea.ch\/?page_id=6474"},"modified":"2024-11-01T10:05:09","modified_gmt":"2024-11-01T09:05:09","slug":"family-offers","status":"publish","type":"page","link":"https:\/\/www.familea.ch\/en\/familienangebote\/","title":{"rendered":"Family offers"},"content":{"rendered":"<nav  aria-label=\"breadcrumb\"><ol class=\"breadcrumb\"><li class=\"breadcrumb-item active\" aria-current=\"page\"><span><i class=\"fa-regular fa-house\"><\/i><\/span><\/li><\/ol><\/nav>\n<a href=\"https:\/\/www.familea.ch\/en\/nanny-placement\/\" target=\"_self\" aria-label=\"Go to https:\/\/www.familea.ch\/nannyvermittlung\/\" rel=\"noopener\">\n\t\t\t\t<img decoding=\"async\" src=\"https:\/\/www.familea.ch\/wp-content\/uploads\/2024\/10\/adobestock_94077488-1732-x-1155-e1730213661140-690x350.jpg\" alt=\"nanny service familea\" title=\"nanny service familea\" itemprop=\"image\"\/>\n\t\t<h3>Nanny placement<\/h3>\t\t\t\n\t\t\t\t<p>Our nannies provide personalized care at the child's place of residence.<\/p>\n<\/a><a href=\"https:\/\/www.familea.ch\/en\/family-offers\/notnannies\/\" target=\"_self\" aria-label=\"Go to https:\/\/www.familea.ch\/familienangebote\/notnannies\/\" rel=\"noopener\">\n\t\t\t\t<img decoding=\"async\" src=\"https:\/\/www.familea.ch\/wp-content\/uploads\/2024\/10\/pexels-silverkblack-23224889-690x350.jpg\" alt=\"notnanny babysitter familea\" title=\"notnanny babysitter familea\" itemprop=\"image\"\/>\n\t\t<h3>Emergency nannies\u00a0<\/h3>\t\t\t\n\t\t\t\t<p>Our emergency nannies and babysitters quickly and flexibly bridge family and work bottlenecks.<\/p>\n<\/a><a href=\"https:\/\/www.familea.ch\/en\/family-offers\/childcare\/\" target=\"_self\" aria-label=\"Go to https:\/\/www.familea.ch\/familienangebote\/kinderbetreuung\/\" rel=\"noopener\">\n\t\t\t\t<img decoding=\"async\" src=\"https:\/\/www.familea.ch\/wp-content\/uploads\/2024\/10\/86-_cff0338-1126-x-751-690x350.jpg\" alt=\"familea Art Kids\" title=\"familea Art Kids\" itemprop=\"image\"\/>\n\t\t<h3>Childcare<\/h3>\t\t\t\n\t\t\t\t<p>Professional childcare for special occasions: We make sure that your little guests are well looked after and entertained.<\/p>\n<\/a><a href=\"https:\/\/www.familea.ch\/en\/family-offers\/vacation-camps\/\" target=\"_self\" aria-label=\"Go to https:\/\/www.familea.ch\/familienangebote\/feriencamps\/\" rel=\"noopener\">\n\t\t\t\t<img decoding=\"async\" src=\"https:\/\/www.familea.ch\/wp-content\/uploads\/2024\/10\/20241009_134801-690x350.jpg\" alt=\"familea vacation camps\" title=\"familea vacation camps\" itemprop=\"image\"\/>\n\t\t<h3>Holiday camps<\/h3>\t\t\t\n\t\t\t\t<p>We offer varied vacation camps for children aged 4 to 11.<\/p>\n<\/a><a href=\"https:\/\/www.familea.ch\/en\/family-offers\/courses\/\" target=\"_self\" aria-label=\"Go to https:\/\/www.familea.ch\/familienangebote\/kurse\/\" rel=\"noopener\">\n\t\t\t\t<img decoding=\"async\" src=\"https:\/\/www.familea.ch\/wp-content\/uploads\/2024\/10\/nothilfe-en-refresher-3997-x-2865-690x350.jpg\" alt=\"familea emergency aid course\" title=\"familea emergency aid course\" itemprop=\"image\"\/>\n\t\t<h3>Courses<\/h3>\t\t\t\n\t\t\t\t<p>Our emergency aid courses teach children how to deal with emergency situations safely.<\/p>\n<\/a><a href=\"https:\/\/www.familea.ch\/en\/family-offers\/consulting\/\" target=\"_self\" aria-label=\"Go to https:\/\/www.familea.ch\/familienangebote\/beratung\/\" rel=\"noopener\">\n\t\t\t\t<img decoding=\"async\" src=\"https:\/\/www.familea.ch\/wp-content\/uploads\/2024\/10\/adobestock_2331689831-3062-x-2041-690x350.jpg\" alt=\"support family members familea\" title=\"support family members familea\" itemprop=\"image\"\/>\n\t\t<h3>Consulting<\/h3>\t\t\t\n\t\t\t\t<p>Our advisory services support and relieve families.<\/p>\n<\/a>","protected":false},"excerpt":{"rendered":"<p>Nannyvermittlung Unsere Nannies erm\u00f6glichen eine ganz pers\u00f6nliche Betreuung am Wohnort des Kindes. Notnannies\u00a0 Unsere Notnannies und Babysitters \u00fcberbr\u00fccken rasch und flexibel famili\u00e4re und berufliche Engp\u00e4sse. Kinderbetreuung Professionelle Kinderbetreuung f\u00fcr besondere Anl\u00e4sse: Wir sorgen daf\u00fcr, dass Ihre kleinen G\u00e4ste bestens betreut und unterhalten werden. Feriencamps Wir bieten abwechslungsreiche Feriencamps f\u00fcr Kinder von 4 bis 11 Jahren [&hellip;]<\/p>\n","protected":false},"author":6,"featured_media":0,"parent":0,"menu_order":0,"comment_status":"closed","ping_status":"closed","template":"","meta":{"_acf_changed":false,"_seopress_robots_primary_cat":"","_seopress_titles_title":"","_seopress_titles_desc":"","_seopress_robots_index":"","site-sidebar-layout":"default","site-content-layout":"","ast-site-content-layout":"default","site-content-style":"default","site-sidebar-style":"default","ast-global-header-display":"","ast-banner-title-visibility":"","ast-main-header-display":"","ast-hfb-above-header-display":"","ast-hfb-below-header-display":"","ast-hfb-mobile-header-display":"","site-post-title":"","ast-breadcrumbs-content":"","ast-featured-img":"","footer-sml-layout":"","ast-disable-related-posts":"","theme-transparent-header-meta":"","adv-header-id-meta":"","stick-header-meta":"","header-above-stick-meta":"","header-main-stick-meta":"","header-below-stick-meta":"","astra-migrate-meta-layouts":"set","ast-page-background-enabled":"default","ast-page-background-meta":{"desktop":{"background-color":"var(--ast-global-color-4)","background-image":"","background-repeat":"repeat","background-position":"center center","background-size":"auto","background-attachment":"scroll","background-type":"","background-media":"","overlay-type":"","overlay-color":"","overlay-opacity":"","overlay-gradient":""},"tablet":{"background-color":"","background-image":"","background-repeat":"repeat","background-position":"center center","background-size":"auto","background-attachment":"scroll","background-type":"","background-media":"","overlay-type":"","overlay-color":"","overlay-opacity":"","overlay-gradient":""},"mobile":{"background-color":"","background-image":"","background-repeat":"repeat","background-position":"center center","background-size":"auto","background-attachment":"scroll","background-type":"","background-media":"","overlay-type":"","overlay-color":"","overlay-opacity":"","overlay-gradient":""}},"ast-content-background-meta":{"desktop":{"background-color":"var(--ast-global-color-5)","background-image":"","background-repeat":"repeat","background-position":"center center","background-size":"auto","background-attachment":"scroll","background-type":"","background-media":"","overlay-type":"","overlay-color":"","overlay-opacity":"","overlay-gradient":""},"tablet":{"background-color":"var(--ast-global-color-5)","background-image":"","background-repeat":"repeat","background-position":"center center","background-size":"auto","background-attachment":"scroll","background-type":"","background-media":"","overlay-type":"","overlay-color":"","overlay-opacity":"","overlay-gradient":""},"mobile":{"background-color":"var(--ast-global-color-5)","background-image":"","background-repeat":"repeat","background-position":"center center","background-size":"auto","background-attachment":"scroll","background-type":"","background-media":"","overlay-type":"","overlay-color":"","overlay-opacity":"","overlay-gradient":""}},"iawp_total_views":2633,"footnotes":""},"class_list":["post-6474","page","type-page","status-publish"],"acf":[],"_links":{"self":[{"href":"https:\/\/www.familea.ch\/en\/wp-json\/wp\/v2\/pages\/6474","targetHints":{"allow":["GET"]}}],"collection":[{"href":"https:\/\/www.familea.ch\/en\/wp-json\/wp\/v2\/pages"}],"about":[{"href":"https:\/\/www.familea.ch\/en\/wp-json\/wp\/v2\/types\/page"}],"author":[{"embeddable":true,"href":"https:\/\/www.familea.ch\/en\/wp-json\/wp\/v2\/users\/6"}],"replies":[{"embeddable":true,"href":"https:\/\/www.familea.ch\/en\/wp-json\/wp\/v2\/comments?post=6474"}],"version-history":[{"count":20,"href":"https:\/\/www.familea.ch\/en\/wp-json\/wp\/v2\/pages\/6474\/revisions"}],"predecessor-version":[{"id":6705,"href":"https:\/\/www.familea.ch\/en\/wp-json\/wp\/v2\/pages\/6474\/revisions\/6705"}],"wp:attachment":[{"href":"https:\/\/www.familea.ch\/en\/wp-json\/wp\/v2\/media?parent=6474"}],"curies":[{"name":"wp","href":"https:\/\/api.w.org\/{rel}","templated":true}]}}