{"id":6549,"date":"2024-10-30T10:31:08","date_gmt":"2024-10-30T09:31:08","guid":{"rendered":"https:\/\/www.familea.ch\/?page_id=6549"},"modified":"2025-04-30T11:20:32","modified_gmt":"2025-04-30T09:20:32","slug":"nanny-placement","status":"publish","type":"page","link":"https:\/\/www.familea.ch\/en\/familienangebote\/nannyvermittlung\/","title":{"rendered":"Nanny placement"},"content":{"rendered":"<p>Our nannies provide personalized care at the child's place of residence<\/p>\n\t<nav  aria-label=\"breadcrumb\"><ol class=\"breadcrumb\"><li class=\"breadcrumb-item active\" aria-current=\"page\"><span><i class=\"fa-regular fa-house\"><\/i><\/span><\/li><\/ol><\/nav>\n\t<p>familea advises parents on all topics relating to the care of their children. Many decide to have their child or children looked after in a daycare center (Kita). Others, however, prefer an individual solution at the child's place of residence, in familiar surroundings.<\/p>\n<p>Our association specializes in nanny placements from a workload of 60% to max. 100% in Northwestern Switzerland and supports its members throughout Switzerland.<\/p>\n<p>familea offers in cooperation with <a href=\"https:\/\/babysitting24.ch\/de\">babysitting24.ch<\/a> offers a nanny service where nannies can be placed in a targeted manner. The nannies are checked by babysitting24.ch for authenticity and compliance with the guidelines. familea also carefully checks all nannies in a further process for their suitability and experience in childcare before they are suggested to the family. Many nannies are bilingual or multilingual. If required, they can also take on minor or major household tasks.<\/p>\n<p>If a child is looked after by a nanny at their place of residence, they can continue to maintain their social contacts in the neighborhood or village; the parents in turn know that their child is in good, reliable hands. Nanny agreements are often of a long-term nature, which favors the development and maintenance of a good relationship of trust between child, parents and nanny.<\/p>\n<p>If the nanny and family reach an agreement, familea provides personal advice, sample contracts, information on social insurance and other relevant questions. The contract is then concluded directly between the family and the nanny. The gross hourly wage for a nanny is usually between CHF 25 and CHF 36 per hour, depending on age and qualifications. Contracts can be concluded on an hourly basis or with a fixed workload and monthly salary.<\/p>\n<p>Nannies can also be booked by companies to look after children at selected events, such as trade fairs, congresses, exhibitions, corporate, sporting and cultural events, etc.<\/p>\n\t\t\t<h3>Contact<\/h3>\t\t\n\t\t\t\t<img decoding=\"async\" src=\"https:\/\/www.familea.ch\/wp-content\/uploads\/2024\/10\/claudia-meyer-900x900.png\" alt=\"claudia meyer\" title=\"Claudia Meyer\" itemprop=\"image\"\/>\n\t\t\t\t<p><strong>Claudia Meyer<\/strong><br \/>Nanny placement advice<br \/>Phone +41 61 260 82 10<br \/><a href=\"mailto:angebote@familea.ch\">angebote@familea.ch<\/a><\/p>","protected":false},"excerpt":{"rendered":"<p>Unsere Nannies erm\u00f6glichen eine ganz pers\u00f6nliche Betreuung am Wohnort des Kindes familea ber\u00e4t Eltern zu allen Themen rund um die Betreuung ihrer Kinder. Viele entscheiden sich, ihr Kind oder ihre Kinder in einer Kindertagesst\u00e4tte (Kita) betreuen zu lassen. Andere hingegen w\u00fcnschen sich eine individuelle L\u00f6sung am Wohnort des Kindes, in seiner vertrauten Umgebung. Unser Verein [&hellip;]<\/p>\n","protected":false},"author":1,"featured_media":0,"parent":6474,"menu_order":0,"comment_status":"closed","ping_status":"closed","template":"","meta":{"_acf_changed":false,"_seopress_robots_primary_cat":"","_seopress_titles_title":"","_seopress_titles_desc":"","_seopress_robots_index":"","site-sidebar-layout":"default","site-content-layout":"","ast-site-content-layout":"default","site-content-style":"default","site-sidebar-style":"default","ast-global-header-display":"","ast-banner-title-visibility":"disabled","ast-main-header-display":"","ast-hfb-above-header-display":"","ast-hfb-below-header-display":"","ast-hfb-mobile-header-display":"","site-post-title":"","ast-breadcrumbs-content":"","ast-featured-img":"","footer-sml-layout":"","ast-disable-related-posts":"","theme-transparent-header-meta":"","adv-header-id-meta":"","stick-header-meta":"","header-above-stick-meta":"","header-main-stick-meta":"","header-below-stick-meta":"","astra-migrate-meta-layouts":"set","ast-page-background-enabled":"default","ast-page-background-meta":{"desktop":{"background-color":"var(--ast-global-color-4)","background-image":"","background-repeat":"repeat","background-position":"center center","background-size":"auto","background-attachment":"scroll","background-type":"","background-media":"","overlay-type":"","overlay-color":"","overlay-opacity":"","overlay-gradient":""},"tablet":{"background-color":"","background-image":"","background-repeat":"repeat","background-position":"center center","background-size":"auto","background-attachment":"scroll","background-type":"","background-media":"","overlay-type":"","overlay-color":"","overlay-opacity":"","overlay-gradient":""},"mobile":{"background-color":"","background-image":"","background-repeat":"repeat","background-position":"center center","background-size":"auto","background-attachment":"scroll","background-type":"","background-media":"","overlay-type":"","overlay-color":"","overlay-opacity":"","overlay-gradient":""}},"ast-content-background-meta":{"desktop":{"background-color":"var(--ast-global-color-5)","background-image":"","background-repeat":"repeat","background-position":"center center","background-size":"auto","background-attachment":"scroll","background-type":"","background-media":"","overlay-type":"","overlay-color":"","overlay-opacity":"","overlay-gradient":""},"tablet":{"background-color":"var(--ast-global-color-5)","background-image":"","background-repeat":"repeat","background-position":"center center","background-size":"auto","background-attachment":"scroll","background-type":"","background-media":"","overlay-type":"","overlay-color":"","overlay-opacity":"","overlay-gradient":""},"mobile":{"background-color":"var(--ast-global-color-5)","background-image":"","background-repeat":"repeat","background-position":"center center","background-size":"auto","background-attachment":"scroll","background-type":"","background-media":"","overlay-type":"","overlay-color":"","overlay-opacity":"","overlay-gradient":""}},"iawp_total_views":3701,"footnotes":""},"class_list":["post-6549","page","type-page","status-publish"],"acf":[],"_links":{"self":[{"href":"https:\/\/www.familea.ch\/en\/wp-json\/wp\/v2\/pages\/6549","targetHints":{"allow":["GET"]}}],"collection":[{"href":"https:\/\/www.familea.ch\/en\/wp-json\/wp\/v2\/pages"}],"about":[{"href":"https:\/\/www.familea.ch\/en\/wp-json\/wp\/v2\/types\/page"}],"author":[{"embeddable":true,"href":"https:\/\/www.familea.ch\/en\/wp-json\/wp\/v2\/users\/1"}],"replies":[{"embeddable":true,"href":"https:\/\/www.familea.ch\/en\/wp-json\/wp\/v2\/comments?post=6549"}],"version-history":[{"count":17,"href":"https:\/\/www.familea.ch\/en\/wp-json\/wp\/v2\/pages\/6549\/revisions"}],"predecessor-version":[{"id":7483,"href":"https:\/\/www.familea.ch\/en\/wp-json\/wp\/v2\/pages\/6549\/revisions\/7483"}],"up":[{"embeddable":true,"href":"https:\/\/www.familea.ch\/en\/wp-json\/wp\/v2\/pages\/6474"}],"wp:attachment":[{"href":"https:\/\/www.familea.ch\/en\/wp-json\/wp\/v2\/media?parent=6549"}],"curies":[{"name":"wp","href":"https:\/\/api.w.org\/{rel}","templated":true}]}}