{"id":6573,"date":"2024-10-31T15:57:43","date_gmt":"2024-10-31T14:57:43","guid":{"rendered":"https:\/\/www.familea.ch\/?page_id=6573"},"modified":"2025-04-10T13:28:09","modified_gmt":"2025-04-10T11:28:09","slug":"notnannies","status":"publish","type":"page","link":"https:\/\/www.familea.ch\/en\/familienangebote\/notnannies\/","title":{"rendered":"Emergency nannies"},"content":{"rendered":"<p>Our emergency nannies quickly and flexibly bridge family and professional bottlenecks<\/p>\n\t<nav  aria-label=\"breadcrumb\"><ol class=\"breadcrumb\"><li class=\"breadcrumb-item active\" aria-current=\"page\"><span><i class=\"fa-regular fa-house\"><\/i><\/span><\/li><\/ol><\/nav>\n\t<p>familea not only has a large network of nannies, but also covers the need for emergency nannies. Emergency nannies are placed for short-term, unplanned assignments, for example if a child is ill and therefore cannot be taken to daycare, or if parents are unable to look after their child as planned due to work or other reasons.<\/p>\n<p>In such and similar cases, familea quickly and unbureaucratically finds a suitable emergency nanny for the requesting family. The costs for the family amount to CHF 49.00 per hour worked by the nanny plus a processing fee of CHF 50.00 per assignment.<\/p>\n<p>Emergency nannies are employed by familea; the contract, insurance and social security contributions are handled by familea, so there is no expense for families requesting them. However, as the name suggests, the placement of emergency nannies is limited to short-term emergency situations; for longer assignments, familea's nanny pool (<a href=\"https:\/\/www.familea.ch\/en\/family-offers\/nanny-placement\/\">see offer Nannies<\/a>).<\/p>\n<p>Requests for an emergency nanny can be placed by telephone or e-mail.<\/p>\n\t\t\t<h3>\u00a0Contact<\/h3>\t\t\n\t\t\t\t<img decoding=\"async\" src=\"https:\/\/www.familea.ch\/wp-content\/uploads\/2024\/10\/claudia-meyer-900x900.png\" alt=\"claudia meyer\" title=\"Claudia Meyer\" itemprop=\"image\"\/>\n\t\t\t\t<p><strong>Claudia Meyer<\/strong><br \/>Consulting Emergency nannies<br \/>Phone +41 61 260 82 10<br \/><a href=\"mailto:angebote@familea.ch\">angebote@familea.ch<\/a><\/p>","protected":false},"excerpt":{"rendered":"<p>Unsere Notnannies \u00fcberbr\u00fccken rasch und flexibel famili\u00e4re und berufliche Engp\u00e4sse familea verf\u00fcgt nicht nur \u00fcber ein grosses Netz an Nannies, sondern deckt auch den Bedarf nach Notnannies ab. Notnannies werden f\u00fcr kurzfristige, ungeplante Eins\u00e4tze vermittelt, zum Beispiel, wenn ein Kind krank ist und deshalb nicht in die Kindertagesst\u00e4tte (Kita) gebracht werden kann, oder wenn Eltern [&hellip;]<\/p>\n","protected":false},"author":6,"featured_media":0,"parent":6474,"menu_order":0,"comment_status":"closed","ping_status":"closed","template":"","meta":{"_acf_changed":false,"_seopress_robots_primary_cat":"","_seopress_titles_title":"","_seopress_titles_desc":"","_seopress_robots_index":"","site-sidebar-layout":"default","site-content-layout":"","ast-site-content-layout":"default","site-content-style":"default","site-sidebar-style":"default","ast-global-header-display":"","ast-banner-title-visibility":"disabled","ast-main-header-display":"","ast-hfb-above-header-display":"","ast-hfb-below-header-display":"","ast-hfb-mobile-header-display":"","site-post-title":"","ast-breadcrumbs-content":"","ast-featured-img":"","footer-sml-layout":"","ast-disable-related-posts":"","theme-transparent-header-meta":"","adv-header-id-meta":"","stick-header-meta":"","header-above-stick-meta":"","header-main-stick-meta":"","header-below-stick-meta":"","astra-migrate-meta-layouts":"set","ast-page-background-enabled":"default","ast-page-background-meta":{"desktop":{"background-color":"var(--ast-global-color-4)","background-image":"","background-repeat":"repeat","background-position":"center center","background-size":"auto","background-attachment":"scroll","background-type":"","background-media":"","overlay-type":"","overlay-color":"","overlay-opacity":"","overlay-gradient":""},"tablet":{"background-color":"","background-image":"","background-repeat":"repeat","background-position":"center center","background-size":"auto","background-attachment":"scroll","background-type":"","background-media":"","overlay-type":"","overlay-color":"","overlay-opacity":"","overlay-gradient":""},"mobile":{"background-color":"","background-image":"","background-repeat":"repeat","background-position":"center center","background-size":"auto","background-attachment":"scroll","background-type":"","background-media":"","overlay-type":"","overlay-color":"","overlay-opacity":"","overlay-gradient":""}},"ast-content-background-meta":{"desktop":{"background-color":"var(--ast-global-color-5)","background-image":"","background-repeat":"repeat","background-position":"center center","background-size":"auto","background-attachment":"scroll","background-type":"","background-media":"","overlay-type":"","overlay-color":"","overlay-opacity":"","overlay-gradient":""},"tablet":{"background-color":"var(--ast-global-color-5)","background-image":"","background-repeat":"repeat","background-position":"center center","background-size":"auto","background-attachment":"scroll","background-type":"","background-media":"","overlay-type":"","overlay-color":"","overlay-opacity":"","overlay-gradient":""},"mobile":{"background-color":"var(--ast-global-color-5)","background-image":"","background-repeat":"repeat","background-position":"center center","background-size":"auto","background-attachment":"scroll","background-type":"","background-media":"","overlay-type":"","overlay-color":"","overlay-opacity":"","overlay-gradient":""}},"iawp_total_views":1364,"footnotes":""},"class_list":["post-6573","page","type-page","status-publish"],"acf":[],"_links":{"self":[{"href":"https:\/\/www.familea.ch\/en\/wp-json\/wp\/v2\/pages\/6573","targetHints":{"allow":["GET"]}}],"collection":[{"href":"https:\/\/www.familea.ch\/en\/wp-json\/wp\/v2\/pages"}],"about":[{"href":"https:\/\/www.familea.ch\/en\/wp-json\/wp\/v2\/types\/page"}],"author":[{"embeddable":true,"href":"https:\/\/www.familea.ch\/en\/wp-json\/wp\/v2\/users\/6"}],"replies":[{"embeddable":true,"href":"https:\/\/www.familea.ch\/en\/wp-json\/wp\/v2\/comments?post=6573"}],"version-history":[{"count":15,"href":"https:\/\/www.familea.ch\/en\/wp-json\/wp\/v2\/pages\/6573\/revisions"}],"predecessor-version":[{"id":7444,"href":"https:\/\/www.familea.ch\/en\/wp-json\/wp\/v2\/pages\/6573\/revisions\/7444"}],"up":[{"embeddable":true,"href":"https:\/\/www.familea.ch\/en\/wp-json\/wp\/v2\/pages\/6474"}],"wp:attachment":[{"href":"https:\/\/www.familea.ch\/en\/wp-json\/wp\/v2\/media?parent=6573"}],"curies":[{"name":"wp","href":"https:\/\/api.w.org\/{rel}","templated":true}]}}