{"id":6580,"date":"2024-10-31T15:42:58","date_gmt":"2024-10-31T14:42:58","guid":{"rendered":"https:\/\/www.familea.ch\/?page_id=6580"},"modified":"2025-01-21T13:50:38","modified_gmt":"2025-01-21T12:50:38","slug":"consulting","status":"publish","type":"page","link":"https:\/\/www.familea.ch\/en\/familienangebote\/beratung\/","title":{"rendered":"Consulting"},"content":{"rendered":"<h1>\n\t\tAdvice for relatives\n\t<\/h1>\n\t<p>Our counseling services support and relieve the family.<\/p>\n\t<nav  aria-label=\"breadcrumb\"><ol class=\"breadcrumb\"><li class=\"breadcrumb-item active\" aria-current=\"page\"><span><i class=\"fa-regular fa-house\"><\/i><\/span><\/li><\/ol><\/nav>\n\t<p>Under the term \"advice\" we summarize our services in the area of reconciling family and career, which go beyond advice and arranging forms of childcare (daycare centers, nannies, emergency nannies, vacation camps).<\/p>\n<p>Thanks to our many years of experience, we have access to a comprehensive network of cooperation partners and addresses of qualified, established service providers for counseling relatives.<\/p>\n<p>Requests for consulting services can be made by e-mail or telephone.<\/p>\n\t\t\t<h3>Contact<\/h3>\t\t\n\t\t\t\t<img decoding=\"async\" src=\"https:\/\/www.familea.ch\/wp-content\/uploads\/2024\/10\/claudia-meyer-900x900.png\" alt=\"claudia meyer\" title=\"Claudia Meyer\" itemprop=\"image\"\/>\n\t\t\t\t<p><strong>Claudia Meyer<\/strong><br \/>Advice for relatives<br \/>Phone +41 61 260 82 10<br \/><a href=\"mailto:angebote@familea.ch\">angebote@familea.ch<\/a><\/p>","protected":false},"excerpt":{"rendered":"<p>Angeh\u00f6rigenberatung Unsere Beratungsangebote unterst\u00fctzen und entlasten die Familie. Unter dem Begriff \u00abBeratung\u00bb fassen wir unsere Dienstleistungen im Bereich der Vereinbarkeit von Familie und Beruf zusammen, welche \u00fcber die Beratung und Vermittlung von Betreuungsformen f\u00fcr Kinder (Kitas, Nannies, Notnannies, Feriencamps) hinausgehen. Dank unserer langj\u00e4hrigen Erfahrung k\u00f6nnen wir f\u00fcr die Angeh\u00f6rigenberatung auf ein umfassendes Netz von Kooperationspartnern [&hellip;]<\/p>\n","protected":false},"author":6,"featured_media":0,"parent":6474,"menu_order":0,"comment_status":"closed","ping_status":"closed","template":"","meta":{"_acf_changed":false,"_seopress_robots_primary_cat":"","_seopress_titles_title":"","_seopress_titles_desc":"","_seopress_robots_index":"","site-sidebar-layout":"default","site-content-layout":"","ast-site-content-layout":"default","site-content-style":"default","site-sidebar-style":"default","ast-global-header-display":"","ast-banner-title-visibility":"disabled","ast-main-header-display":"","ast-hfb-above-header-display":"","ast-hfb-below-header-display":"","ast-hfb-mobile-header-display":"","site-post-title":"","ast-breadcrumbs-content":"","ast-featured-img":"","footer-sml-layout":"","ast-disable-related-posts":"","theme-transparent-header-meta":"","adv-header-id-meta":"","stick-header-meta":"","header-above-stick-meta":"","header-main-stick-meta":"","header-below-stick-meta":"","astra-migrate-meta-layouts":"set","ast-page-background-enabled":"default","ast-page-background-meta":{"desktop":{"background-color":"var(--ast-global-color-4)","background-image":"","background-repeat":"repeat","background-position":"center center","background-size":"auto","background-attachment":"scroll","background-type":"","background-media":"","overlay-type":"","overlay-color":"","overlay-opacity":"","overlay-gradient":""},"tablet":{"background-color":"","background-image":"","background-repeat":"repeat","background-position":"center center","background-size":"auto","background-attachment":"scroll","background-type":"","background-media":"","overlay-type":"","overlay-color":"","overlay-opacity":"","overlay-gradient":""},"mobile":{"background-color":"","background-image":"","background-repeat":"repeat","background-position":"center center","background-size":"auto","background-attachment":"scroll","background-type":"","background-media":"","overlay-type":"","overlay-color":"","overlay-opacity":"","overlay-gradient":""}},"ast-content-background-meta":{"desktop":{"background-color":"var(--ast-global-color-5)","background-image":"","background-repeat":"repeat","background-position":"center center","background-size":"auto","background-attachment":"scroll","background-type":"","background-media":"","overlay-type":"","overlay-color":"","overlay-opacity":"","overlay-gradient":""},"tablet":{"background-color":"var(--ast-global-color-5)","background-image":"","background-repeat":"repeat","background-position":"center center","background-size":"auto","background-attachment":"scroll","background-type":"","background-media":"","overlay-type":"","overlay-color":"","overlay-opacity":"","overlay-gradient":""},"mobile":{"background-color":"var(--ast-global-color-5)","background-image":"","background-repeat":"repeat","background-position":"center center","background-size":"auto","background-attachment":"scroll","background-type":"","background-media":"","overlay-type":"","overlay-color":"","overlay-opacity":"","overlay-gradient":""}},"iawp_total_views":565,"footnotes":""},"class_list":["post-6580","page","type-page","status-publish"],"acf":[],"_links":{"self":[{"href":"https:\/\/www.familea.ch\/en\/wp-json\/wp\/v2\/pages\/6580","targetHints":{"allow":["GET"]}}],"collection":[{"href":"https:\/\/www.familea.ch\/en\/wp-json\/wp\/v2\/pages"}],"about":[{"href":"https:\/\/www.familea.ch\/en\/wp-json\/wp\/v2\/types\/page"}],"author":[{"embeddable":true,"href":"https:\/\/www.familea.ch\/en\/wp-json\/wp\/v2\/users\/6"}],"replies":[{"embeddable":true,"href":"https:\/\/www.familea.ch\/en\/wp-json\/wp\/v2\/comments?post=6580"}],"version-history":[{"count":14,"href":"https:\/\/www.familea.ch\/en\/wp-json\/wp\/v2\/pages\/6580\/revisions"}],"predecessor-version":[{"id":7150,"href":"https:\/\/www.familea.ch\/en\/wp-json\/wp\/v2\/pages\/6580\/revisions\/7150"}],"up":[{"embeddable":true,"href":"https:\/\/www.familea.ch\/en\/wp-json\/wp\/v2\/pages\/6474"}],"wp:attachment":[{"href":"https:\/\/www.familea.ch\/en\/wp-json\/wp\/v2\/media?parent=6580"}],"curies":[{"name":"wp","href":"https:\/\/api.w.org\/{rel}","templated":true}]}}