{"id":6586,"date":"2024-10-31T15:50:18","date_gmt":"2024-10-31T14:50:18","guid":{"rendered":"https:\/\/www.familea.ch\/?page_id=6586"},"modified":"2024-12-16T15:07:47","modified_gmt":"2024-12-16T14:07:47","slug":"childcare","status":"publish","type":"page","link":"https:\/\/www.familea.ch\/en\/familienangebote\/kinderbetreuung\/","title":{"rendered":"Childcare"},"content":{"rendered":"<p>Tailor-made childcare for your corporate event: we take care of the little guests while your employees, customers and guests can focus entirely on the event.<\/p>\n\t<nav  aria-label=\"breadcrumb\"><ol class=\"breadcrumb\"><li class=\"breadcrumb-item active\" aria-current=\"page\"><span><i class=\"fa-regular fa-house\"><\/i><\/span><\/li><\/ol><\/nav>\n\t<p>Whether corporate events, trade fairs, conferences or special occasions - our professional childcare ensures that even your youngest guests are well looked after and entertained, while employees, customers and guests can concentrate fully on the event. With a wealth of experience and customized concepts, we design creative, age-appropriate activities that are fun and create a relaxed atmosphere.<\/p>\n<p>For companies such as Endress+Hauser, we have already successfully provided childcare services at the Industry Night and regularly look after the Art Kids at Art Basel. Our services range from interactive play stations and creative craft activities to retreat areas for quieter moments - everything is always adapted to your specific requirements.<\/p>\n<p>You can rely on our experience and our commitment to the highest quality and safety. Your event will not only be a complete success for the adults, but also for the younger guests.<\/p>\n<p>Contact us by phone or e-mail for customized childcare solutions.<\/p>\n\t\t\t<h3>Contact<\/h3>\t\t\n\t\t\t\t<img decoding=\"async\" src=\"https:\/\/www.familea.ch\/wp-content\/uploads\/2024\/10\/claudia-meyer-900x900.png\" alt=\"claudia meyer\" title=\"Claudia Meyer\" itemprop=\"image\"\/>\n\t\t\t\t<p><strong>Claudia Meyer<\/strong><br \/>Consulting<br \/>Phone +41 61 260 82 10<br \/><a href=\"mailto:angebote@familea.ch\">angebote@familea.ch<\/a><\/p>","protected":false},"excerpt":{"rendered":"<p>Massgeschneiderte Kinderbetreuung f\u00fcr Ihre Firmenveranstaltung: Wir k\u00fcmmern uns um die kleinen G\u00e4ste, w\u00e4hrend Ihre Mitarbeitenden, Kunden und G\u00e4ste sich ganz auf die Veranstaltung fokussieren k\u00f6nnen. Ob Firmenevents, Messen, Konferenzen oder besondere Anl\u00e4sse &#8211; unsere professionelle Kinderbetreuung sorgt daf\u00fcr, dass auch Ihre kleinsten G\u00e4ste bestens betreut und unterhalten werden, w\u00e4hrend sich Mitarbeitende, Kunden und G\u00e4ste voll [&hellip;]<\/p>\n","protected":false},"author":6,"featured_media":0,"parent":6474,"menu_order":0,"comment_status":"closed","ping_status":"closed","template":"","meta":{"_acf_changed":false,"_seopress_robots_primary_cat":"","_seopress_titles_title":"","_seopress_titles_desc":"","_seopress_robots_index":"","site-sidebar-layout":"default","site-content-layout":"","ast-site-content-layout":"default","site-content-style":"default","site-sidebar-style":"default","ast-global-header-display":"","ast-banner-title-visibility":"disabled","ast-main-header-display":"","ast-hfb-above-header-display":"","ast-hfb-below-header-display":"","ast-hfb-mobile-header-display":"","site-post-title":"","ast-breadcrumbs-content":"","ast-featured-img":"","footer-sml-layout":"","ast-disable-related-posts":"","theme-transparent-header-meta":"","adv-header-id-meta":"","stick-header-meta":"","header-above-stick-meta":"","header-main-stick-meta":"","header-below-stick-meta":"","astra-migrate-meta-layouts":"set","ast-page-background-enabled":"default","ast-page-background-meta":{"desktop":{"background-color":"var(--ast-global-color-4)","background-image":"","background-repeat":"repeat","background-position":"center center","background-size":"auto","background-attachment":"scroll","background-type":"","background-media":"","overlay-type":"","overlay-color":"","overlay-opacity":"","overlay-gradient":""},"tablet":{"background-color":"","background-image":"","background-repeat":"repeat","background-position":"center center","background-size":"auto","background-attachment":"scroll","background-type":"","background-media":"","overlay-type":"","overlay-color":"","overlay-opacity":"","overlay-gradient":""},"mobile":{"background-color":"","background-image":"","background-repeat":"repeat","background-position":"center center","background-size":"auto","background-attachment":"scroll","background-type":"","background-media":"","overlay-type":"","overlay-color":"","overlay-opacity":"","overlay-gradient":""}},"ast-content-background-meta":{"desktop":{"background-color":"var(--ast-global-color-5)","background-image":"","background-repeat":"repeat","background-position":"center center","background-size":"auto","background-attachment":"scroll","background-type":"","background-media":"","overlay-type":"","overlay-color":"","overlay-opacity":"","overlay-gradient":""},"tablet":{"background-color":"var(--ast-global-color-5)","background-image":"","background-repeat":"repeat","background-position":"center center","background-size":"auto","background-attachment":"scroll","background-type":"","background-media":"","overlay-type":"","overlay-color":"","overlay-opacity":"","overlay-gradient":""},"mobile":{"background-color":"var(--ast-global-color-5)","background-image":"","background-repeat":"repeat","background-position":"center center","background-size":"auto","background-attachment":"scroll","background-type":"","background-media":"","overlay-type":"","overlay-color":"","overlay-opacity":"","overlay-gradient":""}},"iawp_total_views":1929,"footnotes":""},"class_list":["post-6586","page","type-page","status-publish"],"acf":[],"_links":{"self":[{"href":"https:\/\/www.familea.ch\/en\/wp-json\/wp\/v2\/pages\/6586","targetHints":{"allow":["GET"]}}],"collection":[{"href":"https:\/\/www.familea.ch\/en\/wp-json\/wp\/v2\/pages"}],"about":[{"href":"https:\/\/www.familea.ch\/en\/wp-json\/wp\/v2\/types\/page"}],"author":[{"embeddable":true,"href":"https:\/\/www.familea.ch\/en\/wp-json\/wp\/v2\/users\/6"}],"replies":[{"embeddable":true,"href":"https:\/\/www.familea.ch\/en\/wp-json\/wp\/v2\/comments?post=6586"}],"version-history":[{"count":10,"href":"https:\/\/www.familea.ch\/en\/wp-json\/wp\/v2\/pages\/6586\/revisions"}],"predecessor-version":[{"id":6958,"href":"https:\/\/www.familea.ch\/en\/wp-json\/wp\/v2\/pages\/6586\/revisions\/6958"}],"up":[{"embeddable":true,"href":"https:\/\/www.familea.ch\/en\/wp-json\/wp\/v2\/pages\/6474"}],"wp:attachment":[{"href":"https:\/\/www.familea.ch\/en\/wp-json\/wp\/v2\/media?parent=6586"}],"curies":[{"name":"wp","href":"https:\/\/api.w.org\/{rel}","templated":true}]}}