{"id":6608,"date":"2024-10-31T15:40:23","date_gmt":"2024-10-31T14:40:23","guid":{"rendered":"https:\/\/www.familea.ch\/?page_id=6608"},"modified":"2025-04-07T17:05:20","modified_gmt":"2025-04-07T15:05:20","slug":"corporate-partnership","status":"publish","type":"page","link":"https:\/\/www.familea.ch\/en\/familienangebote\/unternehmenspartnerschaft\/","title":{"rendered":"Corporate partnership"},"content":{"rendered":"<p>Our corporate partners live the compatibility of work and family.<\/p>\n\t<nav  aria-label=\"breadcrumb\"><ol class=\"breadcrumb\"><li class=\"breadcrumb-item active\" aria-current=\"page\"><span><i class=\"fa-regular fa-house\"><\/i><\/span><\/li><\/ol><\/nav>\n\t<p>familea has set itself the goal of making it easier for its partners to reconcile work and family life. To this end, we support employers and their employees, public and private institutions in their search for optimal childcare solutions.<\/p>\n<p>Our corporate partners benefit from a comprehensive range of services:<\/p>\n<ul>\n<li>Individual care for children at home (nannies)<\/li>\n<li>Emergency care in the event of family or professional bottlenecks (emergency nannies)<\/li>\n<li>Childcare during school vacations (vacation camps)<\/li>\n<li>Training in dealing with medical emergency situations (courses)<\/li>\n<li>Childcare at events<\/li>\n<li>Advice for relatives<\/li>\n<\/ul>\n<p>The advisory and placement services are provided throughout Switzerland and in neighboring countries. The support costs themselves are paid separately.<\/p>\n<h2>\n\t\tAdvantages of membership\n\t<\/h2>\n\t<ul>\n<li>Family-friendly image<\/li>\n<li>Focus on reconciling work and family life<\/li>\n<li>Long-term retention and motivation of existing employees<\/li>\n<li>Recruitment argument for new employees<\/li>\n<li>Minimizing absences from work for family reasons<\/li>\n<\/ul>\n\t\t\t<h3>Contact<\/h3>\t\t\n\t\t\t\t<img decoding=\"async\" src=\"https:\/\/www.familea.ch\/wp-content\/uploads\/2024\/10\/claudia-meyer-900x900.png\" alt=\"claudia meyer\" title=\"Claudia Meyer\" itemprop=\"image\"\/>\n\t\t\t\t<p><strong>Claudia Meyer<\/strong><br \/>Corporate partnership<br \/>Phone +41 61 260 82 10<br \/><a href=\"mailto:angebote@familea.ch\">angebote@familea.ch<\/a><\/p>","protected":false},"excerpt":{"rendered":"<p>Unsere Unternehmenspartner leben die Vereinbarkeit von Beruf und Familie. familea hat sich zum Ziel gesetzt, seinen Partnern die Vereinbarkeit von Beruf und Familie zu erleichtern. Zu diesem Zweck unterst\u00fctzen wir Arbeitgeber und deren Mitarbeitende, Institutionen des \u00f6ffentlichen oder privaten Rechts in der Suche von optimalen Betreuungsl\u00f6sungen. Unsere Unternehmenspartner profitieren von einem umfassenden Spektrum an Dienstleistungen: [&hellip;]<\/p>\n","protected":false},"author":6,"featured_media":0,"parent":6474,"menu_order":0,"comment_status":"closed","ping_status":"closed","template":"","meta":{"_acf_changed":false,"_seopress_robots_primary_cat":"","_seopress_titles_title":"","_seopress_titles_desc":"","_seopress_robots_index":"","site-sidebar-layout":"default","site-content-layout":"","ast-site-content-layout":"default","site-content-style":"default","site-sidebar-style":"default","ast-global-header-display":"","ast-banner-title-visibility":"disabled","ast-main-header-display":"","ast-hfb-above-header-display":"","ast-hfb-below-header-display":"","ast-hfb-mobile-header-display":"","site-post-title":"","ast-breadcrumbs-content":"","ast-featured-img":"","footer-sml-layout":"","ast-disable-related-posts":"","theme-transparent-header-meta":"","adv-header-id-meta":"","stick-header-meta":"","header-above-stick-meta":"","header-main-stick-meta":"","header-below-stick-meta":"","astra-migrate-meta-layouts":"set","ast-page-background-enabled":"default","ast-page-background-meta":{"desktop":{"background-color":"var(--ast-global-color-4)","background-image":"","background-repeat":"repeat","background-position":"center center","background-size":"auto","background-attachment":"scroll","background-type":"","background-media":"","overlay-type":"","overlay-color":"","overlay-opacity":"","overlay-gradient":""},"tablet":{"background-color":"","background-image":"","background-repeat":"repeat","background-position":"center center","background-size":"auto","background-attachment":"scroll","background-type":"","background-media":"","overlay-type":"","overlay-color":"","overlay-opacity":"","overlay-gradient":""},"mobile":{"background-color":"","background-image":"","background-repeat":"repeat","background-position":"center center","background-size":"auto","background-attachment":"scroll","background-type":"","background-media":"","overlay-type":"","overlay-color":"","overlay-opacity":"","overlay-gradient":""}},"ast-content-background-meta":{"desktop":{"background-color":"var(--ast-global-color-5)","background-image":"","background-repeat":"repeat","background-position":"center center","background-size":"auto","background-attachment":"scroll","background-type":"","background-media":"","overlay-type":"","overlay-color":"","overlay-opacity":"","overlay-gradient":""},"tablet":{"background-color":"var(--ast-global-color-5)","background-image":"","background-repeat":"repeat","background-position":"center center","background-size":"auto","background-attachment":"scroll","background-type":"","background-media":"","overlay-type":"","overlay-color":"","overlay-opacity":"","overlay-gradient":""},"mobile":{"background-color":"var(--ast-global-color-5)","background-image":"","background-repeat":"repeat","background-position":"center center","background-size":"auto","background-attachment":"scroll","background-type":"","background-media":"","overlay-type":"","overlay-color":"","overlay-opacity":"","overlay-gradient":""}},"iawp_total_views":593,"footnotes":""},"class_list":["post-6608","page","type-page","status-publish"],"acf":[],"_links":{"self":[{"href":"https:\/\/www.familea.ch\/en\/wp-json\/wp\/v2\/pages\/6608","targetHints":{"allow":["GET"]}}],"collection":[{"href":"https:\/\/www.familea.ch\/en\/wp-json\/wp\/v2\/pages"}],"about":[{"href":"https:\/\/www.familea.ch\/en\/wp-json\/wp\/v2\/types\/page"}],"author":[{"embeddable":true,"href":"https:\/\/www.familea.ch\/en\/wp-json\/wp\/v2\/users\/6"}],"replies":[{"embeddable":true,"href":"https:\/\/www.familea.ch\/en\/wp-json\/wp\/v2\/comments?post=6608"}],"version-history":[{"count":12,"href":"https:\/\/www.familea.ch\/en\/wp-json\/wp\/v2\/pages\/6608\/revisions"}],"predecessor-version":[{"id":7411,"href":"https:\/\/www.familea.ch\/en\/wp-json\/wp\/v2\/pages\/6608\/revisions\/7411"}],"up":[{"embeddable":true,"href":"https:\/\/www.familea.ch\/en\/wp-json\/wp\/v2\/pages\/6474"}],"wp:attachment":[{"href":"https:\/\/www.familea.ch\/en\/wp-json\/wp\/v2\/media?parent=6608"}],"curies":[{"name":"wp","href":"https:\/\/api.w.org\/{rel}","templated":true}]}}