{"id":7749,"date":"2025-07-18T15:32:09","date_gmt":"2025-07-18T13:32:09","guid":{"rendered":"https:\/\/www.familea.ch\/?page_id=7749"},"modified":"2025-08-26T11:15:59","modified_gmt":"2025-08-26T09:15:59","slug":"emergency-aid-course-for-small-children","status":"publish","type":"page","link":"https:\/\/www.familea.ch\/en\/nothelferkurs-bei-kleinkindern\/","title":{"rendered":"Emergency first aid course for small children"},"content":{"rendered":"\n<h2  id=\"informationsanlass\">\n\t\t\tAnmeldung zum Nothelferkurs f\u00fcr Kleinkinder\t<\/h2>\n\tEine Anmeldung ist m\u00f6glich, sofern ein aktuelles Pflegeverh\u00e4ltnis mit dem Zentrum Pflegekinder besteht und ein Pflegekind im Kleinkindalter betreut wird.\nDie Kurskosten werden vom Zentrum Pflegekinder \u00fcbernommen.\nDie Anmeldung ist verbindlich. Ein R\u00fccktritt kann ausschliesslich gem\u00e4ss unseren Allgemeinen Gesch\u00e4ftsbedingungen, <a href=\"https:\/\/www.familea.ch\/wp-content\/uploads\/2025\/02\/2025_agb_familea-kurse_de.pdf\">AGB Punkt 5<\/a>, erfolgen und ist mit entsprechenden Kosten verbunden.\nErfolgt keine fristgerechte Abmeldung, gehen die Kurskosten zulasten der angemeldeten Person\n\t\t\t<h4>Termine &#038; Anmeldung<\/h4>\t\t\t\n\t\t\t\t<link rel='stylesheet' id='formidable-css' href='https:\/\/www.familea.ch\/wp-content\/plugins\/formidable\/css\/formidableforms.css?ver=341700' media='all' \/>\n<div class=\"frm_forms  with_frm_style frm_style_formidable-style\" id=\"frm_form_25_container\" data-token=\"bde37e50d5f4ea0d8fbfb872748a69bd\">\n<form enctype=\"multipart\/form-data\" method=\"post\" class=\"frm-show-form  frm_pro_form \" id=\"form_anmeldungnothelferkursezpk\"  data-token=\"bde37e50d5f4ea0d8fbfb872748a69bd\">\n<div class=\"frm_form_fields \">\n<fieldset>\n<legend class=\"frm_screen_reader\">Anmeldung Kleindkind-Nothelferkurs<\/legend>\r\n\r\n<div class=\"frm_fields_container\">\n<input type=\"hidden\" name=\"frm_action\" value=\"create\" \/>\n<input type=\"hidden\" name=\"form_id\" value=\"25\" \/>\n<input type=\"hidden\" name=\"frm_hide_fields_25\" id=\"frm_hide_fields_25\" value=\"\" \/>\n<input type=\"hidden\" name=\"form_key\" value=\"anmeldungnothelferkursezpk\" \/>\n<input type=\"hidden\" name=\"item_meta[0]\" value=\"\" \/>\n<input type=\"hidden\" id=\"frm_submit_entry_25\" name=\"frm_submit_entry_25\" value=\"b54d6a6bff\" \/><input type=\"hidden\" name=\"_wp_http_referer\" value=\"\/en\/wp-json\/wp\/v2\/pages\/7749\" \/><div id=\"frm_field_726_container\" class=\"frm_form_field frm_section_heading form-field \">\r\n<h3 class=\"frm_pos_top frm_section_spacing\">Kursauswahl<\/h3>\r\n\r\n\r\n<div id=\"frm_field_727_container\" class=\"frm_form_field  frm_html_container form-field\">\n<p><span style=\"font-size: large;\">Kursdauer: 9.00-12.00 & 13.00-16.30 Uhr<\/span><\/p>\n<\/div>\n<div id=\"frm_field_779_container\" class=\"frm_form_field form-field  frm_required_field frm_top_container frm_third vertical_radio frm_display_format_buttons frm_text_align_left\">\r\n    <div  id=\"field_jk5go_label\" class=\"frm_primary_label\">\r\n        <span class=\"frm_required\" aria-hidden=\"true\">*<\/span>\r\n    <\/div>\r\n    <div class=\"frm_opt_container\" aria-labelledby=\"field_jk5go_label\" role=\"group\">\t\t<div class=\"frm_checkbox\" id=\"frm_checkbox_779-726-5\"><label for=\"field_jk5go-5\"><input type=\"checkbox\" name=\"item_meta[779][]\" id=\"field_jk5go-5\" value=\"Nothelferkurs am 15.11.2025\"  data-sectionid=\"726\" data-frmlimit=\"1\"  data-reqmsg=\"Dieses Feld darf nicht leer sein.\" aria-required=\"true\" data-invmsg=\" is invalid\" aria-invalid=\"false\"   \/> <div class=\"frm_label_button_container\">Nothelferkurs am 15.11.2025<\/div><\/label><\/div>\n\t\t<div class=\"frm_checkbox\" id=\"frm_checkbox_779-726-6\"><label for=\"field_jk5go-6\"><input type=\"checkbox\" name=\"item_meta[779][]\" id=\"field_jk5go-6\" value=\"Nothelferkurs am 18.04.2026\"  data-sectionid=\"726\" data-frmlimit=\"1\"  data-reqmsg=\"Dieses Feld darf nicht leer sein.\" aria-required=\"true\" data-invmsg=\" is invalid\" aria-invalid=\"false\"   \/> <div class=\"frm_label_button_container\">Nothelferkurs am 18.04.2026<\/div><\/label><\/div>\n\t\t<div class=\"frm_checkbox\" id=\"frm_checkbox_779-726-7\"><label for=\"field_jk5go-7\"><input type=\"checkbox\" name=\"item_meta[779][]\" id=\"field_jk5go-7\" value=\"Nothelferkurs am 17.10.2026\"  data-sectionid=\"726\" data-frmlimit=\"1\"  data-reqmsg=\"Dieses Feld darf nicht leer sein.\" aria-required=\"true\" data-invmsg=\" is invalid\" aria-invalid=\"false\"   \/> <div class=\"frm_label_button_container\">Nothelferkurs am 17.10.2026<\/div><\/label><\/div>\n<\/div>\r\n    \r\n    \r\n<\/div>\n<\/div>\n<div id=\"frm_field_733_container\" class=\"frm_form_field frm_section_heading form-field \">\r\n<h3 class=\"frm_pos_top frm_section_spacing\">Angaben Teilnehmer\/in<\/h3>\r\n\r\n\r\n<div id=\"frm_field_734_container\" class=\"frm_form_field form-field  frm_required_field frm_top_container frm6 frm_first\">\r\n    <label for=\"field_q4uyf3\" id=\"field_q4uyf3_label\" class=\"frm_primary_label\">Name\r\n        <span class=\"frm_required\" aria-hidden=\"true\">*<\/span>\r\n    <\/label>\r\n    <input type=\"text\" id=\"field_q4uyf3\" name=\"item_meta[734]\" value=\"\"  data-sectionid=\"733\" data-reqmsg=\"Dieses Feld darf nicht leer sein.\" aria-required=\"true\" data-invmsg=\"Text ist ung\u00fcltig\" aria-invalid=\"false\"  \/>\r\n    \r\n    \r\n<\/div>\n<div id=\"frm_field_735_container\" class=\"frm_form_field form-field  frm_required_field frm_top_container frm6\">\r\n    <label for=\"field_ybrbn3\" id=\"field_ybrbn3_label\" class=\"frm_primary_label\">Vorname \r\n        <span class=\"frm_required\" aria-hidden=\"true\">*<\/span>\r\n    <\/label>\r\n    <input type=\"text\" id=\"field_ybrbn3\" name=\"item_meta[735]\" value=\"\"  data-sectionid=\"733\" data-reqmsg=\"Dieses Feld darf nicht leer sein.\" aria-required=\"true\" data-invmsg=\"Text ist ung\u00fcltig\" aria-invalid=\"false\"  \/>\r\n    \r\n    \r\n<\/div>\n<div id=\"frm_field_736_container\" class=\"frm_form_field form-field  frm_required_field frm_top_container frm6 frm_first\">\r\n    <label for=\"field_h1fr93\" id=\"field_h1fr93_label\" class=\"frm_primary_label\">Strasse\r\n        <span class=\"frm_required\" aria-hidden=\"true\">*<\/span>\r\n    <\/label>\r\n    <input type=\"text\" id=\"field_h1fr93\" name=\"item_meta[736]\" value=\"\"  data-sectionid=\"733\" data-reqmsg=\"Dieses Feld darf nicht leer sein.\" aria-required=\"true\" data-invmsg=\"Text ist ung\u00fcltig\" aria-invalid=\"false\"  \/>\r\n    \r\n    \r\n<\/div>\n<div id=\"frm_field_737_container\" class=\"frm_form_field form-field  frm_required_field frm_top_container frm6\">\r\n    <label for=\"field_h73ki3\" id=\"field_h73ki3_label\" class=\"frm_primary_label\">Nr.\r\n        <span class=\"frm_required\" aria-hidden=\"true\">*<\/span>\r\n    <\/label>\r\n    <input type=\"text\" id=\"field_h73ki3\" name=\"item_meta[737]\" value=\"\"  data-sectionid=\"733\" data-reqmsg=\"Dieses Feld darf nicht leer sein.\" aria-required=\"true\" data-invmsg=\"Text ist ung\u00fcltig\" aria-invalid=\"false\"  \/>\r\n    \r\n    \r\n<\/div>\n<div id=\"frm_field_738_container\" class=\"frm_form_field form-field  frm_required_field frm_top_container frm6 frm_first\">\r\n    <label for=\"field_4nrs53\" id=\"field_4nrs53_label\" class=\"frm_primary_label\">PLZ\r\n        <span class=\"frm_required\" aria-hidden=\"true\">*<\/span>\r\n    <\/label>\r\n    <input type=\"text\" id=\"field_4nrs53\" name=\"item_meta[738]\" value=\"\"  data-sectionid=\"733\" data-reqmsg=\"Dieses Feld darf nicht leer sein.\" aria-required=\"true\" data-invmsg=\"Text ist ung\u00fcltig\" aria-invalid=\"false\"  \/>\r\n    \r\n    \r\n<\/div>\n<div id=\"frm_field_739_container\" class=\"frm_form_field form-field  frm_required_field frm_top_container frm6\">\r\n    <label for=\"field_9jdnc3\" id=\"field_9jdnc3_label\" class=\"frm_primary_label\">Ort\r\n        <span class=\"frm_required\" aria-hidden=\"true\">*<\/span>\r\n    <\/label>\r\n    <input type=\"text\" id=\"field_9jdnc3\" name=\"item_meta[739]\" value=\"\"  data-sectionid=\"733\" data-reqmsg=\"Dieses Feld darf nicht leer sein.\" aria-required=\"true\" data-invmsg=\"Text ist ung\u00fcltig\" aria-invalid=\"false\"  \/>\r\n    \r\n    \r\n<\/div>\n<div id=\"frm_field_742_container\" class=\"frm_form_field form-field  frm_required_field frm_top_container frm6 frm_first\">\r\n    <label for=\"field_gqbte3\" id=\"field_gqbte3_label\" class=\"frm_primary_label\">Telefon\r\n        <span class=\"frm_required\" aria-hidden=\"true\">*<\/span>\r\n    <\/label>\r\n    <input type=\"text\" id=\"field_gqbte3\" name=\"item_meta[742]\" value=\"\"  data-sectionid=\"733\" data-reqmsg=\"Dieses Feld darf nicht leer sein.\" aria-required=\"true\" data-invmsg=\"Text ist ung\u00fcltig\" aria-invalid=\"false\"  \/>\r\n    \r\n    \r\n<\/div>\n<div id=\"frm_field_744_container\" class=\"frm_form_field form-field  frm_required_field frm_top_container frm6\">\r\n    <label for=\"field_3iaiy3\" id=\"field_3iaiy3_label\" class=\"frm_primary_label\">E-Mail privat\r\n        <span class=\"frm_required\" aria-hidden=\"true\">*<\/span>\r\n    <\/label>\r\n    <input type=\"text\" id=\"field_3iaiy3\" name=\"item_meta[744]\" value=\"\"  data-sectionid=\"733\" data-reqmsg=\"Dieses Feld darf nicht leer sein.\" aria-required=\"true\" data-invmsg=\"Text ist ung\u00fcltig\" aria-invalid=\"false\"  \/>\r\n    \r\n    \r\n<\/div>\n<div id=\"frm_field_747_container\" class=\"frm_form_field form-field  frm_top_container vertical_radio\">\r\n    <div  id=\"field_5t1w63_label\" class=\"frm_primary_label\">Weitere\/n Teilnehmer\/in hinzuf\u00fcgen\r\n        <span class=\"frm_required\" aria-hidden=\"true\"><\/span>\r\n    <\/div>\r\n    <div class=\"frm_opt_container\" aria-labelledby=\"field_5t1w63_label\" role=\"group\">\t\t<div class=\"frm_radio\" id=\"frm_radio_747-733-0\"><label for=\"field_5t1w63-0\">\t\t<input type=\"radio\" name=\"item_meta[747]\" id=\"field_5t1w63-0\" value=\"Ja\"\n\t\t   data-sectionid=\"733\" data-invmsg=\"Weitere\/n Teilnehmer\/in hinzuf\u00fcgen is invalid\" aria-invalid=\"false\"  \/> Ja<\/label><\/div>\n\t\t<div class=\"frm_radio\" id=\"frm_radio_747-733-1\"><label for=\"field_5t1w63-1\">\t\t<input type=\"radio\" name=\"item_meta[747]\" id=\"field_5t1w63-1\" value=\"Nein\"\n\t\t   data-sectionid=\"733\" data-invmsg=\"Weitere\/n Teilnehmer\/in hinzuf\u00fcgen is invalid\" aria-invalid=\"false\"  \/> Nein<\/label><\/div>\n<\/div>\r\n    \r\n    \r\n<\/div>\n<div id=\"frm_field_748_container\" class=\"frm_form_field form-field  frm_required_field frm_top_container frm6 frm_first\">\r\n    <label for=\"field_zts9m3\" id=\"field_zts9m3_label\" class=\"frm_primary_label\">Name Teilnehmer\/in 2\r\n        <span class=\"frm_required\" aria-hidden=\"true\">*<\/span>\r\n    <\/label>\r\n    <input type=\"text\" id=\"field_zts9m3\" name=\"item_meta[748]\" value=\"\"  data-sectionid=\"733\" data-reqmsg=\"Dieses Feld darf nicht leer sein.\" aria-required=\"true\" data-invmsg=\"Text ist ung\u00fcltig\" aria-invalid=\"false\"  \/>\r\n    \r\n    \r\n<\/div>\n<div id=\"frm_field_749_container\" class=\"frm_form_field form-field  frm_required_field frm_top_container frm6\">\r\n    <label for=\"field_cvtxm3\" id=\"field_cvtxm3_label\" class=\"frm_primary_label\">Vorname Teilnehmer\/in 2\r\n        <span class=\"frm_required\" aria-hidden=\"true\">*<\/span>\r\n    <\/label>\r\n    <input type=\"text\" id=\"field_cvtxm3\" name=\"item_meta[749]\" value=\"\"  data-sectionid=\"733\" data-reqmsg=\"Dieses Feld darf nicht leer sein.\" aria-required=\"true\" data-invmsg=\"Text ist ung\u00fcltig\" aria-invalid=\"false\"  \/>\r\n    \r\n    \r\n<\/div>\n<div id=\"frm_field_750_container\" class=\"frm_form_field form-field  frm_required_field frm_top_container frm6 frm_first\">\r\n    <label for=\"field_usbqs3\" id=\"field_usbqs3_label\" class=\"frm_primary_label\">Strasse Teilnehmer\/in 2\r\n        <span class=\"frm_required\" aria-hidden=\"true\">*<\/span>\r\n    <\/label>\r\n    <input type=\"text\" id=\"field_usbqs3\" name=\"item_meta[750]\" value=\"\"  data-sectionid=\"733\" data-reqmsg=\"Dieses Feld darf nicht leer sein.\" aria-required=\"true\" data-invmsg=\"Text ist ung\u00fcltig\" aria-invalid=\"false\"  \/>\r\n    \r\n    \r\n<\/div>\n<div id=\"frm_field_751_container\" class=\"frm_form_field form-field  frm_required_field frm_top_container frm6\">\r\n    <label for=\"field_5k9g73\" id=\"field_5k9g73_label\" class=\"frm_primary_label\">Nr. Teilnehmer\/in 2\r\n        <span class=\"frm_required\" aria-hidden=\"true\">*<\/span>\r\n    <\/label>\r\n    <input type=\"text\" id=\"field_5k9g73\" name=\"item_meta[751]\" value=\"\"  data-sectionid=\"733\" data-reqmsg=\"Dieses Feld darf nicht leer sein.\" aria-required=\"true\" data-invmsg=\"Text ist ung\u00fcltig\" aria-invalid=\"false\"  \/>\r\n    \r\n    \r\n<\/div>\n<div id=\"frm_field_752_container\" class=\"frm_form_field form-field  frm_required_field frm_top_container frm6 frm_first\">\r\n    <label for=\"field_bm7bs3\" id=\"field_bm7bs3_label\" class=\"frm_primary_label\">PLZ Teilnehmer\/in 2\r\n        <span class=\"frm_required\" aria-hidden=\"true\">*<\/span>\r\n    <\/label>\r\n    <input type=\"text\" id=\"field_bm7bs3\" name=\"item_meta[752]\" value=\"\"  data-sectionid=\"733\" data-reqmsg=\"Dieses Feld darf nicht leer sein.\" aria-required=\"true\" data-invmsg=\"Text ist ung\u00fcltig\" aria-invalid=\"false\"  \/>\r\n    \r\n    \r\n<\/div>\n<div id=\"frm_field_753_container\" class=\"frm_form_field form-field  frm_required_field frm_top_container frm6\">\r\n    <label for=\"field_jp9at3\" id=\"field_jp9at3_label\" class=\"frm_primary_label\">Ort Teilnehmer\/in 2\r\n        <span class=\"frm_required\" aria-hidden=\"true\">*<\/span>\r\n    <\/label>\r\n    <input type=\"text\" id=\"field_jp9at3\" name=\"item_meta[753]\" value=\"\"  data-sectionid=\"733\" data-reqmsg=\"Dieses Feld darf nicht leer sein.\" aria-required=\"true\" data-invmsg=\"Text ist ung\u00fcltig\" aria-invalid=\"false\"  \/>\r\n    \r\n    \r\n<\/div>\n<\/div>\n<div id=\"frm_field_762_container\" class=\"frm_form_field frm_section_heading form-field \">\r\n<h3 class=\"frm_pos_top frm_section_spacing\">Weitere Informationen<\/h3>\r\n\r\n\r\n<div id=\"frm_field_763_container\" class=\"frm_form_field form-field  frm_top_container frm12 frm_first\">\r\n    <label for=\"field_eg7sh3\" id=\"field_eg7sh3_label\" class=\"frm_primary_label\">Besonderheiten oder Bemerkungen\r\n        <span class=\"frm_required\" aria-hidden=\"true\"><\/span>\r\n    <\/label>\r\n    <textarea name=\"item_meta[763]\" id=\"field_eg7sh3\" rows=\"5\"  data-sectionid=\"762\" data-invmsg=\"Absatz ist ung\u00fcltig\" aria-invalid=\"false\"  ><\/textarea>\r\n    \r\n    \r\n<\/div>\n<\/div>\n<div id=\"frm_field_765_container\" class=\"frm_form_field frm_section_heading form-field \">\r\n<h3 class=\"frm_pos_top frm_section_spacing\">Allgemeine Gesch\u00e4ftsbedingungen<\/h3>\r\n\r\n\r\n<div id=\"frm_field_766_container\" class=\"frm_form_field form-field  frm_required_field frm_top_container vertical_radio\">\r\n    <div  id=\"field_d2sfo3_label\" class=\"frm_primary_label\">\r\n        <span class=\"frm_required\" aria-hidden=\"true\">*<\/span>\r\n    <\/div>\r\n    <div class=\"frm_opt_container\" aria-labelledby=\"field_d2sfo3_label\" role=\"group\">\t\t<div class=\"frm_checkbox\" id=\"frm_checkbox_766-765-0\"><label for=\"field_d2sfo3-0\"><input type=\"checkbox\" name=\"item_meta[766][]\" id=\"field_d2sfo3-0\" value=\"Ich erkl\u00e4re mich mit den allgemeinen Gesch\u00e4ftsbedingungen&lt;\/a&gt; von familea einverstanden. Diese Anmeldung ist verbindlich. Ein R\u00fccktritt ist nur gem\u00e4ss unseren AGB, Punkt 5, m\u00f6glich.\"  data-sectionid=\"765\" data-reqmsg=\"Dieses Feld darf nicht leer sein.\" aria-required=\"true\" data-invmsg=\" is invalid\" aria-invalid=\"false\"   \/> Ich erkl\u00e4re mich mit den allgemeinen Gesch\u00e4ftsbedingungen<\/a> von familea einverstanden. Diese Anmeldung ist verbindlich. Ein R\u00fccktritt ist nur gem\u00e4ss unseren AGB, Punkt 5, m\u00f6glich.<\/label><\/div>\n<\/div>\r\n    \r\n    \r\n<\/div>\n<div id=\"frm_field_769_container\" class=\"frm_form_field form-field  frm_required_field frm_top_container vertical_radio\">\r\n    <div  id=\"field_8cguo_label\" class=\"frm_primary_label\">\r\n        <span class=\"frm_required\" aria-hidden=\"true\">*<\/span>\r\n    <\/div>\r\n    <div class=\"frm_opt_container\" aria-labelledby=\"field_8cguo_label\" role=\"group\">\t\t<div class=\"frm_checkbox\" id=\"frm_checkbox_769-765-0\"><label for=\"field_8cguo-0\"><input type=\"checkbox\" name=\"item_meta[769][]\" id=\"field_8cguo-0\" value=\"Ich best\u00e4tige, dass ich mich zum Zeitpunkt des Nothelferkurses in einem Pflegeverh\u00e4ltnis mit einem Kleinkind befinde.\"  data-sectionid=\"765\" data-reqmsg=\"Dieses Feld darf nicht leer sein.\" aria-required=\"true\" data-invmsg=\" is invalid\" aria-invalid=\"false\"   \/> Ich best\u00e4tige, dass ich mich zum Zeitpunkt des Nothelferkurses in einem Pflegeverh\u00e4ltnis mit einem Kleinkind befinde.<\/label><\/div>\n<\/div>\r\n    \r\n    \r\n<\/div>\n<\/div>\n\t<input type=\"hidden\" name=\"item_key\" value=\"\" \/>\n\t\t\t\t<div class=\"frm_verify\" aria-hidden=\"true\">\n\t\t\t\t<label for=\"frm_email_25\">\n\t\t\t\t\tIf you are human, leave this field blank.\t\t\t\t<\/label>\n\t\t\t\t<input type=\"text\" class=\"frm_verify\" id=\"frm_email_25\" name=\"frm_verify\" value=\"\"  \/>\n\t\t\t<\/div>\n\t\t<input name=\"frm_state\" type=\"hidden\" value=\"1cbkDNRVfIUpZNe1HBYnTXv4GnAJnA+j4HKsaBJbWcY=\" \/><div class=\"frm_submit\">\r\n\r\n<button class=\"frm_button_submit frm_final_submit\" type=\"submit\"  >Anmeldung absenden<\/button>\r\n\r\n\r\n<\/div><\/div>\n<\/fieldset>\n<\/div>\n<\/form>\n<\/div>\n\n\n","protected":false},"excerpt":{"rendered":"<p>Anmeldung zum Nothelferkurs f\u00fcr Kleinkinder Eine Anmeldung ist m\u00f6glich, sofern ein aktuelles Pflegeverh\u00e4ltnis mit dem Zentrum Pflegekinder besteht und ein Pflegekind im Kleinkindalter betreut wird. Die Kurskosten werden vom Zentrum Pflegekinder \u00fcbernommen. Die Anmeldung ist verbindlich. Ein R\u00fccktritt kann ausschliesslich gem\u00e4ss unseren Allgemeinen Gesch\u00e4ftsbedingungen, AGB Punkt 5, erfolgen und ist mit entsprechenden Kosten verbunden. Erfolgt [&hellip;]<\/p>\n","protected":false},"author":8,"featured_media":0,"parent":0,"menu_order":0,"comment_status":"closed","ping_status":"closed","template":"","meta":{"_acf_changed":false,"_seopress_robots_primary_cat":"","_seopress_titles_title":"","_seopress_titles_desc":"","_seopress_robots_index":"","site-sidebar-layout":"default","site-content-layout":"","ast-site-content-layout":"default","site-content-style":"default","site-sidebar-style":"default","ast-global-header-display":"","ast-banner-title-visibility":"","ast-main-header-display":"","ast-hfb-above-header-display":"","ast-hfb-below-header-display":"","ast-hfb-mobile-header-display":"","site-post-title":"","ast-breadcrumbs-content":"","ast-featured-img":"","footer-sml-layout":"","ast-disable-related-posts":"","theme-transparent-header-meta":"","adv-header-id-meta":"","stick-header-meta":"","header-above-stick-meta":"","header-main-stick-meta":"","header-below-stick-meta":"","astra-migrate-meta-layouts":"set","ast-page-background-enabled":"default","ast-page-background-meta":{"desktop":{"background-color":"var(--ast-global-color-4)","background-image":"","background-repeat":"repeat","background-position":"center center","background-size":"auto","background-attachment":"scroll","background-type":"","background-media":"","overlay-type":"","overlay-color":"","overlay-opacity":"","overlay-gradient":""},"tablet":{"background-color":"","background-image":"","background-repeat":"repeat","background-position":"center center","background-size":"auto","background-attachment":"scroll","background-type":"","background-media":"","overlay-type":"","overlay-color":"","overlay-opacity":"","overlay-gradient":""},"mobile":{"background-color":"","background-image":"","background-repeat":"repeat","background-position":"center center","background-size":"auto","background-attachment":"scroll","background-type":"","background-media":"","overlay-type":"","overlay-color":"","overlay-opacity":"","overlay-gradient":""}},"ast-content-background-meta":{"desktop":{"background-color":"var(--ast-global-color-5)","background-image":"","background-repeat":"repeat","background-position":"center center","background-size":"auto","background-attachment":"scroll","background-type":"","background-media":"","overlay-type":"","overlay-color":"","overlay-opacity":"","overlay-gradient":""},"tablet":{"background-color":"var(--ast-global-color-5)","background-image":"","background-repeat":"repeat","background-position":"center center","background-size":"auto","background-attachment":"scroll","background-type":"","background-media":"","overlay-type":"","overlay-color":"","overlay-opacity":"","overlay-gradient":""},"mobile":{"background-color":"var(--ast-global-color-5)","background-image":"","background-repeat":"repeat","background-position":"center center","background-size":"auto","background-attachment":"scroll","background-type":"","background-media":"","overlay-type":"","overlay-color":"","overlay-opacity":"","overlay-gradient":""}},"iawp_total_views":94,"footnotes":""},"class_list":["post-7749","page","type-page","status-publish"],"acf":[],"_links":{"self":[{"href":"https:\/\/www.familea.ch\/en\/wp-json\/wp\/v2\/pages\/7749","targetHints":{"allow":["GET"]}}],"collection":[{"href":"https:\/\/www.familea.ch\/en\/wp-json\/wp\/v2\/pages"}],"about":[{"href":"https:\/\/www.familea.ch\/en\/wp-json\/wp\/v2\/types\/page"}],"author":[{"embeddable":true,"href":"https:\/\/www.familea.ch\/en\/wp-json\/wp\/v2\/users\/8"}],"replies":[{"embeddable":true,"href":"https:\/\/www.familea.ch\/en\/wp-json\/wp\/v2\/comments?post=7749"}],"version-history":[{"count":5,"href":"https:\/\/www.familea.ch\/en\/wp-json\/wp\/v2\/pages\/7749\/revisions"}],"predecessor-version":[{"id":8126,"href":"https:\/\/www.familea.ch\/en\/wp-json\/wp\/v2\/pages\/7749\/revisions\/8126"}],"wp:attachment":[{"href":"https:\/\/www.familea.ch\/en\/wp-json\/wp\/v2\/media?parent=7749"}],"curies":[{"name":"wp","href":"https:\/\/api.w.org\/{rel}","templated":true}]}}