{"id":87,"date":"2022-10-26T09:05:01","date_gmt":"2022-10-26T07:05:01","guid":{"rendered":"https:\/\/www.familea.ch\/?page_id=87"},"modified":"2025-04-29T11:46:34","modified_gmt":"2025-04-29T09:46:34","slug":"kita","status":"publish","type":"page","link":"https:\/\/www.familea.ch\/en\/kita\/","title":{"rendered":"Daycare"},"content":{"rendered":"<h1>\n\t\tChildren discover the world...\n\t<\/h1>\n\t<p>Your child's individuality and loving care are our top priorities. Every day, children learn to face new challenges. In order for them to develop in an age-appropriate way, they need an environment in which they feel comfortable. Children want caregivers who have a lot of confidence in them, who encourage and support them. And this is exactly where we come in at our familea daycare centers.<\/p>\n<a  data-type=\"box\" data-name=\"Box\" data-accepts=\"true\" href=\"https:\/\/www.familea.ch\/en\/kita\/#angebot\" target=\"_self\">\n\t<\/a>\n\t\t\t\t<img decoding=\"async\" src=\"https:\/\/www.familea.ch\/wp-content\/uploads\/2024\/03\/kita-angebot_magenta.svg\" alt=\" daycare offer magenta\" itemprop=\"image\" title=\"_kita-offer_magenta\" onerror=\"this.style.display='none'\"  \/>\n<a  data-type=\"box\" data-name=\"Box\" data-accepts=\"true\" href=\"https:\/\/www.familea.ch\/en\/kita\/pedagogical-focus\/\" target=\"_self\">\n\t<\/a>\n\t\t\t\t<img decoding=\"async\" src=\"https:\/\/www.familea.ch\/wp-content\/uploads\/2024\/03\/kita-paedagogik_magenta.png\" alt=\" daycare pedagogy magenta\" itemprop=\"image\" height=\"550\" width=\"539\" title=\"_kita-paedagogik_magenta\" onerror=\"this.style.display='none'\"  \/>\n<a  data-type=\"box\" data-name=\"Box\" data-accepts=\"true\" href=\"https:\/\/www.familea.ch\/en\/kita-finder\/\" target=\"_self\">\n\t<\/a>\n\t\t\t\t<img decoding=\"async\" src=\"https:\/\/www.familea.ch\/wp-content\/uploads\/2024\/03\/kita-finder-magenta.png\" alt=\" kita finder magenta\" itemprop=\"image\" height=\"510\" width=\"510\" title=\"_kita-finder-magenta\" onerror=\"this.style.display='none'\"  \/>\n<a  data-type=\"box\" data-name=\"Box\" data-accepts=\"true\" href=\"https:\/\/www.familea.ch\/en\/kita\/request-form\/\" target=\"_self\">\n\t<\/a>\n\t\t\t\t<img decoding=\"async\" src=\"https:\/\/www.familea.ch\/wp-content\/uploads\/2024\/03\/kita-anmeldung-magenta.png\" alt=\" daycare registration magenta\" itemprop=\"image\" height=\"534\" width=\"534\" title=\"_kita-registration-magenta\" onerror=\"this.style.display='none'\"  \/>\n\t<nav  aria-label=\"breadcrumb\"><ol class=\"breadcrumb\"><li class=\"breadcrumb-item active\" aria-current=\"page\"><span><i class=\"fa-regular fa-house\"><\/i><\/span><\/li><\/ol><\/nav>\n\t\t\t<h1>familea daycare center<\/h1>\t\t\t\n\t\t\t\t<p>Your child's individuality and loving care are our top priorities. Every day, children learn to face new challenges. In order for them to develop in an age-appropriate way, they need an environment in which they feel comfortable. Children want caregivers who have a lot of confidence in them, who encourage and support them. And this is exactly where we come in at our familea daycare centers.<\/p>\n\t\t\t\t<img decoding=\"async\" src=\"https:\/\/www.familea.ch\/wp-content\/uploads\/2022\/11\/115a8425_familea_stimmungsbilder-690x350.jpg\" alt=\"115a8425 familea mood pictures\" title=\"115A8425_familea_atmosphere_images\" itemprop=\"image\"\/>\n\t\t<h3>Our care offer<\/h3>\t\t\t\n\t\t\t\t<p>Children discover the world - spurred on by their curiosity - with our attentive support. In our more than 40 daycare centers with around 1700 childcare places, we offer a high-quality range of services.<\/p>\n<ul>\n<li><a href=\"https:\/\/www.familea.ch\/en\/kita-finder\/\">Kitafinder<\/a><\/li>\n<li><a href=\"https:\/\/www.familea.ch\/en\/kita-finder\/#kita\u00fcbersicht\">Our Kitas in overview<\/a><\/li>\n<li><a href=\"https:\/\/www.familea.ch\/en\/kita\/company-communities\/\">Offer for companies and communities<\/a><\/li>\n<li><a href=\"https:\/\/www.familea.ch\/en\/kita\/day-structure\/\">Lunch and day structure<\/a><\/li>\n<\/ul>\n\t\t\t\t<img decoding=\"async\" src=\"https:\/\/www.familea.ch\/wp-content\/uploads\/2022\/11\/115a8632_familea_stimmungsbilder-690x350.jpg\" alt=\"115a8632 familea mood pictures\" title=\"115A8632_familea_atmosphere_images\" itemprop=\"image\"\/>\n\t\t<h3>Pedagogical concept<\/h3>\t\t\t\n\t\t\t\t<p>The pedagogical concept of familea is oriented in such a way that every child can develop into an independent and socially responsible personality through free play and group activities in all areas.<\/p>\n<ul>\n<li><a href=\"https:\/\/www.familea.ch\/en\/kita\/pedagogical-focus\/#grundhaltung\">Our basic attitude<\/a><\/li>\n<li><a href=\"https:\/\/www.familea.ch\/en\/kita\/pedagogical-focus\/#bulg\">Education and learning stories (BULG)<\/a><\/li>\n<li><a href=\"https:\/\/www.familea.ch\/en\/kita\/pedagogical-focus\/#ernaehrung\">Nutrition<\/a><\/li>\n<li><a href=\"https:\/\/www.familea.ch\/en\/kita\/pedagogical-focus\/#alltag\">Everyday life and rituals<\/a><\/li>\n<\/ul>\n\t<p>Since its foundation in 1901, familea, the former Basel Women's Association, has set itself the goal of supporting families in their everyday lives. With more than 40 daycare centers with around 1700 places in the Basel-Stadt, Basel-Landschaft and Aargau area, we offer a high-quality childcare program where your child feels comfortable, builds sustainable relationships and is encouraged in his or her interests and strengths.<\/p>\n<p>We want to accompany the children on their respective developmental paths, support and motivate them, give them praise and recognition, and \"strengthen\" them in their strengths. We promote this through a variety of learning, play and life experiences that address all of the child's senses and areas of development.<\/p>\n<p>Would you like to get to know us personally? Our placement office and our daycare center managers will be happy to help you.<\/p>\n<h3>\n\t\tPlacement Office\n\t<\/h3>\n\t\t\t\t<img decoding=\"async\" src=\"https:\/\/www.familea.ch\/wp-content\/uploads\/2023\/06\/charlottespruenglichristensen-scaled.jpg\" alt=\"charlottespr\u00fcnglichristensen\" title=\"CharlotteSpr\u00fcngliChristensen\" itemprop=\"image\"\/>\n\t\t<h4>Charlotte Spr\u00fcngli-Christensen<\/h4>\t\t\t\n\t\t\t\t<p>Phone +41 61 260 82 82<br \/>anmeldung.kita@familea.ch<\/p>\n\t\t\t<h2>You would like to register for a familea Kitaplatz?<\/h2>\t\t\t\n\t\t\t\t<p>We are very pleased about your interest in one of our daycare places.<\/p>\n<p>In order for us to make initial internal clarifications regarding the desired space and to contact you for an inspection appointment, we ask you to fill out our adjacent registration form as completely as possible. The registration is non-binding and free of charge.<\/p>\n<p>You are welcome to visit our daycare centers at any time. Please contact our daycare center managers directly to arrange a non-binding appointment. You will find the direct contact at the respective location.<\/p>\n<p>The costs incurred for childcare depend on the desired level of care for the child as well as any support contributions from the canton, the municipality or even the employer.<\/p>\n<p>All families living in the canton of Basel-Stadt can receive childcare contributions. The amount of the childcare contributions depends on the parents' income and assets. The table shows the estimated contributions. This is an estimate - the definitive calculation is made by the Fachstelle Tagesbetreuung.<\/p>\n<p>Families residing in the region please contact your municipality of residence directly for support contributions.<\/p>\n\t\t\t<a href=\"https:\/\/www.familea.ch\/en\/kita-finder\/#kitauebersicht\" title=\"Click here\" target=\"_self\"   role=\"button\" aria-label=\"Our locations\">\n\t\t\t\t\t\t\tOur locations\n\t\t<\/a>\n\t\t\t<a href=\"https:\/\/www.familea.ch\/en\/kita\/request-form\/\" title=\"Click here\" target=\"_self\"   role=\"button\" aria-label=\"Registration form Kita\">\n\t\t\t\t\t\t\tRegistration form Kita\n\t\t<\/a>\n\t\t\t<a href=\"https:\/\/www.jfs.bs.ch\/dam\/jcr:21caa568-a204-4084-bf7e-af70404e84ff\/Tabelle%20geschaetzte%20Beitraege.pdf\" title=\"Click here\" target=\"_blank\" rel=\"noopener\"  role=\"button\" aria-label=\"Table estimated contributions\">\n\t\t\t\t\t\t\tTable estimated contributions\n\t\t<\/a>\n\t\t\t<h3>News<\/h3>\t\t\t\n\t\t\t\t<p>From the day care area<\/p>\n\t\t\t\t\t\t\t\t\t\t\t\t\t\t<a href=\"https:\/\/www.familea.ch\/en\/bulg-in-depth-day-thinking-ahead-learning-ahead-developing-ahead\/\" target=\"_self\" title=\"BuLG in-depth day - thinking ahead, learning ahead, developing ahead\">\n\t\t\t\t<img decoding=\"async\" src=\"https:\/\/www.familea.ch\/wp-content\/uploads\/2025\/04\/weiterbildungstag_0225_3-1024x577.jpg\" alt=\"training day 0225 3\" \/>\n\t\t\t\t<\/a>\n\t\t\t\t\t\t<h4>\n\t\t\t\t<a href=\"https:\/\/www.familea.ch\/en\/bulg-in-depth-day-thinking-ahead-learning-ahead-developing-ahead\/\" title=\"BuLG in-depth day - thinking ahead, learning ahead, developing ahead\" tabindex=\"0\">In-depth day BULG - Thinking ahead, learning ahead, developing ahead<\/a>\t\t\t<\/h4>\n\t\t\t\t\t\t\t\tOn January 24, 2025, more than 560 employees from familea daycare centers came together at the Congress Center Basel to further deepen their knowledge of the learning stories method. \n\t\t\t<a href=\"https:\/\/www.familea.ch\/en\/bulg-in-depth-day-thinking-ahead-learning-ahead-developing-ahead\/\" title=\"Click here\" target=\"_self\"   role=\"button\" aria-label=\"Read more\">\n\t\t\t\t\t\t\tRead more\n\t\t<\/a>\n\t\t\t\t\t\t\t\t\t\t\t\t\t\t<a href=\"https:\/\/www.familea.ch\/en\/familea-at-the-vocational-training-week-2025\/\" target=\"_self\" title=\"familea at the Vocational Training Week 2025\">\n\t\t\t\t<img decoding=\"async\" src=\"https:\/\/www.familea.ch\/wp-content\/uploads\/2025\/03\/woche-der-berufsbildung-1024x683.jpg\" alt=\"vocational training week\" \/>\n\t\t\t\t<\/a>\n\t\t\t\t\t\t<h4>\n\t\t\t\t<a href=\"https:\/\/www.familea.ch\/en\/familea-at-the-vocational-training-week-2025\/\" title=\"familea at the Vocational Training Week 2025\" tabindex=\"0\">familea at the Vocational Training Week 2025<\/a>\t\t\t<\/h4>\n\t\t\t\t\t\t\t\tFrom May 5 to 10, 2025, the Basel region will be all about vocational training - and familea will be there! \n\t\t\t<a href=\"https:\/\/www.familea.ch\/en\/familea-at-the-vocational-training-week-2025\/\" title=\"Click here\" target=\"_self\"   role=\"button\" aria-label=\"Read more\">\n\t\t\t\t\t\t\tRead more\n\t\t<\/a>\n\t\t\t\t\t\t\t\t\t\t\t\t\t\t<a href=\"https:\/\/www.familea.ch\/en\/education-and-learning-stories-in-focus-further-education-day-2025\/\" target=\"_self\" title=\"Focus on educational and learning stories: Training Day 2025\">\n\t\t\t\t<img decoding=\"async\" src=\"https:\/\/www.familea.ch\/wp-content\/uploads\/2025\/01\/weiterbildungstags-januar-2025-18-1024x576.jpg\" alt=\"training days january 2025 (18)\" \/>\n\t\t\t\t<\/a>\n\t\t\t\t\t\t<h4>\n\t\t\t\t<a href=\"https:\/\/www.familea.ch\/en\/education-and-learning-stories-in-focus-further-education-day-2025\/\" title=\"Focus on educational and learning stories: Training Day 2025\" tabindex=\"0\">Focus on educational and learning stories: Training Day 2025<\/a>\t\t\t<\/h4>\n\t\t\t\t\t\t\t\tEducation begins with attitude: we further strengthened our pedagogical approach at the familea training day.\n\t\t\t<a href=\"https:\/\/www.familea.ch\/en\/education-and-learning-stories-in-focus-further-education-day-2025\/\" title=\"Click here\" target=\"_self\"   role=\"button\" aria-label=\"Read more\">\n\t\t\t\t\t\t\tRead more\n\t\t<\/a>\n\t\t\t<a href=\"https:\/\/www.familea.ch\/en\/current\/\" title=\"Click here\" target=\"_self\"   role=\"button\" aria-label=\"All contributions\">\n\t\t\t\t\t\t\tAll contributions\n\t\t<\/a>","protected":false},"excerpt":{"rendered":"<p>Kinder entdecken die Welt&#8230; Die Individualit\u00e4t Ihres Kindes und dessen liebevolle Betreuung stehen bei uns an erster Stelle. T\u00e4glich lernen Kinder, sich neuen Herausforderungen zu stellen. Damit sie sich altersgerecht entwickeln k\u00f6nnen, brauchen sie ein Umfeld, in dem sie sich wohl f\u00fchlen. Kinder wollen Betreuende, die ihnen viel zutrauen, sie ermutigen und f\u00f6rdern. Und genau [&hellip;]<\/p>\n","protected":false},"author":1,"featured_media":0,"parent":0,"menu_order":0,"comment_status":"closed","ping_status":"closed","template":"","meta":{"_acf_changed":false,"_seopress_robots_primary_cat":"","_seopress_titles_title":"familea Kita - Kindertagesst\u00e4tte in Baselland, Baselstadt und Aargau","_seopress_titles_desc":"","_seopress_robots_index":"","site-sidebar-layout":"default","site-content-layout":"","ast-site-content-layout":"default","site-content-style":"default","site-sidebar-style":"default","ast-global-header-display":"","ast-banner-title-visibility":"","ast-main-header-display":"","ast-hfb-above-header-display":"","ast-hfb-below-header-display":"","ast-hfb-mobile-header-display":"","site-post-title":"","ast-breadcrumbs-content":"","ast-featured-img":"","footer-sml-layout":"","ast-disable-related-posts":"","theme-transparent-header-meta":"","adv-header-id-meta":"","stick-header-meta":"","header-above-stick-meta":"","header-main-stick-meta":"","header-below-stick-meta":"","astra-migrate-meta-layouts":"set","ast-page-background-enabled":"default","ast-page-background-meta":{"desktop":{"background-color":"var(--ast-global-color-4)","background-image":"","background-repeat":"repeat","background-position":"center center","background-size":"auto","background-attachment":"scroll","background-type":"","background-media":"","overlay-type":"","overlay-color":"","overlay-opacity":"","overlay-gradient":""},"tablet":{"background-color":"","background-image":"","background-repeat":"repeat","background-position":"center center","background-size":"auto","background-attachment":"scroll","background-type":"","background-media":"","overlay-type":"","overlay-color":"","overlay-opacity":"","overlay-gradient":""},"mobile":{"background-color":"","background-image":"","background-repeat":"repeat","background-position":"center center","background-size":"auto","background-attachment":"scroll","background-type":"","background-media":"","overlay-type":"","overlay-color":"","overlay-opacity":"","overlay-gradient":""}},"ast-content-background-meta":{"desktop":{"background-color":"var(--ast-global-color-5)","background-image":"","background-repeat":"repeat","background-position":"center center","background-size":"auto","background-attachment":"scroll","background-type":"","background-media":"","overlay-type":"","overlay-color":"","overlay-opacity":"","overlay-gradient":""},"tablet":{"background-color":"var(--ast-global-color-5)","background-image":"","background-repeat":"repeat","background-position":"center center","background-size":"auto","background-attachment":"scroll","background-type":"","background-media":"","overlay-type":"","overlay-color":"","overlay-opacity":"","overlay-gradient":""},"mobile":{"background-color":"var(--ast-global-color-5)","background-image":"","background-repeat":"repeat","background-position":"center center","background-size":"auto","background-attachment":"scroll","background-type":"","background-media":"","overlay-type":"","overlay-color":"","overlay-opacity":"","overlay-gradient":""}},"iawp_total_views":41435,"footnotes":""},"class_list":["post-87","page","type-page","status-publish"],"acf":[],"_links":{"self":[{"href":"https:\/\/www.familea.ch\/en\/wp-json\/wp\/v2\/pages\/87","targetHints":{"allow":["GET"]}}],"collection":[{"href":"https:\/\/www.familea.ch\/en\/wp-json\/wp\/v2\/pages"}],"about":[{"href":"https:\/\/www.familea.ch\/en\/wp-json\/wp\/v2\/types\/page"}],"author":[{"embeddable":true,"href":"https:\/\/www.familea.ch\/en\/wp-json\/wp\/v2\/users\/1"}],"replies":[{"embeddable":true,"href":"https:\/\/www.familea.ch\/en\/wp-json\/wp\/v2\/comments?post=87"}],"version-history":[{"count":122,"href":"https:\/\/www.familea.ch\/en\/wp-json\/wp\/v2\/pages\/87\/revisions"}],"predecessor-version":[{"id":7473,"href":"https:\/\/www.familea.ch\/en\/wp-json\/wp\/v2\/pages\/87\/revisions\/7473"}],"wp:attachment":[{"href":"https:\/\/www.familea.ch\/en\/wp-json\/wp\/v2\/media?parent=87"}],"curies":[{"name":"wp","href":"https:\/\/api.w.org\/{rel}","templated":true}]}}