{"id":89,"date":"2022-10-26T09:05:12","date_gmt":"2022-10-26T07:05:12","guid":{"rendered":"https:\/\/www.familea.ch\/?page_id=89"},"modified":"2024-12-10T11:14:36","modified_gmt":"2024-12-10T10:14:36","slug":"children-youth-homes","status":"publish","type":"page","link":"https:\/\/www.familea.ch\/en\/kinder-jugendheime\/","title":{"rendered":"Children &amp; Youth Homes"},"content":{"rendered":"<h4>\n\t\tProtection and security\n\t<\/h4>\n\t<p>In our children's and young people's homes, we offer children and young people a temporary place to live when living at home is not possible due to challenging life situations in the family.<\/p>\n\t<nav  aria-label=\"breadcrumb\"><ol class=\"breadcrumb\"><li class=\"breadcrumb-item active\" aria-current=\"page\"><span><i class=\"fa-regular fa-house\"><\/i><\/span><\/li><\/ol><\/nav>\n\t\t\t\t<p>We value a respectful and appreciative atmosphere in a family setting and accompany and support the children and young people individually in their everyday lives.<\/p>\n\t\t\t\t<img decoding=\"async\" src=\"https:\/\/www.familea.ch\/wp-content\/uploads\/2022\/11\/friends-play-table-football-game-spend-free-time-2022-04-01-06-04-55-utc-1360x700.jpg\" alt=\"friends play table football game spend free time 2022 04 01 06 04 55 utc\" title=\"friends-play-table-football-game-spend-free-time-2022-04-01-06-04-55-utc\" itemprop=\"image\"\/>\n\t\t<h3>Inpatient living<\/h3>\t\t\t\n\t\t\t\t<p>In the Lindenberg children's home and the decentralized residential groups, familea offers children and young people protection, security and support with socio-educational care.<\/p>\n<ul>\n<li id=\"menu-item-420\"><a href=\"https:\/\/www.familea.ch\/en\/children-youth-homes\/stationary-2\/\">Inpatient offers<\/a><\/li>\n<li id=\"menu-item-422\"><a href=\"https:\/\/www.familea.ch\/en\/home\/childrens-home-lindenberg-2\/\">Children's home Lindenberg<\/a><\/li>\n<li id=\"menu-item-423\"><a href=\"https:\/\/www.familea.ch\/en\/home\/residential-group-missionsstrasse\/\">WG Mission Street<\/a><\/li>\n<li id=\"menu-item-559\"><a href=\"https:\/\/www.familea.ch\/en\/home\/coop-oberwilerstrasse\/\">WG Oberwilerstrasse<\/a><\/li>\n<li id=\"menu-item-558\"><a href=\"https:\/\/www.familea.ch\/en\/home\/wg-hirzbrunnen-2\/\">WG Hirzbrunnen<\/a><\/li>\n<\/ul>\n\t\t\t\t<img decoding=\"async\" src=\"https:\/\/www.familea.ch\/wp-content\/uploads\/2022\/11\/teen-boy-talking-to-psychologist-individual-thera-2021-12-14-20-21-45-utc-1360x700.jpg\" alt=\"teen boy talking to psychologist individual thera 2021 12 14 20 21 45 utc\" title=\"teen-boy-talking-to-psychologist-individual-thera-2021-12-14-20-21-45-utc\" itemprop=\"image\"\/>\n\t\t<h3>Crisis intervention and clarification<\/h3>\t\t\t\n\t\t\t\t<p>The Im Vogelsang transit home offers support for crisis intervention and for clarification orders (BEO) 365 days a year, around the clock.<\/p>\n<ul>\n<li><a href=\"https:\/\/www.familea.ch\/en\/children-youth-homes\/crisis-intervention-2\/\">Transit home Im Vogelsang<\/a><\/li>\n<li id=\"menu-item-421\"><a href=\"https:\/\/www.familea.ch\/en\/children-youth-homes\/internal-school\/\">Internal school<\/a><\/li>\n<li><a href=\"https:\/\/www.familea.ch\/en\/children-youth-homes\/crisis-intervention-2\/#kontakt\">Contact<\/a><\/li>\n<\/ul>\n\t\t\t<h2>For assigning bodies<\/h2>\t\t\t\n\t\t\t\t<img decoding=\"async\" src=\"https:\/\/www.familea.ch\/wp-content\/uploads\/2022\/10\/portrait-of-smiling-young-woman-at-home-with-lapto-2022-03-08-01-29-51-utc-e1670938181174-925x600.jpg\" alt=\"portrait of smiling young woman at home with lapto 2022 03 08 01 29 51 utc\" itemprop=\"image\" height=\"600\" width=\"925\" title=\"portrait-of-smiling-young-woman-at-home-with-lapto-2022-03-08-01-29-51-utc\" onerror=\"this.style.display='none'\"  \/>\n\t\t\t<a href=\"https:\/\/www.familea.ch\/en\/children-youth-homes\/stationary-2\/#anfrage\" title=\"Click Here\" target=\"_self\" role=\"button\" aria-label=\"Inquiry Free Places - Inpatient Living\" rel=\"noopener\">\n\t\t\t\t\t\t\tInquiry Free Places - Inpatient Living\n\t\t<\/a>\n\t\t\t<a href=\"https:\/\/www.familea.ch\/en\/children-youth-homes\/residential-groups\/#kontakt\" title=\"Click Here\" target=\"_self\" role=\"button\" aria-label=\"Contact Inpatient Living\" rel=\"noopener\">\n\t\t\t\t\t\t\tContact Inpatient Living\n\t\t<\/a>\n\t\t\t<a href=\"https:\/\/www.familea.ch\/en\/children-youth-homes\/crisis-intervention-2\/#kontakt\" title=\"Click Here\" target=\"_self\" role=\"button\" aria-label=\"Contact crisis intervention\" rel=\"noopener\">\n\t\t\t\t\t\t\tContact crisis intervention\n\t\t<\/a>\n\t\t\t<h3>News<\/h3>\t\t\t\n\t\t\t\t<p>From the area of children &amp; youth homes<\/p>\n\t\t\t\t\t\t\t\t\t\t\t\t\t\t<a href=\"https:\/\/www.familea.ch\/en\/familea-takes-over-former-familycare-daycare-centers-from-november-1-2024-and-strengthens-commitment-to-family-friendliness-in-basel\/\" target=\"_self\" title=\"New daycare centers and expanded family services from November 1, 2024\" rel=\"noopener\">\n\t\t\t\t<img decoding=\"async\" src=\"https:\/\/www.familea.ch\/wp-content\/uploads\/2024\/11\/people-2569234_1280-1024x699.jpg\" alt=\"familea welcome\" \/>\n\t\t\t\t<\/a>\n\t\t\t\t\t\t<h4>\n\t\t\t\t<a href=\"https:\/\/www.familea.ch\/en\/familea-takes-over-former-familycare-daycare-centers-from-november-1-2024-and-strengthens-commitment-to-family-friendliness-in-basel\/\" title=\"New daycare centers and expanded family services from November 1, 2024\" tabindex=\"0\">New daycare centers and expanded family services from November 1, 2024<\/a>\t\t\t<\/h4>\nFrom November 1, 2024, we warmly welcome the former Familycare daycare centers to familea. Together, we are strengthening childcare and supporting families in Basel.\n\t\t\t<a href=\"https:\/\/www.familea.ch\/en\/familea-takes-over-former-familycare-daycare-centers-from-november-1-2024-and-strengthens-commitment-to-family-friendliness-in-basel\/\" title=\"Click Here\" target=\"_self\" role=\"button\" aria-label=\"Read more\" rel=\"noopener\">\n\t\t\t\t\t\t\tRead more\n\t\t<\/a>\n\t\t\t\t\t\t\t\t\t\t\t\t\t\t<a href=\"https:\/\/www.familea.ch\/en\/successful-lindenberg-festival-in-the-sunshine\/\" target=\"_self\" title=\"Successful Lindenberg festival in the sunshine\" rel=\"noopener\">\n\t\t\t\t<img decoding=\"async\" src=\"https:\/\/www.familea.ch\/wp-content\/uploads\/2024\/09\/p1080114-scaled-e1726147838161-1024x892.jpg\" alt=\"p1080114\" \/>\n\t\t\t\t<\/a>\n\t\t\t\t\t\t<h4>\n\t\t\t\t<a href=\"https:\/\/www.familea.ch\/en\/successful-lindenberg-festival-in-the-sunshine\/\" title=\"Successful Lindenberg festival in the sunshine\" tabindex=\"0\">Successful Lindenberg festival in the sunshine<\/a>\t\t\t<\/h4>\n\t\t\t\t\t\t\t\tThe Lindenberg Festival on September 7 was a complete success with bright sunshine and numerous activities for children. \n\t\t\t<a href=\"https:\/\/www.familea.ch\/en\/successful-lindenberg-festival-in-the-sunshine\/\" title=\"Click Here\" target=\"_self\" role=\"button\" aria-label=\"Read more\" rel=\"noopener\">\n\t\t\t\t\t\t\tRead more\n\t\t<\/a>\n\t\t\t\t\t\t\t\t\t\t\t\t\t\t<a href=\"https:\/\/www.familea.ch\/en\/flea-market-at-the-lindenberg-childrens-home\/\" target=\"_self\" title=\"Flea market at the Lindenberg children&#039;s home\" rel=\"noopener\">\n\t\t\t\t<img decoding=\"async\" src=\"https:\/\/www.familea.ch\/wp-content\/uploads\/2024\/09\/flyer_a5_flohmi-in-lindenberg_1_2-e1726134073763-1024x784.png\" alt=\"flohmi in lindenberg\" \/>\n\t\t\t\t<\/a>\n\t\t\t\t\t\t<h4>\n\t\t\t\t<a href=\"https:\/\/www.familea.ch\/en\/flea-market-at-the-lindenberg-childrens-home\/\" title=\"Flea market at the Lindenberg children&#039;s home\" tabindex=\"0\">Flea market at the Lindenberg children's home<\/a>\t\t\t<\/h4>\n\t\t\t\t\t\t\t\tBrowse the Wettstein neighborhood flea market in Basel on 22.09. and support the residential groups of the children's home.\n\t\t\t<a href=\"https:\/\/www.familea.ch\/en\/flea-market-at-the-lindenberg-childrens-home\/\" title=\"Click Here\" target=\"_self\" role=\"button\" aria-label=\"Read more\" rel=\"noopener\">\n\t\t\t\t\t\t\tRead more\n\t\t<\/a>","protected":false},"excerpt":{"rendered":"<p>Schutz und Geborgenheit In unseren Kinder- und Jugendheimen bieten wir Kindern und Jugendlichen einen vor\u00fcbergehenden Wohnort, wenn das Wohnen zuhause aufgrund herausfordernder Lebenslagen in der Familie nicht m\u00f6glich ist. In einem famili\u00e4ren Rahmen legen wir Wert auf eine respektvolle und wertsch\u00e4tzende Atmosph\u00e4re und begleiten und unterst\u00fctzen die Kinder und Jugendlichen individuell in ihrem Alltag. Station\u00e4res [&hellip;]<\/p>\n","protected":false},"author":1,"featured_media":0,"parent":0,"menu_order":0,"comment_status":"closed","ping_status":"closed","template":"","meta":{"_acf_changed":false,"_seopress_robots_primary_cat":"","_seopress_titles_title":"","_seopress_titles_desc":"","_seopress_robots_index":"","site-sidebar-layout":"default","site-content-layout":"","ast-site-content-layout":"default","site-content-style":"default","site-sidebar-style":"default","ast-global-header-display":"","ast-banner-title-visibility":"","ast-main-header-display":"","ast-hfb-above-header-display":"","ast-hfb-below-header-display":"","ast-hfb-mobile-header-display":"","site-post-title":"","ast-breadcrumbs-content":"","ast-featured-img":"","footer-sml-layout":"","ast-disable-related-posts":"","theme-transparent-header-meta":"","adv-header-id-meta":"","stick-header-meta":"","header-above-stick-meta":"","header-main-stick-meta":"","header-below-stick-meta":"","astra-migrate-meta-layouts":"set","ast-page-background-enabled":"default","ast-page-background-meta":{"desktop":{"background-color":"var(--ast-global-color-4)","background-image":"","background-repeat":"repeat","background-position":"center center","background-size":"auto","background-attachment":"scroll","background-type":"","background-media":"","overlay-type":"","overlay-color":"","overlay-opacity":"","overlay-gradient":""},"tablet":{"background-color":"","background-image":"","background-repeat":"repeat","background-position":"center center","background-size":"auto","background-attachment":"scroll","background-type":"","background-media":"","overlay-type":"","overlay-color":"","overlay-opacity":"","overlay-gradient":""},"mobile":{"background-color":"","background-image":"","background-repeat":"repeat","background-position":"center center","background-size":"auto","background-attachment":"scroll","background-type":"","background-media":"","overlay-type":"","overlay-color":"","overlay-opacity":"","overlay-gradient":""}},"ast-content-background-meta":{"desktop":{"background-color":"var(--ast-global-color-5)","background-image":"","background-repeat":"repeat","background-position":"center center","background-size":"auto","background-attachment":"scroll","background-type":"","background-media":"","overlay-type":"","overlay-color":"","overlay-opacity":"","overlay-gradient":""},"tablet":{"background-color":"var(--ast-global-color-5)","background-image":"","background-repeat":"repeat","background-position":"center center","background-size":"auto","background-attachment":"scroll","background-type":"","background-media":"","overlay-type":"","overlay-color":"","overlay-opacity":"","overlay-gradient":""},"mobile":{"background-color":"var(--ast-global-color-5)","background-image":"","background-repeat":"repeat","background-position":"center center","background-size":"auto","background-attachment":"scroll","background-type":"","background-media":"","overlay-type":"","overlay-color":"","overlay-opacity":"","overlay-gradient":""}},"iawp_total_views":11370,"footnotes":""},"class_list":["post-89","page","type-page","status-publish"],"acf":[],"_links":{"self":[{"href":"https:\/\/www.familea.ch\/en\/wp-json\/wp\/v2\/pages\/89","targetHints":{"allow":["GET"]}}],"collection":[{"href":"https:\/\/www.familea.ch\/en\/wp-json\/wp\/v2\/pages"}],"about":[{"href":"https:\/\/www.familea.ch\/en\/wp-json\/wp\/v2\/types\/page"}],"author":[{"embeddable":true,"href":"https:\/\/www.familea.ch\/en\/wp-json\/wp\/v2\/users\/1"}],"replies":[{"embeddable":true,"href":"https:\/\/www.familea.ch\/en\/wp-json\/wp\/v2\/comments?post=89"}],"version-history":[{"count":38,"href":"https:\/\/www.familea.ch\/en\/wp-json\/wp\/v2\/pages\/89\/revisions"}],"predecessor-version":[{"id":6905,"href":"https:\/\/www.familea.ch\/en\/wp-json\/wp\/v2\/pages\/89\/revisions\/6905"}],"wp:attachment":[{"href":"https:\/\/www.familea.ch\/en\/wp-json\/wp\/v2\/media?parent=89"}],"curies":[{"name":"wp","href":"https:\/\/api.w.org\/{rel}","templated":true}]}}